{"id":112837,"date":"2026-01-04T00:00:00","date_gmt":"2026-01-03T23:00:00","guid":{"rendered":"http:\/\/gpl-love.com\/fr\/produit\/xtra-multipurpose-wordpress-theme\/"},"modified":"2026-03-20T23:52:31","modified_gmt":"2026-03-20T22:52:31","slug":"xtra-multipurpose-wordpress-theme","status":"publish","type":"product","link":"https:\/\/gpl-love.com\/fr\/produit\/xtra-multipurpose-wordpress-theme\/","title":{"rendered":"Xtra Multipurpose WordPress Theme 5.5"},"content":{"rendered":"<h3>Xtra Multipurpose WordPress Theme Traits<\/h3>\n<p>Le th\u00e8me WordPress polyvalent XTRA, un th\u00e8me remarquablement polyvalent et convivial, a \u00e9t\u00e9 m\u00e9ticuleusement con\u00e7u pour r\u00e9pondre aux diverses exigences de plusieurs entreprises et industries. Il poss\u00e8de notamment une vaste collection de dispositions et de mod\u00e8les pr\u00e9-con\u00e7us, chacun pouvant \u00eatre personnalis\u00e9 sans effort pour fa\u00e7onner un site Web distinctif et poli. De plus, ce th\u00e8me pr\u00e9sente une r\u00e9activit\u00e9 exceptionnelle et une optimisation de la vitesse, garantissant une exp\u00e9rience utilisateur sans couture et gratifiante sur un \u00e9ventail d&rsquo;appareils. En raison de ses fonctionnalit\u00e9s robustes, y compris des constructeurs de pages de glisser-d\u00e9poser, des en-t\u00eates et des pieds de page personnalisables et des options de typographie avanc\u00e9es, le th\u00e8me WordPress polyvalent XTRA permet efficacement aux individus \u00e0 fabriquer des sites Web impressionnants d\u00e9pourvus de toute expertise en programmation. De plus, il profite \u00e0 une myriade de plugins et de widgets de premier ordre, englobant notamment l&rsquo;int\u00e9gration de WooCommerce sans couture, facilitant ainsi l&rsquo;\u00e9tablissement et la gestion sans effort des magasins en ligne. En somme, le th\u00e8me WordPress polyvalent XTRA se pr\u00e9sente comme une solution in\u00e9branlable et adaptable \u00e0 tous ceux qui aspirent \u00e0 une pr\u00e9sence en ligne captivante et dynamique.<\/p>\n<ul>\n<li>Enti\u00e8rement personnalisable, avec une large gamme de sch\u00e9mas de couleurs et d&rsquo;options de disposition \u00e0 choisir<\/li>\n<li>Construit sur le puissant framework bootstrap pour un site Web de chargement rapide et adapt\u00e9 \u00e0 un mobile<\/li>\n<li>Comprend une vari\u00e9t\u00e9 de dispositions pr\u00e9-con\u00e7ues pour les blogs, les portefeuilles, les sites de commerce \u00e9lectronique, et plus<\/li>\n<li>Livr\u00e9 avec des plugins premium comme Slider Revolution et Visual Composer pour encore plus de flexibilit\u00e9 de conception<\/li>\n<li>SEO optimis\u00e9 pour un meilleur classement des moteurs de recherche et une visibilit\u00e9 accrue \u00e0 votre public cible<\/li>\n<li>Mises \u00e0 jour r\u00e9guli\u00e8res et support client d\u00e9di\u00e9 pour vous assurer que votre site Web reste \u00e0 jour et s\u00e9curis\u00e9<\/li>\n<li>Compatible avec des plugins populaires comme WooCommerce et Contact Form 7 pour ajouter des fonctionnalit\u00e9s<\/li>\n<li>Importation de d\u00e9monstration en un clic pour reproduire facilement la mise en page et la conception du site de d\u00e9monstration du th\u00e8me<\/li>\n<li>Optimis\u00e9 pour la vitesse avec la mise en cache et les options de chargement paresseux<\/li>\n<li>Pr\u00e9par\u00e9 pour la traduction avec une prise en charge compl\u00e8te pour les sites multi-langues.<\/li>\n<\/ul>\n","protected":false},"excerpt":{"rendered":"<p>Le th\u00e8me WordPress polyvalent XTRA est un th\u00e8me incroyablement polyvalent et riche en fonctionnalit\u00e9s qui poss\u00e8de un \u00e9ventail impressionnant de fonctionnalit\u00e9s, ce qui le rend adapt\u00e9 \u00e0 un large \u00e9ventail de types de sites Web. Que vous vous lanciez dans la cr\u00e9ation d&rsquo;un blog captivant, d&rsquo;un portefeuille accrocheur, d&rsquo;une boutique en ligne de pointe ou d&rsquo;un site Web d&rsquo;entreprise sophistiqu\u00e9, Xtra vous a couvert avec sa s\u00e9lection compl\u00e8te d&rsquo;outils et de ressources qui sont garantis pour vous aider \u00e0 vous aider Cr\u00e9ez un site visuellement frappant et tr\u00e8s professionnel.<\/p>\n","protected":false},"featured_media":146333,"comment_status":"open","ping_status":"open","template":"","meta":[],"product_brand":[2746],"product_cat":[1214,1212,1213],"product_tag":[1825],"class_list":{"0":"post-112837","1":"product","2":"type-product","3":"status-publish","4":"has-post-thumbnail","6":"product_brand-xtra-theme","7":"product_cat-polyvalent","8":"product_cat-themes","9":"product_cat-wordpress-themes","10":"product_tag-xtra-theme","11":"member-discount","12":"discount-restricted","14":"first","15":"instock","16":"sale","17":"downloadable","18":"virtual","19":"sold-individually","20":"purchasable","21":"product-type-simple"},"_links":{"self":[{"href":"https:\/\/gpl-love.com\/fr\/wp-json\/wp\/v2\/product\/112837","targetHints":{"allow":["GET"]}}],"collection":[{"href":"https:\/\/gpl-love.com\/fr\/wp-json\/wp\/v2\/product"}],"about":[{"href":"https:\/\/gpl-love.com\/fr\/wp-json\/wp\/v2\/types\/product"}],"replies":[{"embeddable":true,"href":"https:\/\/gpl-love.com\/fr\/wp-json\/wp\/v2\/comments?post=112837"}],"wp:featuredmedia":[{"embeddable":true,"href":"https:\/\/gpl-love.com\/fr\/wp-json\/wp\/v2\/media\/146333"}],"wp:attachment":[{"href":"https:\/\/gpl-love.com\/fr\/wp-json\/wp\/v2\/media?parent=112837"}],"wp:term":[{"taxonomy":"product_brand","embeddable":true,"href":"https:\/\/gpl-love.com\/fr\/wp-json\/wp\/v2\/product_brand?post=112837"},{"taxonomy":"product_cat","embeddable":true,"href":"https:\/\/gpl-love.com\/fr\/wp-json\/wp\/v2\/product_cat?post=112837"},{"taxonomy":"product_tag","embeddable":true,"href":"https:\/\/gpl-love.com\/fr\/wp-json\/wp\/v2\/product_tag?post=112837"}],"curies":[{"name":"wp","href":"https:\/\/api.w.org\/{rel}","templated":true}]}}