{"id":112826,"date":"2025-12-23T00:00:00","date_gmt":"2025-12-22T23:00:00","guid":{"rendered":"http:\/\/gpl-love.com\/fr\/produit\/yith-stripe-connect-for-woocommerce-premium\/"},"modified":"2026-04-18T06:32:39","modified_gmt":"2026-04-18T04:32:39","slug":"yith-stripe-connect-for-woocommerce-premium","status":"publish","type":"product","link":"https:\/\/gpl-love.com\/fr\/produit\/yith-stripe-connect-for-woocommerce-premium\/","title":{"rendered":"YITH Stripe Connect pour WooCommerce Premium 3.7.0"},"content":{"rendered":"<h3>YITH Stripe Connect pour WooCommerce Premium Traits<\/h3>\n<p>Yith Stripe Connect for WooCommerce Premium est un outil exceptionnellement robuste et formidable qui habilite et facilite les propri\u00e9taires de magasins en ligne dans leur effort pour \u00e9tablir sans effort un lien transparent entre leur magasin de paiement WooCommerce largement acclam\u00e9, estim\u00e9 et renomm\u00e9, Stripe. Ce plugin r\u00e9volutionnaire et de pointe est sp\u00e9cialement con\u00e7u et con\u00e7u pour faciliter et acc\u00e9l\u00e9rer le processus d&rsquo;\u00e9tablissement et de configuration des paiements, tout en garantissant simultan\u00e9ment la gestion et la surveillance efficaces de toutes les transactions associ\u00e9es. De plus, cette solution in\u00e9gal\u00e9e et in\u00e9gal\u00e9e englobe \u00e9galement un r\u00e9pertoire complet et \u00e9tendu d&rsquo;options et de fonctionnalit\u00e9s alternatives, offrant ainsi aux utilisateurs la capacit\u00e9 et la flexibilit\u00e9 pour administrer et g\u00e9rer sans effort les transactions d&rsquo;une mani\u00e8re qui s&rsquo;aligne sur leurs pr\u00e9f\u00e9rences individuelles et leurs exigences uniques. De la capacit\u00e9 \u00e0 partager de mani\u00e8re transparente les paiements entre les fournisseurs disparates \u00e0 l&rsquo;\u00e9tablissement de transferts automatiques et au-del\u00e0, Yith Stripe Connect for WooCommerce Premium repr\u00e9sente un outil indispensable et requise pour toute recherche individuelle de discernement pour rationaliser le processus de paiement au sein de leur magasin WooCommerce et profil Exp\u00e9rience client in\u00e9gal\u00e9e qui est destin\u00e9e \u00e0 d\u00e9passer et \u00e0 d\u00e9passer toutes les attentes.<\/p>\n<ul>\n<li>Int\u00e9gration transparente entre WooCommerce et Stripe<\/li>\n<li>Accepte toutes les principales cartes de cr\u00e9dit et de d\u00e9bit<\/li>\n<li>Prend en charge les paiements r\u00e9currents pour les abonnements<\/li>\n<li>Protection de fraude int\u00e9gr\u00e9e avec radar Stripe<\/li>\n<li>D\u00e9p\u00f4t automatique de paiements dans le compte de bande connect\u00e9<\/li>\n<li>Aper\u00e7u en temps r\u00e9el de l&rsquo;\u00e9tat de paiement et des transactions<\/li>\n<li>Gestion facile des remboursements et r\u00e9trofacturation<\/li>\n<li>Compatible avec Yith Multi Vendor et Yith Auctions pour les plugins WooCommerce<\/li>\n<li>\u00c9quipe de support d\u00e9di\u00e9e disponible pour une assistance pour la configuration et le d\u00e9pannage<\/li>\n<\/ul>\n","protected":false},"excerpt":{"rendered":"<p>Yith Stripe Connect for WooCommerce Premium, un outil incontournable pour toutes les entreprises en ligne visant \u00e0 recevoir des paiements en toute s\u00e9curit\u00e9 et rapidement via la passerelle de paiement \u00e0 rayures largement utilis\u00e9e, est jug\u00e9e absolument indispensable. Ce plugin fusionne sans effort avec votre boutique WooCommerce, permettant ainsi \u00e0 votre client\u00e8le estim\u00e9e d&rsquo;ex\u00e9cuter sans effort les paiements pour leurs commandes sans jamais avoir \u00e0 naviguer loin de votre site Web. B\u00e9n\u00e9ficiant d&rsquo;un \u00e9ventail de fonctionnalit\u00e9s sophistiqu\u00e9es, notamment des paiements divis\u00e9s, des remboursements automatis\u00e9s et du suivi des transactions en temps r\u00e9el, Yith Stripe Connect for WooCommerce Premium garantit que la t\u00e2che ardue de g\u00e9rer les paiements devient une brise absolue, compl\u00e8tement d\u00e9pourvue de facteurs de stress inutiles. Sauvegardez votre entreprise et hi\u00e9rarchisez la protection de vos clients ch\u00e9ris en acqu\u00e9rant ce plugin premium in\u00e9gal\u00e9 sans d\u00e9lai.<\/p>\n","protected":false},"featured_media":146436,"comment_status":"open","ping_status":"open","template":"","meta":[],"product_brand":[2487],"product_cat":[1182,1401,1181],"product_tag":[1437],"class_list":{"0":"post-112826","1":"product","2":"type-product","3":"status-publish","4":"has-post-thumbnail","6":"product_brand-yith","7":"product_cat-commerce-electronique-plugins","8":"product_cat-paiement-commerce-electronique-plugins","9":"product_cat-plugins","10":"product_tag-yith","11":"member-discount","12":"discount-restricted","14":"first","15":"instock","16":"sale","17":"downloadable","18":"virtual","19":"sold-individually","20":"purchasable","21":"product-type-simple"},"_links":{"self":[{"href":"https:\/\/gpl-love.com\/fr\/wp-json\/wp\/v2\/product\/112826","targetHints":{"allow":["GET"]}}],"collection":[{"href":"https:\/\/gpl-love.com\/fr\/wp-json\/wp\/v2\/product"}],"about":[{"href":"https:\/\/gpl-love.com\/fr\/wp-json\/wp\/v2\/types\/product"}],"replies":[{"embeddable":true,"href":"https:\/\/gpl-love.com\/fr\/wp-json\/wp\/v2\/comments?post=112826"}],"wp:featuredmedia":[{"embeddable":true,"href":"https:\/\/gpl-love.com\/fr\/wp-json\/wp\/v2\/media\/146436"}],"wp:attachment":[{"href":"https:\/\/gpl-love.com\/fr\/wp-json\/wp\/v2\/media?parent=112826"}],"wp:term":[{"taxonomy":"product_brand","embeddable":true,"href":"https:\/\/gpl-love.com\/fr\/wp-json\/wp\/v2\/product_brand?post=112826"},{"taxonomy":"product_cat","embeddable":true,"href":"https:\/\/gpl-love.com\/fr\/wp-json\/wp\/v2\/product_cat?post=112826"},{"taxonomy":"product_tag","embeddable":true,"href":"https:\/\/gpl-love.com\/fr\/wp-json\/wp\/v2\/product_tag?post=112826"}],"curies":[{"name":"wp","href":"https:\/\/api.w.org\/{rel}","templated":true}]}}