{"id":112818,"date":"2024-02-27T00:00:00","date_gmt":"2024-02-26T23:00:00","guid":{"rendered":"http:\/\/gpl-love.com\/fr\/produit\/yith-product-description-in-loop-for-woocommerce\/"},"modified":"2026-04-18T06:32:20","modified_gmt":"2026-04-18T04:32:20","slug":"yith-product-description-in-loop-for-woocommerce","status":"publish","type":"product","link":"https:\/\/gpl-love.com\/fr\/produit\/yith-product-description-in-loop-for-woocommerce\/","title":{"rendered":"YITH Product Description in Loop pour WooCommerce 1.4.0"},"content":{"rendered":"<h3>YITH Product Description in Loop pour WooCommerce Traits<\/h3>\n<p>La description du produit Yith dans Loop for WooCommerce est un outil indispensable con\u00e7u sp\u00e9cifiquement pour les propri\u00e9taires de magasins en ligne aspirant \u00e0 am\u00e9liorer l&rsquo;exp\u00e9rience d&rsquo;achat de leurs clients. Ce plugin remarquablement utile pr\u00e9sente ing\u00e9nieusement les descriptions des produits directement sur la page de la boutique, accordant ainsi aux clients la commodit\u00e9 de r\u00e9gler rapidement des informations cruciales concernant les produits sans la t\u00e2che ardue de cliquer individuellement sur chaque \u00e9l\u00e9ment d&rsquo;int\u00e9r\u00eat. En vertu de la description du produit Yith dans Loop for WooCommerce, les clients sont autoris\u00e9s \u00e0 prendre des d\u00e9cisions perspicaces et bien inform\u00e9es concernant leurs achats, en engageant donc des niveaux de satisfaction accrus parmi eux, et potentiellement m\u00eame amplifier les volumes de vente. De plus, ce plugin poss\u00e8de une convivialit\u00e9 remarquable, car elle est d\u00e9ployable sans effort et peut \u00eatre adapt\u00e9e sans effort pour r\u00e9pondre aux pr\u00e9f\u00e9rences et exigences uniques de tout propri\u00e9taire de magasin WooCommerce exigeant qui aspire \u00e0 optimiser les rencontres commerciales de leur client\u00e8le.<\/p>\n<ul>\n<li>Afficher les descriptions de produits personnalis\u00e9s dans la boucle de produit de votre magasin WooCommerce<\/li>\n<li>Facile \u00e0 installer et \u00e0 configurer, sans codage requis<\/li>\n<li>Choisissez les cat\u00e9gories de produits \u00e0 afficher des descriptions personnalis\u00e9es pour<\/li>\n<li>Personnalisez l&rsquo;apparence de vos descriptions de produits pour correspondre \u00e0 votre marque et \u00e0 votre style<\/li>\n<li>Augmentez les conversions en fournissant des informations plus d\u00e9taill\u00e9es sur vos produits directement dans la boucle de produit<\/li>\n<li>Gagnez du temps en \u00e9liminant la n\u00e9cessit\u00e9 de naviguer vers des pages de produits individuelles pour plus d&rsquo;informations<\/li>\n<li>Boostez le r\u00e9f\u00e9rencement en incluant des mots cl\u00e9s et des phrases cibl\u00e9s dans chaque description du produit personnalis\u00e9.<\/li>\n<\/ul>\n","protected":false},"excerpt":{"rendered":"<p>La description du produit de Yith dans Loop pour WooCommerce, un plugin tr\u00e8s robuste, vous donne la capacit\u00e9 d&rsquo;exposer des descriptions compl\u00e8tes de produits dans la boucle de votre page WooCommerce. En utilisant ce plugin de pointe, les clients peuvent acc\u00e9der sans effort et rapidement \u00e0 acc\u00e9der aux d\u00e9tails cruciaux concernant votre marchandise, le tout sans inconv\u00e9nient de naviguer vers des pages de produits individuelles. Par cons\u00e9quent, cette int\u00e9gration transparente a le potentiel de produire des chiffres de ventes amplifi\u00e9s et d&rsquo;am\u00e9liorer l&rsquo;effort holistique d&rsquo;achat de votre client\u00e8le estim\u00e9e. De plus, l&rsquo;installation et l&rsquo;utilisation de ce plugin sont remarquablement conviviales, ce qui le rend un choix id\u00e9al pour les n\u00e9ophytes et les aficionados de woocommerce assaisonn\u00e9s. Ne perdez pas de temps et vous lancez dans ce voyage remarquable aujourd&rsquo;hui, t\u00e9moignant ainsi personnellement des multiples avantages qui attendent!<\/p>\n","protected":false},"featured_media":146414,"comment_status":"open","ping_status":"open","template":"","meta":[],"product_brand":[2487],"product_cat":[1182,1223,1181],"product_tag":[1437],"class_list":{"0":"post-112818","1":"product","2":"type-product","3":"status-publish","4":"has-post-thumbnail","6":"product_brand-yith","7":"product_cat-commerce-electronique-plugins","8":"product_cat-personnalisation-commerce-electronique-plugins","9":"product_cat-plugins","10":"product_tag-yith","11":"member-discount","12":"discount-restricted","14":"first","15":"instock","16":"sale","17":"downloadable","18":"virtual","19":"sold-individually","20":"purchasable","21":"product-type-simple"},"_links":{"self":[{"href":"https:\/\/gpl-love.com\/fr\/wp-json\/wp\/v2\/product\/112818","targetHints":{"allow":["GET"]}}],"collection":[{"href":"https:\/\/gpl-love.com\/fr\/wp-json\/wp\/v2\/product"}],"about":[{"href":"https:\/\/gpl-love.com\/fr\/wp-json\/wp\/v2\/types\/product"}],"replies":[{"embeddable":true,"href":"https:\/\/gpl-love.com\/fr\/wp-json\/wp\/v2\/comments?post=112818"}],"wp:featuredmedia":[{"embeddable":true,"href":"https:\/\/gpl-love.com\/fr\/wp-json\/wp\/v2\/media\/146414"}],"wp:attachment":[{"href":"https:\/\/gpl-love.com\/fr\/wp-json\/wp\/v2\/media?parent=112818"}],"wp:term":[{"taxonomy":"product_brand","embeddable":true,"href":"https:\/\/gpl-love.com\/fr\/wp-json\/wp\/v2\/product_brand?post=112818"},{"taxonomy":"product_cat","embeddable":true,"href":"https:\/\/gpl-love.com\/fr\/wp-json\/wp\/v2\/product_cat?post=112818"},{"taxonomy":"product_tag","embeddable":true,"href":"https:\/\/gpl-love.com\/fr\/wp-json\/wp\/v2\/product_tag?post=112818"}],"curies":[{"name":"wp","href":"https:\/\/api.w.org\/{rel}","templated":true}]}}