{"id":112815,"date":"2023-06-03T00:00:00","date_gmt":"2023-06-02T22:00:00","guid":{"rendered":"http:\/\/gpl-love.com\/fr\/produit\/bimber-viral-magazine-wordpress-theme\/"},"modified":"2026-03-20T22:56:17","modified_gmt":"2026-03-20T21:56:17","slug":"bimber-viral-magazine-wordpress-theme","status":"publish","type":"product","link":"https:\/\/gpl-love.com\/fr\/produit\/bimber-viral-magazine-wordpress-theme\/","title":{"rendered":"Bimber Viral Magazine WordPress Theme 9.2.5"},"content":{"rendered":"<h3>Bimber Viral Magazine WordPress Theme Traits<\/h3>\n<p>Le th\u00e8me WordPress du magazine viral de Bimber, r\u00e9put\u00e9 pour sa puissance exceptionnelle et sa convivialit\u00e9, sert de plate-forme robuste et polyvalente, ce qui permet aux utilisateurs d&rsquo;\u00e9tablir et d&rsquo;administrer sans effort un magazine en ligne interactif et captivant. Son niveau in\u00e9gal\u00e9 de personnalisation et de r\u00e9activit\u00e9 le rend un choix id\u00e9al pour fabriquer un site Web viral et passionnant qui r\u00e9sonnera avec un vaste \u00e9ventail d&rsquo;individus. \u00c9quip\u00e9e de fonctionnalit\u00e9s de pointe telles que les boutons de partage social et les quiz viraux, le th\u00e8me WordPress du magazine viral de Bimber appara\u00eet comme une solution globale pour construire un magazine en ligne triomphant. Facilitant un processus de cr\u00e9ation et de publication de contenu transparent, son disposition intuitive et son interface de glisser-d\u00e9poser accordent aux utilisateurs la possibilit\u00e9 de cr\u00e9er et de diffuser sans effort le mat\u00e9riau de haut niveau. En outre, ses outils d&rsquo;optimisation SEO int\u00e9gr\u00e9s garantissent un classement louable des moteurs de recherche, affirmant la visibilit\u00e9 et le succ\u00e8s du site. Que vous habituiez le domaine des blogs, exercez l&rsquo;influence en tant qu&rsquo;individu de pr\u00e9sence num\u00e9rique substantielle ou assumez le r\u00f4le d&rsquo;un sp\u00e9cialiste du marketing en ligne, le th\u00e8me WordPress du magazine viral de Bimber se mat\u00e9rialise incontestablement comme un instrument indispensable pour construire une personnalit\u00e9 en ligne percutante.<\/p>\n<ul>\n<li>Design moderne et \u00e9l\u00e9gant parfait pour cr\u00e9er un site Web de magazine viral<\/li>\n<li>Disposition enti\u00e8rement r\u00e9active qui a fi\u00e8re allure sur tous les appareils<\/li>\n<li>Plusieurs dispositions de page d&rsquo;accueil au choix pour un look unique et personnalisable<\/li>\n<li>Facile \u00e0 utiliser Drag and Drop Page Builder pour une personnalisation sans effort<\/li>\n<li>Mod\u00e8les pr\u00e9-con\u00e7us pour diff\u00e9rents formats de publication, y compris les galeries, les vid\u00e9os et les listes<\/li>\n<li>Options de partage social pour le partage facile des articles sur les r\u00e9seaux sociaux<\/li>\n<li>Int\u00e9gration avec des plugins populaires comme WooCommerce pour les capacit\u00e9s de commerce \u00e9lectronique<\/li>\n<li>Syst\u00e8me de gestion de publicit\u00e9 int\u00e9gr\u00e9 pour mon\u00e9tiser votre site Web<\/li>\n<li>Documentation compl\u00e8te et \u00e9quipe de soutien d\u00e9di\u00e9e \u00e0 l&rsquo;aide en cas de besoin.<\/li>\n<\/ul>\n","protected":false},"excerpt":{"rendered":"<p>Faites en sorte que votre site Web bourdonne de Bimber, un th\u00e8me WordPress de magazine viral, sp\u00e9cifiquement con\u00e7u pour amplifier la port\u00e9e de votre contenu. Ce th\u00e8me est un choix id\u00e9al pour construire un site Web dynamique et riche en visuellement qui attire les t\u00e9l\u00e9spectateurs et les maintient engag\u00e9s. Bimber propose une multitude de fonctionnalit\u00e9s personnalisables, y compris diverses options de mise en page, des sch\u00e9mas de couleurs et des param\u00e8tres de typographie. Sa conception r\u00e9active garantit que votre site Web a fi\u00e8re allure sur tous les appareils, tandis que la structure adapt\u00e9e au r\u00e9f\u00e9rencement aide \u00e0 augmenter sa visibilit\u00e9 sur les moteurs de recherche. Avec des boutons de partage social int\u00e9gr\u00e9s et des int\u00e9grations avec des plateformes de m\u00e9dias sociaux populaires, votre contenu peut devenir viral en un rien de temps. Le th\u00e8me est \u00e9galement compatible avec WooCommerce, vous permettant de configurer une boutique en ligne avec facilit\u00e9. Bimber est convivial, ce qui fait un jeu d&rsquo;enfant pour quiconque de cr\u00e9er un site Web convaincant et professionnel sans aucune connaissance de codage. D\u00e9couvrez le pouvoir de Bimber et cr\u00e9ez une sensation virale aujourd&rsquo;hui!<\/p>\n","protected":false},"featured_media":143241,"comment_status":"open","ping_status":"open","template":"","meta":[],"product_brand":[2433],"product_cat":[1220,1212,1213],"product_tag":[1366],"class_list":{"0":"post-112815","1":"product","2":"type-product","3":"status-publish","4":"has-post-thumbnail","6":"product_brand-themeforest","7":"product_cat-blog-magazine","8":"product_cat-themes","9":"product_cat-wordpress-themes","10":"product_tag-themeforest","11":"member-discount","12":"discount-restricted","14":"first","15":"instock","16":"sale","17":"downloadable","18":"virtual","19":"sold-individually","20":"purchasable","21":"product-type-simple"},"_links":{"self":[{"href":"https:\/\/gpl-love.com\/fr\/wp-json\/wp\/v2\/product\/112815","targetHints":{"allow":["GET"]}}],"collection":[{"href":"https:\/\/gpl-love.com\/fr\/wp-json\/wp\/v2\/product"}],"about":[{"href":"https:\/\/gpl-love.com\/fr\/wp-json\/wp\/v2\/types\/product"}],"replies":[{"embeddable":true,"href":"https:\/\/gpl-love.com\/fr\/wp-json\/wp\/v2\/comments?post=112815"}],"wp:featuredmedia":[{"embeddable":true,"href":"https:\/\/gpl-love.com\/fr\/wp-json\/wp\/v2\/media\/143241"}],"wp:attachment":[{"href":"https:\/\/gpl-love.com\/fr\/wp-json\/wp\/v2\/media?parent=112815"}],"wp:term":[{"taxonomy":"product_brand","embeddable":true,"href":"https:\/\/gpl-love.com\/fr\/wp-json\/wp\/v2\/product_brand?post=112815"},{"taxonomy":"product_cat","embeddable":true,"href":"https:\/\/gpl-love.com\/fr\/wp-json\/wp\/v2\/product_cat?post=112815"},{"taxonomy":"product_tag","embeddable":true,"href":"https:\/\/gpl-love.com\/fr\/wp-json\/wp\/v2\/product_tag?post=112815"}],"curies":[{"name":"wp","href":"https:\/\/api.w.org\/{rel}","templated":true}]}}