{"id":112813,"date":"2025-12-23T00:00:00","date_gmt":"2025-12-22T23:00:00","guid":{"rendered":"http:\/\/gpl-love.com\/fr\/produit\/woocommerce-variation-swatches-and-photos\/"},"modified":"2026-03-20T23:48:22","modified_gmt":"2026-03-20T22:48:22","slug":"woocommerce-variation-swatches-and-photos","status":"publish","type":"product","link":"https:\/\/gpl-love.com\/fr\/produit\/woocommerce-variation-swatches-and-photos\/","title":{"rendered":"WooCommerce Variation Swatches et Photos 3.1.14"},"content":{"rendered":"<h3>WooCommerce Variation Swatches et Photos Traits<\/h3>\n<p>Les \u00e9chantillons et photos de variation WooCommerce sont un plugin exceptionnellement puissant qui am\u00e9liore consid\u00e9rablement la fonctionnalit\u00e9 et l&rsquo;attrait esth\u00e9tique de votre boutique en ligne. Ce plugin vous offre la capacit\u00e9 transparente \u00e0 cr\u00e9er sans effort des \u00e9chantillons et des photos incroyablement beaux qui correspondent sans effort \u00e0 vos variations de produit. Par cons\u00e9quent, cela facilite une exp\u00e9rience incroyablement pratique et conviviale pour vos clients estim\u00e9s, car il simplifie consid\u00e9rablement le processus de navigation et leur permet de s\u00e9lectionner sans effort les options exactes qui s&rsquo;alignent avec leurs pr\u00e9f\u00e9rences et leurs d\u00e9sirs. De plus, ce plugin propose une gamme diversifi\u00e9e d&rsquo;options de personnalisation qui vous offrent la possibilit\u00e9 de g\u00e9rer m\u00e9ticuleusement la taille, le style et la couleur de vos \u00e9chantillons et photos, garantissant ainsi qu&rsquo;ils s&rsquo;alignent parfaitement sur votre marque et votre vision esth\u00e9tique globale. De plus, ce plugin exceptionnel vous permet \u00e9galement de compl\u00e9ter les descriptions et les informations de vos produits avec des infractions perspicaces et informatives qui apparaissent lorsque les utilisateurs planent sur des \u00e9l\u00e9ments sp\u00e9cifiques. Par cons\u00e9quent, cela vous permet de transmettre des d\u00e9tails et des sp\u00e9cifications importants sur vos produits de mani\u00e8re tr\u00e8s engageante et interactive, augmentant ainsi potentiellement la satisfaction des clients et favoriser la confiance dans votre marque. Pour r\u00e9sumer, les \u00e9chantillons et les photos de variation WooCommerce sont sans \u00e9quivoque un outil indispensable et inestimable pour toute entreprise de commerce \u00e9lectronique exigeante qui aspire \u00e0 optimiser et \u00e0 \u00e9lever leur exp\u00e9rience utilisateur, dans l&rsquo;objectif ultime d&rsquo;atteindre des ventes et une g\u00e9n\u00e9ration de revenus am\u00e9lior\u00e9es.<\/p>\n<ul>\n<li>-Les principales pour les variations de produit visuellement attrayantes et organis\u00e9es affichage<\/li>\n<li>&#8211; Offres Offices de personnalisation pour les tailles et les styles d&rsquo;\u00e9chantillons<\/li>\n<li>-Encable les clients pour s\u00e9lectionner rapidement leur variation de produit pr\u00e9f\u00e9r\u00e9e par la s\u00e9lection de Swatch<\/li>\n<li>-Ent\u00e9 int\u00e9gr\u00e9 avec pages de produits WooCommerce<\/li>\n<li>-Pescorme la prise en charge multi-langues de l&rsquo;accessibilit\u00e9 mondiale<\/li>\n<li>-Facilite une meilleure exp\u00e9rience utilisateur et une augmentation du potentiel de vente<\/li>\n<li>-Maximise les revenus potentiels en tirant parti des aspects visuels de l&rsquo;affichage des produits<\/li>\n<\/ul>\n","protected":false},"excerpt":{"rendered":"<p>Le plugin d&rsquo;\u00e9chantillons et de photos de variation WooCommerce est con\u00e7u pour augmenter la fonctionnalit\u00e9 de votre magasin WooCommerce en int\u00e9grant de mani\u00e8re transparente les \u00e9chantillons de couleur et d&rsquo;image dans les variations de produit. Cette fonctionnalit\u00e9 ing\u00e9nieuse permet aux clients de parcourir sans effort et de choisir parmi un \u00e9ventail d&rsquo;options diverses avant de finaliser leur achat. Ce qui distingue ce plugin, c&rsquo;est sa capacit\u00e9 \u00e0 pr\u00e9senter votre marchandise de mani\u00e8re esth\u00e9tique, \u00e9levant ainsi l&rsquo;exp\u00e9rience utilisateur pour votre client\u00e8le. De plus, ce plugin poss\u00e8de une interface conviviale qui permet une navigation transparente et peut \u00eatre adapt\u00e9e pour s&rsquo;aligner parfaitement avec vos pr\u00e9f\u00e9rences uniques de marque et de conception.<\/p>\n","protected":false},"featured_media":146062,"comment_status":"open","ping_status":"open","template":"","meta":[],"product_brand":[2440],"product_cat":[1182,1223,1181],"product_tag":[1398],"class_list":{"0":"post-112813","1":"product","2":"type-product","3":"status-publish","4":"has-post-thumbnail","6":"product_brand-woocommerce","7":"product_cat-commerce-electronique-plugins","8":"product_cat-personnalisation-commerce-electronique-plugins","9":"product_cat-plugins","10":"product_tag-woocommerce","11":"member-discount","12":"discount-restricted","14":"first","15":"instock","16":"sale","17":"downloadable","18":"virtual","19":"sold-individually","20":"purchasable","21":"product-type-simple"},"_links":{"self":[{"href":"https:\/\/gpl-love.com\/fr\/wp-json\/wp\/v2\/product\/112813","targetHints":{"allow":["GET"]}}],"collection":[{"href":"https:\/\/gpl-love.com\/fr\/wp-json\/wp\/v2\/product"}],"about":[{"href":"https:\/\/gpl-love.com\/fr\/wp-json\/wp\/v2\/types\/product"}],"replies":[{"embeddable":true,"href":"https:\/\/gpl-love.com\/fr\/wp-json\/wp\/v2\/comments?post=112813"}],"wp:featuredmedia":[{"embeddable":true,"href":"https:\/\/gpl-love.com\/fr\/wp-json\/wp\/v2\/media\/146062"}],"wp:attachment":[{"href":"https:\/\/gpl-love.com\/fr\/wp-json\/wp\/v2\/media?parent=112813"}],"wp:term":[{"taxonomy":"product_brand","embeddable":true,"href":"https:\/\/gpl-love.com\/fr\/wp-json\/wp\/v2\/product_brand?post=112813"},{"taxonomy":"product_cat","embeddable":true,"href":"https:\/\/gpl-love.com\/fr\/wp-json\/wp\/v2\/product_cat?post=112813"},{"taxonomy":"product_tag","embeddable":true,"href":"https:\/\/gpl-love.com\/fr\/wp-json\/wp\/v2\/product_tag?post=112813"}],"curies":[{"name":"wp","href":"https:\/\/api.w.org\/{rel}","templated":true}]}}