{"id":112811,"date":"2025-12-29T00:00:00","date_gmt":"2025-12-28T23:00:00","guid":{"rendered":"http:\/\/gpl-love.com\/fr\/produit\/universal-video-player-wordpress-plugin\/"},"modified":"2026-03-20T23:42:08","modified_gmt":"2026-03-20T22:42:08","slug":"universal-video-player-wordpress-plugin","status":"publish","type":"product","link":"https:\/\/gpl-love.com\/fr\/produit\/universal-video-player-wordpress-plugin\/","title":{"rendered":"Universal Video Player WordPress Plugin 3.8.6"},"content":{"rendered":"<h3>Universal Video Player WordPress Plugin Traits<\/h3>\n<p>Le plugin Universal Video Player WordPress, un outil remarquablement puissant, offre aux utilisateurs la commodit\u00e9 d&rsquo;int\u00e9grer de mani\u00e8re transparente le contenu vid\u00e9o dans leurs sites Web WordPress. Ce plugin a \u00e9t\u00e9 habilement con\u00e7u pour soutenir une pl\u00e9thore de formats vid\u00e9o, garantissant ainsi que les utilisateurs peuvent t\u00e9l\u00e9charger et pr\u00e9senter sans effort leurs vid\u00e9os sans rencontrer de probl\u00e8mes de compatibilit\u00e9 g\u00eanants. De plus, un \u00e9ventail d&rsquo;options de personnalisation a \u00e9t\u00e9 ing\u00e9nieusement incorpor\u00e9 dans le plugin, permettant ainsi aux utilisateurs d&rsquo;adapter l&rsquo;apparence et la fonctionnalit\u00e9 de leur lecteur vid\u00e9o conform\u00e9ment \u00e0 leurs exigences distinctes. B\u00e9n\u00e9ficiant d&rsquo;un \u00e9ventail impressionnant de fonctionnalit\u00e9s, y compris des fonctionnalit\u00e9s de jeu automatique, des capacit\u00e9s de conception r\u00e9actives et la possibilit\u00e9 de cr\u00e9er des listes de lecture vid\u00e9o, le plugin Universal Video Player WordPress est ind\u00e9niablement un atout indispensable pour les personnes cherchant \u00e0 augmenter leur site Web WordPress avec du contenu vid\u00e9o de haut niveau de niveau de niveau de niveau sup\u00e9rieur .<\/p>\n<ul>\n<li>Permet aux utilisateurs d&rsquo;ajouter facilement du contenu vid\u00e9o \u00e0 leur site Web WordPress<\/li>\n<li>Prend en charge une grande vari\u00e9t\u00e9 de formats vid\u00e9o, notamment MP4, AVI et WMV<\/li>\n<li>Int\u00e9gration transparente avec la plate-forme WordPress<\/li>\n<li>Options de lecteur vid\u00e9o personnalisable telles que la lecture automatique, le contr\u00f4le du volume et le plein \u00e9cran<\/li>\n<li>Conception r\u00e9active pour une visualisation optimale sur tous les appareils<\/li>\n<li>Plusieurs options d&rsquo;h\u00e9bergement vid\u00e9o, y compris les vid\u00e9os YouTube, Vimeo et Hosted<\/li>\n<li>Options de r\u00e9f\u00e9rencement vid\u00e9o am\u00e9lior\u00e9es pour une meilleure visibilit\u00e9 du moteur de recherche<\/li>\n<li>Advanced Analytics Tracking pour suivre les vues vid\u00e9o et l&rsquo;engagement<\/li>\n<li>Documentation compl\u00e8te et support client pour une installation et une utilisation faciles<\/li>\n<li>Mises \u00e0 jour logicielles r\u00e9guli\u00e8res pour assurer la compatibilit\u00e9 avec les nouvelles versions WordPress et les formats vid\u00e9o.<\/li>\n<\/ul>\n","protected":false},"excerpt":{"rendered":"<p>Le plugin Universal Video Player WordPress se pr\u00e9sente comme un rem\u00e8de impeccable pour pr\u00e9senter des vid\u00e9os sur votre site Web, avec sa compatibilit\u00e9 avec divers formats vid\u00e9o et sa conception de lecteur adaptable poli, garantissant ainsi des exp\u00e9riences visuelles et fonctionnelles impeccables pour chaque vid\u00e9o affich\u00e9e sur votre site. En outre, le plugin est fier de son installation sans effort et de son interface conviviale &#8211; un processus transparent de t\u00e9l\u00e9chargement de vos vid\u00e9os et d&rsquo;int\u00e9gration du code du joueur dans n&rsquo;importe quelle page ou publication souhait\u00e9e. Ne perdez pas de temps \u00e0 captiver votre public avec du contenu vid\u00e9o de haut niveau commen\u00e7ant ce jour m\u00eame!<\/p>\n","protected":false},"featured_media":145660,"comment_status":"open","ping_status":"open","template":"","meta":[],"product_brand":[2435],"product_cat":[1189,1181,1186],"product_tag":[1231],"class_list":{"0":"post-112811","1":"product","2":"type-product","3":"status-publish","4":"has-post-thumbnail","6":"product_brand-codecanyon","7":"product_cat-personnalisation","8":"product_cat-plugins","9":"product_cat-wordpress-plugins","10":"product_tag-codecanyon","11":"member-discount","12":"discount-restricted","14":"first","15":"instock","16":"sale","17":"downloadable","18":"virtual","19":"sold-individually","20":"purchasable","21":"product-type-simple"},"_links":{"self":[{"href":"https:\/\/gpl-love.com\/fr\/wp-json\/wp\/v2\/product\/112811","targetHints":{"allow":["GET"]}}],"collection":[{"href":"https:\/\/gpl-love.com\/fr\/wp-json\/wp\/v2\/product"}],"about":[{"href":"https:\/\/gpl-love.com\/fr\/wp-json\/wp\/v2\/types\/product"}],"replies":[{"embeddable":true,"href":"https:\/\/gpl-love.com\/fr\/wp-json\/wp\/v2\/comments?post=112811"}],"wp:featuredmedia":[{"embeddable":true,"href":"https:\/\/gpl-love.com\/fr\/wp-json\/wp\/v2\/media\/145660"}],"wp:attachment":[{"href":"https:\/\/gpl-love.com\/fr\/wp-json\/wp\/v2\/media?parent=112811"}],"wp:term":[{"taxonomy":"product_brand","embeddable":true,"href":"https:\/\/gpl-love.com\/fr\/wp-json\/wp\/v2\/product_brand?post=112811"},{"taxonomy":"product_cat","embeddable":true,"href":"https:\/\/gpl-love.com\/fr\/wp-json\/wp\/v2\/product_cat?post=112811"},{"taxonomy":"product_tag","embeddable":true,"href":"https:\/\/gpl-love.com\/fr\/wp-json\/wp\/v2\/product_tag?post=112811"}],"curies":[{"name":"wp","href":"https:\/\/api.w.org\/{rel}","templated":true}]}}