{"id":112809,"date":"2025-06-24T00:00:00","date_gmt":"2025-06-23T22:00:00","guid":{"rendered":"http:\/\/gpl-love.com\/fr\/produit\/whatsapp-chat-wordpress\/"},"modified":"2026-04-10T18:45:32","modified_gmt":"2026-04-10T16:45:32","slug":"whatsapp-chat-wordpress","status":"publish","type":"product","link":"https:\/\/gpl-love.com\/fr\/produit\/whatsapp-chat-wordpress\/","title":{"rendered":"WhatsApp Chat WordPress 3.7.3"},"content":{"rendered":"<h3>WhatsApp Chat WordPress Traits<\/h3>\n<p>WhatsApp Chat WordPress est un plugin remarquablement robuste et dynamique, facilitant habilement l&rsquo;int\u00e9gration transparente de la fonctionnalit\u00e9 de chat WhatsApp dans les sites WordPress. Gr\u00e2ce \u00e0 l&rsquo;utilisation de ce plugin, les propri\u00e9taires de sites Web peuvent \u00e9tablir sans effort une ligne de communication directe entre eux et leurs visiteurs estim\u00e9s, ainsi que leurs \u00e9quipes de support client estim\u00e9es, augmentant par cons\u00e9quent l&rsquo;exp\u00e9rience utilisateur globale de mani\u00e8re in\u00e9gal\u00e9e. De plus, ce plugin pr\u00e9sente un degr\u00e9 de configurabilit\u00e9 extraordinairement \u00e9lev\u00e9, offrant aux utilisateurs la possibilit\u00e9 d&rsquo;adapter l&rsquo;esth\u00e9tique visuelle et les tendances op\u00e9rationnelles de la fen\u00eatre de chat \u00e0 s&rsquo;aligner sans \u00e9quivoque sur la conception unique et les conditions idiosyncratiques de leurs sites Web individuels. Avec l&rsquo;assistance inestimable de WhatsApp Chat WordPress, les propri\u00e9taires de sites Web peuvent amplifier incontestablement l&rsquo;engagement et renforcer les conversions en fournissant des moyens de communication exp\u00e9dintes, conviviales et conviviales et commod\u00e9ment accessibles pour leurs visiteurs tr\u00e8s appr\u00e9ci\u00e9s.<\/p>\n<ul>\n<li>Int\u00e8gre WhatsApp Chat de mani\u00e8re transparente sur votre site Web WordPress<\/li>\n<li>Permet aux visiteurs de discuter avec vous directement via WhatsApp<\/li>\n<li>Processus d&rsquo;installation simple, aucun codage requis<\/li>\n<li>Conception de bouton de chat personnalisable pour correspondre au th\u00e8me de votre site Web<\/li>\n<li>Prend en charge plusieurs num\u00e9ros WhatsApp, parfaits pour les entreprises avec plusieurs d\u00e9partements<\/li>\n<li>La r\u00e9activit\u00e9 mobile assure une exp\u00e9rience de chat en douceur sur tous les appareils<\/li>\n<li>Analyse d\u00e9taill\u00e9e pour suivre les performances du chat et le comportement des visiteurs<\/li>\n<li>Notifications instantan\u00e9es pour les nouveaux messages via WhatsApp<\/li>\n<li>Enregistre des histoires de chat pour une r\u00e9f\u00e9rence et une analyse futures<\/li>\n<li>Compatible avec tous les th\u00e8mes et plugins WordPress.<\/li>\n<\/ul>\n","protected":false},"excerpt":{"rendered":"<p>Si vous \u00eates une entreprise dans la recherche de moyens d&rsquo;am\u00e9liorer votre support client et votre engagement, le plugin WhatsApp Chat WordPress est une excellente solution. Il offre la capacit\u00e9 d&rsquo;int\u00e9grer de mani\u00e8re transparente un widget de chat WhatsApp dans votre site Web WordPress, facilitant ainsi la communication en temps r\u00e9el avec les visiteurs via WhatsApp. Le processus d&rsquo;installation et de personnalisation de ce plugin est simple, et il est compatible avec tous les appareils, assurant une exp\u00e9rience utilisateur fluide. En tirant parti de ce plugin, vous pouvez vous connecter sans effort avec vos clients, en r\u00e9pondant rapidement \u00e0 leurs demandes et en offrant l&rsquo;aide dont ils ont besoin. \u00c9levez votre support client vers de nouveaux sommets en incorporant le plugin WhatsApp Chat WordPress dans votre tableau de bord WordPress.<\/p>\n","protected":false},"featured_media":145756,"comment_status":"open","ping_status":"open","template":"","meta":[],"product_brand":[2435],"product_cat":[1207,1181,1186],"product_tag":[1231],"class_list":{"0":"post-112809","1":"product","2":"type-product","3":"status-publish","4":"has-post-thumbnail","6":"product_brand-codecanyon","7":"product_cat-commercialisation-wordpress-plugins","8":"product_cat-plugins","9":"product_cat-wordpress-plugins","10":"product_tag-codecanyon","11":"member-discount","12":"discount-restricted","14":"first","15":"instock","16":"sale","17":"downloadable","18":"virtual","19":"sold-individually","20":"purchasable","21":"product-type-simple"},"_links":{"self":[{"href":"https:\/\/gpl-love.com\/fr\/wp-json\/wp\/v2\/product\/112809","targetHints":{"allow":["GET"]}}],"collection":[{"href":"https:\/\/gpl-love.com\/fr\/wp-json\/wp\/v2\/product"}],"about":[{"href":"https:\/\/gpl-love.com\/fr\/wp-json\/wp\/v2\/types\/product"}],"replies":[{"embeddable":true,"href":"https:\/\/gpl-love.com\/fr\/wp-json\/wp\/v2\/comments?post=112809"}],"wp:featuredmedia":[{"embeddable":true,"href":"https:\/\/gpl-love.com\/fr\/wp-json\/wp\/v2\/media\/145756"}],"wp:attachment":[{"href":"https:\/\/gpl-love.com\/fr\/wp-json\/wp\/v2\/media?parent=112809"}],"wp:term":[{"taxonomy":"product_brand","embeddable":true,"href":"https:\/\/gpl-love.com\/fr\/wp-json\/wp\/v2\/product_brand?post=112809"},{"taxonomy":"product_cat","embeddable":true,"href":"https:\/\/gpl-love.com\/fr\/wp-json\/wp\/v2\/product_cat?post=112809"},{"taxonomy":"product_tag","embeddable":true,"href":"https:\/\/gpl-love.com\/fr\/wp-json\/wp\/v2\/product_tag?post=112809"}],"curies":[{"name":"wp","href":"https:\/\/api.w.org\/{rel}","templated":true}]}}