{"id":112807,"date":"2026-01-28T00:00:00","date_gmt":"2026-01-27T23:00:00","guid":{"rendered":"http:\/\/gpl-love.com\/fr\/produit\/search-and-filter-pro-advanced-filtering-for-wordpress\/"},"modified":"2026-04-10T18:38:44","modified_gmt":"2026-04-10T16:38:44","slug":"search-and-filter-pro-advanced-filtering-for-wordpress","status":"publish","type":"product","link":"https:\/\/gpl-love.com\/fr\/produit\/search-and-filter-pro-advanced-filtering-for-wordpress\/","title":{"rendered":"Search et Filter Pro Advanced Filtering pour WordPress 3.2.2"},"content":{"rendered":"<h3>Search et Filter Pro Advanced Filtering pour WordPress Traits<\/h3>\n<p>Le plugin Recherche et Filter Pro Advanced Filtring for WordPress est un outil incroyablement remarquable qui \u00e9tend consid\u00e9rablement les capacit\u00e9s de filtrage de votre site Web. En utilisant ce plugin, vous pouvez personnaliser soigneusement votre barre de recherche et vos options de filtre pour s&rsquo;aligner parfaitement avec vos exigences sp\u00e9cifiques et uniques. Ce plugin offre une exp\u00e9rience de recherche et de filtrage in\u00e9gal\u00e9e qui permet aux utilisateurs de d\u00e9couvrir rapidement et sans effort les informations pr\u00e9cises qu&rsquo;ils recherchent. Le filtrage avanc\u00e9 de recherche et filtre Pro pour WordPress est particuli\u00e8rement id\u00e9al pour les sites Web qui g\u00e8rent des volumes substantiels de donn\u00e9es, car il simplifie consid\u00e9rablement le processus d&rsquo;utilisateurs localisant les informations souhait\u00e9es. Il s&rsquo;agit d&rsquo;un outil extr\u00eamement puissant et tr\u00e8s efficace qui am\u00e9liore consid\u00e9rablement l&rsquo;exp\u00e9rience utilisateur globale de votre site Web, ce qui entra\u00eene une augmentation notable du trafic du site Web, de l&rsquo;engagement des utilisateurs et des performances globales des ventes.<\/p>\n<ul>\n<li>Capacit\u00e9s de filtrage avanc\u00e9 compl\u00e8tes pour les sites Web WordPress<\/li>\n<li>Recherchez et filtrer facilement les publications, les pages, les produits et les types de messages personnalis\u00e9s<\/li>\n<li>Offre plusieurs types de filtres, notamment du texte, des d\u00e9parts, des cases \u00e0 cocher et des curseurs de gamme<\/li>\n<li>Configuration du filtre flexible permettant des taxonomies et des champs personnalis\u00e9s<\/li>\n<li>Interface conviviale avec les r\u00e9sultats du filtrage en direct<\/li>\n<li>Prend en charge le filtrage de l&rsquo;Ajax et de la rafra\u00eechissement de la page<\/li>\n<li>Fonctionne avec n&rsquo;importe quel th\u00e8me WordPress et s&rsquo;int\u00e8gre parfaitement aux constructeurs de pages populaires<\/li>\n<li>Compatible avec les plugins WordPress populaires, y compris WooCommerce et les t\u00e9l\u00e9chargements num\u00e9riques faciles<\/li>\n<li>Fournit une documentation d\u00e9taill\u00e9e et un soutien d\u00e9di\u00e9 de l&rsquo;\u00e9quipe de d\u00e9veloppement<\/li>\n<li>Am\u00e9liore l&rsquo;exp\u00e9rience utilisateur et am\u00e9liore la navigation du site Web en facilitant la recherche du contenu souhait\u00e9.<\/li>\n<\/ul>\n","protected":false},"excerpt":{"rendered":"<p>Rechercher et Filter Pro est un plugin de filtrage tr\u00e8s sophistiqu\u00e9 et de pointe qui a \u00e9t\u00e9 m\u00e9ticuleusement con\u00e7u dans le seul but de r\u00e9pondre aux besoins des utilisateurs de WordPress. B\u00e9n\u00e9ficiant de prouesses remarquables en termes de capacit\u00e9s de filtrage, ce plugin vous permet de passer sans effort sans effort passer et affiner la vaste \u00e9tendue de contenu qui r\u00e9side sur votre site Web. La gamme de fonctionnalit\u00e9s offerte par ce plugin remarquable est vraiment stup\u00e9fiante, englobant tout, de la possibilit\u00e9 de personnaliser les filtres \u00e0 la fourniture de r\u00e9sultats en temps r\u00e9el et une int\u00e9gration transparente avec votre site existant. Peu importe que vous soyez un blogueur passionn\u00e9, un propri\u00e9taire d&rsquo;entreprise dynamique ou simplement une personne cherchant \u00e0 augmenter la fonctionnalit\u00e9 de votre site WordPress, soyez assur\u00e9 que la recherche et le filtre Pro repr\u00e9sentent la solution ultime pour toutes vos exigences de filtrage de contenu avanc\u00e9. Ne perdez pas de temps \u00e0 l&rsquo;essayer aujourd&rsquo;hui, et t\u00e9moigne de premi\u00e8re main \u00e0 quel point il peut am\u00e9liorer la navigation globale et l&rsquo;exp\u00e9rience utilisateur de votre site estim\u00e9!<\/p>\n","protected":false},"featured_media":145172,"comment_status":"open","ping_status":"open","template":"","meta":[],"product_brand":[2648],"product_cat":[1189,1181,1186],"product_tag":[1823],"class_list":{"0":"post-112807","1":"product","2":"type-product","3":"status-publish","4":"has-post-thumbnail","6":"product_brand-search-and-filter-pro","7":"product_cat-personnalisation","8":"product_cat-plugins","9":"product_cat-wordpress-plugins","10":"product_tag-search-and-filter-pro","11":"member-discount","12":"discount-restricted","14":"first","15":"instock","16":"sale","17":"downloadable","18":"virtual","19":"sold-individually","20":"purchasable","21":"product-type-simple"},"_links":{"self":[{"href":"https:\/\/gpl-love.com\/fr\/wp-json\/wp\/v2\/product\/112807","targetHints":{"allow":["GET"]}}],"collection":[{"href":"https:\/\/gpl-love.com\/fr\/wp-json\/wp\/v2\/product"}],"about":[{"href":"https:\/\/gpl-love.com\/fr\/wp-json\/wp\/v2\/types\/product"}],"replies":[{"embeddable":true,"href":"https:\/\/gpl-love.com\/fr\/wp-json\/wp\/v2\/comments?post=112807"}],"wp:featuredmedia":[{"embeddable":true,"href":"https:\/\/gpl-love.com\/fr\/wp-json\/wp\/v2\/media\/145172"}],"wp:attachment":[{"href":"https:\/\/gpl-love.com\/fr\/wp-json\/wp\/v2\/media?parent=112807"}],"wp:term":[{"taxonomy":"product_brand","embeddable":true,"href":"https:\/\/gpl-love.com\/fr\/wp-json\/wp\/v2\/product_brand?post=112807"},{"taxonomy":"product_cat","embeddable":true,"href":"https:\/\/gpl-love.com\/fr\/wp-json\/wp\/v2\/product_cat?post=112807"},{"taxonomy":"product_tag","embeddable":true,"href":"https:\/\/gpl-love.com\/fr\/wp-json\/wp\/v2\/product_tag?post=112807"}],"curies":[{"name":"wp","href":"https:\/\/api.w.org\/{rel}","templated":true}]}}