{"id":112805,"date":"2021-03-16T00:00:00","date_gmt":"2021-03-15T23:00:00","guid":{"rendered":"http:\/\/gpl-love.com\/fr\/produit\/elab-multi-vendor-marketplace-wordpress-theme\/"},"modified":"2026-03-20T23:03:06","modified_gmt":"2026-03-20T22:03:06","slug":"elab-multi-vendor-marketplace-wordpress-theme","status":"publish","type":"product","link":"https:\/\/gpl-love.com\/fr\/produit\/elab-multi-vendor-marketplace-wordpress-theme\/","title":{"rendered":"eLab Multi Vendor Marketplace WordPress Theme 1.2.3"},"content":{"rendered":"<h3>eLab Multi Vendor Marketplace WordPress Theme Traits<\/h3>\n<p>Le th\u00e8me WordPress ELLAB Multi Vendor Marketplace, avec ses capacit\u00e9s puissants, sert d&rsquo;outil pr\u00e9cieux pour les personnes cherchant \u00e0 \u00e9tablir leur propre march\u00e9 en ligne sans effort. B\u00e9n\u00e9ficiant d&rsquo;une interface conviviale, ce th\u00e8me englobe une vaste gamme de fonctionnalit\u00e9s qui permettent aux fournisseurs de pouvoir de montrer et de fournir efficacement leurs produits. Parmi les attributs notables de ce th\u00e8me figurent sa fourniture de passerelles de paiement multiples, la possibilit\u00e9 pour les clients de \u00e9valuer et de revoir les produits, la disponibilit\u00e9 d&rsquo;options d&rsquo;exp\u00e9dition personnalis\u00e9es et un processus de paiement simplifi\u00e9. De plus, ce th\u00e8me donne aux utilisateurs la libert\u00e9 de personnaliser leur march\u00e9 en fonction de leurs exigences uniques, gr\u00e2ce aux options de personnalisation de vastes \u00e9tendus qu&rsquo;il offre. Avec son adaptabilit\u00e9 \u00e0 diff\u00e9rents appareils et son r\u00e9pertoire in\u00e9branlable des fonctionnalit\u00e9s, le th\u00e8me WordPress du march\u00e9 ELAB Multi Vendor appara\u00eet comme la solution ultime pour tous ceux qui cherchent \u00e0 \u00e9tablir un march\u00e9 en ligne lucratif.<\/p>\n<ul>\n<li>Conception personnalisable et conviviale pour la cr\u00e9ation d&rsquo;un march\u00e9 multi-vendeurs<\/li>\n<li>Installation facile et configuration du th\u00e8me<\/li>\n<li>Prend en charge plusieurs passerelles de paiement pour des transactions s\u00e9curis\u00e9es et sans tracas<\/li>\n<li>Comprend des options de recherche et de filtre avanc\u00e9es pour trouver rapidement des produits<\/li>\n<li>Syst\u00e8me d&rsquo;examen et de notation int\u00e9gr\u00e9 pour les produits, assurer la transparence des acheteurs<\/li>\n<li>Conception r\u00e9active et conviviale pour la navigation transparente sur n&rsquo;importe quel appareil<\/li>\n<li>Comprend divers types de produits tels que les produits physiques, num\u00e9riques et de services<\/li>\n<li>Fournit divers outils de gestion des fournisseurs, y compris les param\u00e8tres de commission et les options de paiement<\/li>\n<li>Panneau d&rsquo;administration flexible et puissant pour g\u00e9rer efficacement le march\u00e9<\/li>\n<li>Prend en charge plusieurs langues et devises pour l&rsquo;accessibilit\u00e9 mondiale<\/li>\n<\/ul>\n","protected":false},"excerpt":{"rendered":"<p>Nous sommes ravis de vous pr\u00e9senter le th\u00e8me WordPress du march\u00e9 multi-fournisseur ELAB, une solution compl\u00e8te pour \u00e9tablir un march\u00e9 en ligne r\u00e9silient qui facilite de nombreux fournisseurs dans la vente de leurs produits dans une seule plate-forme. En vertu de son interface conviviale et de sa conception personnalisable, ce th\u00e8me vous accorde la capacit\u00e9 de construire une communaut\u00e9 de commerce \u00e9lectronique florissante, dans laquelle les acheteurs et les vendeurs peuvent se connecter sans effort et engager des transactions. Que vous vous lanciez dans le lancement d&rsquo;un march\u00e9 sp\u00e9cialis\u00e9, d&rsquo;une plate-forme mondiale de commerce \u00e9lectronique ou d&rsquo;un march\u00e9 localis\u00e9, ELAB englobe toutes les fonctionnalit\u00e9s essentielles n\u00e9cessaires pour initier votre entreprise. Par cons\u00e9quent, pourquoi retarder davantage? Am\u00e9liorez les performances de votre march\u00e9 en ligne aujourd&rsquo;hui en mettant en \u0153uvre le th\u00e8me WordPress du march\u00e9 multi-fournisseur ELAB et assistez \u00e0 la croissance remarquable de votre entreprise!<\/p>\n","protected":false},"featured_media":143688,"comment_status":"open","ping_status":"open","template":"","meta":[],"product_brand":[2433],"product_cat":[1238,1851,1212],"product_tag":[1366],"class_list":{"0":"post-112805","1":"product","2":"type-product","3":"status-publish","4":"has-post-thumbnail","6":"product_brand-themeforest","7":"product_cat-commerce-electronique-themes","8":"product_cat-entreprise-commerce-electronique-themes","9":"product_cat-themes","10":"product_tag-themeforest","11":"member-discount","12":"discount-restricted","14":"first","15":"instock","16":"sale","17":"downloadable","18":"virtual","19":"sold-individually","20":"purchasable","21":"product-type-simple"},"_links":{"self":[{"href":"https:\/\/gpl-love.com\/fr\/wp-json\/wp\/v2\/product\/112805","targetHints":{"allow":["GET"]}}],"collection":[{"href":"https:\/\/gpl-love.com\/fr\/wp-json\/wp\/v2\/product"}],"about":[{"href":"https:\/\/gpl-love.com\/fr\/wp-json\/wp\/v2\/types\/product"}],"replies":[{"embeddable":true,"href":"https:\/\/gpl-love.com\/fr\/wp-json\/wp\/v2\/comments?post=112805"}],"wp:featuredmedia":[{"embeddable":true,"href":"https:\/\/gpl-love.com\/fr\/wp-json\/wp\/v2\/media\/143688"}],"wp:attachment":[{"href":"https:\/\/gpl-love.com\/fr\/wp-json\/wp\/v2\/media?parent=112805"}],"wp:term":[{"taxonomy":"product_brand","embeddable":true,"href":"https:\/\/gpl-love.com\/fr\/wp-json\/wp\/v2\/product_brand?post=112805"},{"taxonomy":"product_cat","embeddable":true,"href":"https:\/\/gpl-love.com\/fr\/wp-json\/wp\/v2\/product_cat?post=112805"},{"taxonomy":"product_tag","embeddable":true,"href":"https:\/\/gpl-love.com\/fr\/wp-json\/wp\/v2\/product_tag?post=112805"}],"curies":[{"name":"wp","href":"https:\/\/api.w.org\/{rel}","templated":true}]}}