{"id":112803,"date":"2025-12-25T00:00:00","date_gmt":"2025-12-24T23:00:00","guid":{"rendered":"http:\/\/gpl-love.com\/fr\/produit\/woocommerce-recover-abandoned-cart\/"},"modified":"2026-03-20T23:47:28","modified_gmt":"2026-03-20T22:47:28","slug":"woocommerce-recover-abandoned-cart","status":"publish","type":"product","link":"https:\/\/gpl-love.com\/fr\/produit\/woocommerce-recover-abandoned-cart\/","title":{"rendered":"WooCommerce Recover Abandoned Cart 24.9.0"},"content":{"rendered":"<h3>WooCommerce Recover Abandoned Cart Traits<\/h3>\n<p>Le plugin CART abandonn\u00e9 WooCommerce Recoverce est un outil incroyablement robuste qui a \u00e9t\u00e9 sp\u00e9cialement con\u00e7u pour aider les propri\u00e9taires de magasins en ligne \u00e0 r\u00e9cup\u00e9rer les ventes et les revenus perdus en s&rsquo;engageant avec des clients qui ont choisi d&rsquo;abandonner leurs caddies. La fonctionnalit\u00e9 de ce plugin tourne autour de la mise en \u0153uvre de campagnes de messagerie automatis\u00e9es, qui sont strat\u00e9giquement envoy\u00e9es aux clients qui ont laiss\u00e9 des articles persistants dans leurs paniers sans suivre l&rsquo;achat. Ces e-mails poss\u00e8dent une capacit\u00e9 inh\u00e9rente \u00e0 \u00eatre personnalis\u00e9e, permettant ainsi l&rsquo;inclusion de messages personnalis\u00e9s et d&rsquo;offres promotionnelles qui ont le potentiel d&rsquo;inciter consid\u00e9rablement ces clients \u00e0 revoir leurs chariots abandonn\u00e9s et finalement finaliser leurs achats souhait\u00e9s. L&rsquo;inclusion de WooCommerce r\u00e9cup\u00e9rer le chariot abandonn\u00e9 dans l&rsquo;arsenal de tout propri\u00e9taire de boutique en ligne est sans aucun doute une n\u00e9cessit\u00e9, car elle permet \u00e0 ce propri\u00e9taire de surveiller et de suivre sans effort les \u00e9v\u00e9nements d&rsquo;abandon de CART, d&rsquo;acc\u00e8s et d&rsquo;analyser des rapports complets et d\u00e9taill\u00e9s, et de prendre des d\u00e9cisions bien inform\u00e9es qui sont motiv\u00e9s par des donn\u00e9es concr\u00e8tes en ce qui concerne la fa\u00e7on dont ils peuvent optimiser leurs strat\u00e9gies de vente et leur exp\u00e9rience client globale. En fin de compte, ce plugin est vraiment indispensable pour tous les propri\u00e9taires de magasins en ligne qui cherchent avec ferveur \u00e0 augmenter leurs revenus et \u00e0 minimiser consid\u00e9rablement l&rsquo;abandon de la chariot.<\/p>\n<ul>\n<li>Augmente les ventes en r\u00e9cup\u00e9rant le chariot WooCommerce abandonn\u00e9<\/li>\n<li>Envoie des e-mails automatis\u00e9s aux clients qui ont abandonn\u00e9 leur panier<\/li>\n<li>Les e-mails incluent un lien pour revenir facilement au panier et compl\u00e9ter l&rsquo;achat<\/li>\n<li>Mod\u00e8les de messagerie personnalisables pour correspondre \u00e0 la marque du magasin<\/li>\n<li>Analytiques et rapports d\u00e9taill\u00e9s sur les chariots et les revenus r\u00e9cup\u00e9r\u00e9s<\/li>\n<li>Configuration facile et int\u00e9gration avec la plate-forme WooCommerce<\/li>\n<li>Compatible avec les th\u00e8mes et plugins WooCommerce populaires<\/li>\n<li>Conforme au RGPD et respecte la confidentialit\u00e9 des clients<\/li>\n<li>Fournit un support client et une assistance pour tout probl\u00e8me technique.<\/li>\n<\/ul>\n","protected":false},"excerpt":{"rendered":"<p>Le plugin CART abandonn\u00e9 WooCommerce Recoverce est un outil incroyablement efficace qui vous permet de r\u00e9cup\u00e9rer des ventes qui ont \u00e9t\u00e9 perdus auparavant en raison de l&rsquo;abandon de leurs caddies. En ciblant sp\u00e9cifiquement ces clients, ce plugin vous permet de r\u00e9partir automatiquement les e-mails de suivi aux personnes qui ont laiss\u00e9 des articles dans leurs chariots mais qui n&rsquo;ont pas r\u00e9ussi le processus de paiement. Ce qui distingue ce plugin, c&rsquo;est sa capacit\u00e9 \u00e0 personnaliser ces e-mails, vous permettant de les adapter \u00e0 vos pr\u00e9f\u00e9rences et \u00e0 \u00e9tendre les offres attrayantes telles que des remises, une exp\u00e9dition compl\u00e9mentaire ou d&rsquo;autres incitations s\u00e9duisantes afin d&rsquo;attiser les clients \u00e0 retourner dans leurs chariots et \u00e0 finaliser leur achats. De plus, le plugin vous fournit une pl\u00e9thore de statistiques compl\u00e8tes et de rapports concernant les chariots qui ont \u00e9t\u00e9 r\u00e9cup\u00e9r\u00e9s avec succ\u00e8s, vous accordant ainsi la possibilit\u00e9 de surveiller m\u00e9ticuleusement vos progr\u00e8s et d&rsquo;adapter votre strat\u00e9gie de r\u00e9cup\u00e9ration au fil du temps. Avec le chariot abandonn\u00e9 WooCommerce Recover, vous pouvez amplifier sans effort vos ventes et r\u00e9cup\u00e9rer des revenus qui ont \u00e9t\u00e9 perdus.<\/p>\n","protected":false},"featured_media":146004,"comment_status":"open","ping_status":"open","template":"","meta":[],"product_brand":[2435],"product_cat":[1200,1182,1181],"product_tag":[1231],"class_list":{"0":"post-112803","1":"product","2":"type-product","3":"status-publish","4":"has-post-thumbnail","6":"product_brand-codecanyon","7":"product_cat-commercialisation","8":"product_cat-commerce-electronique-plugins","9":"product_cat-plugins","10":"product_tag-codecanyon","11":"member-discount","12":"discount-restricted","14":"first","15":"instock","16":"sale","17":"downloadable","18":"virtual","19":"sold-individually","20":"purchasable","21":"product-type-simple"},"_links":{"self":[{"href":"https:\/\/gpl-love.com\/fr\/wp-json\/wp\/v2\/product\/112803","targetHints":{"allow":["GET"]}}],"collection":[{"href":"https:\/\/gpl-love.com\/fr\/wp-json\/wp\/v2\/product"}],"about":[{"href":"https:\/\/gpl-love.com\/fr\/wp-json\/wp\/v2\/types\/product"}],"replies":[{"embeddable":true,"href":"https:\/\/gpl-love.com\/fr\/wp-json\/wp\/v2\/comments?post=112803"}],"wp:featuredmedia":[{"embeddable":true,"href":"https:\/\/gpl-love.com\/fr\/wp-json\/wp\/v2\/media\/146004"}],"wp:attachment":[{"href":"https:\/\/gpl-love.com\/fr\/wp-json\/wp\/v2\/media?parent=112803"}],"wp:term":[{"taxonomy":"product_brand","embeddable":true,"href":"https:\/\/gpl-love.com\/fr\/wp-json\/wp\/v2\/product_brand?post=112803"},{"taxonomy":"product_cat","embeddable":true,"href":"https:\/\/gpl-love.com\/fr\/wp-json\/wp\/v2\/product_cat?post=112803"},{"taxonomy":"product_tag","embeddable":true,"href":"https:\/\/gpl-love.com\/fr\/wp-json\/wp\/v2\/product_tag?post=112803"}],"curies":[{"name":"wp","href":"https:\/\/api.w.org\/{rel}","templated":true}]}}