{"id":112801,"date":"2022-01-05T00:00:00","date_gmt":"2022-01-04T23:00:00","guid":{"rendered":"http:\/\/gpl-love.com\/fr\/produit\/roneous-creative-multi-purpose-wordpress-theme\/"},"modified":"2026-04-10T18:38:25","modified_gmt":"2026-04-10T16:38:25","slug":"roneous-creative-multi-purpose-wordpress-theme","status":"publish","type":"product","link":"https:\/\/gpl-love.com\/fr\/produit\/roneous-creative-multi-purpose-wordpress-theme\/","title":{"rendered":"Roneous Creative Multi-Purpose WordPress Theme 1.9.0"},"content":{"rendered":"<h3>Roneous Creative Multi-Purpose WordPress Theme Traits<\/h3>\n<p>Le th\u00e8me WordPress polyvalent cr\u00e9atif radiculaire est un outil incroyablement polyvalent et puissant qui permet aux utilisateurs de construire des sites Web exceptionnels. B\u00e9n\u00e9ficiant d&rsquo;une vaste gamme d&rsquo;options de personnalisation, ce th\u00e8me permet aux utilisateurs de modeler des sites Web non seulement uniques, mais \u00e0 couper le souffle visuellement. Sur mesure pour r\u00e9pondre aux exigences des agences cr\u00e9atives, des concepteurs, des photographes et des artistes, Roneous incarne une concentration incessante sur le favori de la cr\u00e9ativit\u00e9. L&rsquo;accompagnement de ce th\u00e8me est un constructeur de page de glisser-d\u00e9poser remarquablement convivial, ce qui permet aux utilisateurs de fabriquer sans effort des dispositions complexes sans toute prouesse de codage. De plus, ce th\u00e8me est pleinement r\u00e9actif, garantissant ainsi que sa magnificence transcende sur tous les appareils. De plus, Roneous propose une pl\u00e9thore de d\u00e9mos pr\u00e9-construites qui peuvent \u00eatre import\u00e9es sans effort en un simple clic, facilitant ainsi un processus de cr\u00e9ation de site Web efficace et pratique. De plus, ce th\u00e8me est convivial, garantissant une visibilit\u00e9 optimale sur les moteurs de recherche. Avec son design contemporain et sophistiqu\u00e9, le th\u00e8me WordPress polyvalent cr\u00e9atif ramp\u00e9 se pr\u00e9sente comme le choix ultime pour ceux qui cherchent \u00e0 forger une impression ind\u00e9l\u00e9bile avec un site Web impressionnant.<\/p>\n<ul>\n<li>Options de conception enti\u00e8rement personnalisables pour cr\u00e9er des sites Web uniques<\/li>\n<li>Builder de page de glisser-d\u00e9poser int\u00e9gr\u00e9 pour une personnalisation de page facile<\/li>\n<li>Compatible avec les plugins WordPress populaires, y compris WooCommerce pour les capacit\u00e9s de commerce \u00e9lectronique<\/li>\n<li>Plusieurs d\u00e9mos pr\u00e9-con\u00e7ues incluses pour la configuration du site Web rapide<\/li>\n<li>Panneau d&rsquo;options de th\u00e8me avanc\u00e9 pour les \u00e9l\u00e9ments de conception et de mise en page du r\u00e9glage fin<\/li>\n<li>La conception r\u00e9active garantit que le site Web a l&rsquo;air super sur tous les appareils et tailles d&rsquo;\u00e9cran<\/li>\n<li>Optimis\u00e9 pour le r\u00e9f\u00e9rencement, avec un code propre et bien structur\u00e9<\/li>\n<li>Documentation compl\u00e8te et \u00e9quipe de support d\u00e9di\u00e9e disponible pour l&rsquo;aide<\/li>\n<li>Des mises \u00e0 jour r\u00e9guli\u00e8res et de nouvelles fonctionnalit\u00e9s ajout\u00e9es au th\u00e8me pour l&rsquo;am\u00e9lioration et l&rsquo;innovation continue.<\/li>\n<\/ul>\n","protected":false},"excerpt":{"rendered":"<p>Le th\u00e8me WordPress polyvalent cr\u00e9atif raone est un th\u00e8me incroyablement polyvalent et hautement personnalisable qui est m\u00e9ticuleusement con\u00e7u pour r\u00e9pondre \u00e0 un large \u00e9ventail de types de sites Web, allant des blogs individuels aux \u00e9tablissements de commerce \u00e9lectronique anim\u00e9es. Ce th\u00e8me poss\u00e8de un constructeur de page de drag et de pages de drop remarquablement intuitif et convivial, ce qui permet m\u00eame \u00e0 ceux qui manquent de prouesses de codage \u00e0 \u00e9laborer sans effort des dispositions et des conceptions visuellement captivantes. En outre, le th\u00e8me est \u00e9quip\u00e9 d&rsquo;un vaste assortiment de mod\u00e8les et de modules pr\u00e9d\u00e9finis, permettant aux utilisateurs de g\u00e9n\u00e9rer rapidement des pages et des sections \u00e9blouissantes visuellement. Les d\u00e9veloppeurs derri\u00e8re Roneous ont \u00e9galement accord\u00e9 une importance primordiale dans l&rsquo;optimisation du th\u00e8me pour une vitesse et des performances optimales, garantissant que votre site Web fonctionne de mani\u00e8re transparente et de mani\u00e8re transparente sur n&rsquo;importe quel appareil, que ce soit un ordinateur de bureau, une tablette ou un smartphone. De plus, la documentation approfondie et le soutien fourni par l&rsquo;\u00e9quipe Roneous servent de source de r\u00e9confort et d&rsquo;assurance, accordant aux utilisateurs la confiance n\u00e9cessaire pour cr\u00e9er un site Web distinctif et exceptionnellement professionnel en utilisant ce th\u00e8me extraordinaire.<\/p>\n","protected":false},"featured_media":145143,"comment_status":"open","ping_status":"open","template":"","meta":[],"product_brand":[2433],"product_cat":[1242,1212,1213],"product_tag":[1366],"class_list":{"0":"post-112801","1":"product","2":"type-product","3":"status-publish","4":"has-post-thumbnail","6":"product_brand-themeforest","7":"product_cat-creatif","8":"product_cat-themes","9":"product_cat-wordpress-themes","10":"product_tag-themeforest","11":"member-discount","12":"discount-restricted","14":"first","15":"instock","16":"sale","17":"downloadable","18":"virtual","19":"sold-individually","20":"purchasable","21":"product-type-simple"},"_links":{"self":[{"href":"https:\/\/gpl-love.com\/fr\/wp-json\/wp\/v2\/product\/112801","targetHints":{"allow":["GET"]}}],"collection":[{"href":"https:\/\/gpl-love.com\/fr\/wp-json\/wp\/v2\/product"}],"about":[{"href":"https:\/\/gpl-love.com\/fr\/wp-json\/wp\/v2\/types\/product"}],"replies":[{"embeddable":true,"href":"https:\/\/gpl-love.com\/fr\/wp-json\/wp\/v2\/comments?post=112801"}],"wp:featuredmedia":[{"embeddable":true,"href":"https:\/\/gpl-love.com\/fr\/wp-json\/wp\/v2\/media\/145143"}],"wp:attachment":[{"href":"https:\/\/gpl-love.com\/fr\/wp-json\/wp\/v2\/media?parent=112801"}],"wp:term":[{"taxonomy":"product_brand","embeddable":true,"href":"https:\/\/gpl-love.com\/fr\/wp-json\/wp\/v2\/product_brand?post=112801"},{"taxonomy":"product_cat","embeddable":true,"href":"https:\/\/gpl-love.com\/fr\/wp-json\/wp\/v2\/product_cat?post=112801"},{"taxonomy":"product_tag","embeddable":true,"href":"https:\/\/gpl-love.com\/fr\/wp-json\/wp\/v2\/product_tag?post=112801"}],"curies":[{"name":"wp","href":"https:\/\/api.w.org\/{rel}","templated":true}]}}