{"id":112797,"date":"2022-02-26T00:00:00","date_gmt":"2022-02-25T23:00:00","guid":{"rendered":"http:\/\/gpl-love.com\/fr\/produit\/blog-designer-pro-for-wordpress\/"},"modified":"2026-03-20T22:56:27","modified_gmt":"2026-03-20T21:56:27","slug":"blog-designer-pro-for-wordpress","status":"publish","type":"product","link":"https:\/\/gpl-love.com\/fr\/produit\/blog-designer-pro-for-wordpress\/","title":{"rendered":"Blog Designer Pro pour Wordpress 3.4.2"},"content":{"rendered":"<h3>Blog Designer Pro pour Wordpress Traits<\/h3>\n<p>Blog Designer Pro for WordPress est un outil incroyablement robuste et convivial qui permet aux utilisateurs de cr\u00e9er des dispositions de blogs visuellement captivantes et distinctives. En exploitant ses fonctionnalit\u00e9s de personnalisation avanc\u00e9es, les utilisateurs peuvent sans effort modeler les conceptions et mod\u00e8les de blogs uniques en quelques clics simples. L&rsquo;outil offre une gamme impressionnante de plus de 50 mod\u00e8les pr\u00e9-con\u00e7us, qui peuvent \u00eatre utilis\u00e9s comme point de d\u00e9part solide. Alternativement, les utilisateurs ont la libert\u00e9 de construire leurs propres dispositions \u00e0 partir de z\u00e9ro, gracieuset\u00e9 de l&rsquo;interface de glisser-d\u00e9poser sans couture de l&rsquo;outil. De plus, Blog Designer Pro propose un vaste assortiment d&rsquo;options pour personnaliser les polices, les couleurs et divers \u00e9l\u00e9ments de conception. Par cons\u00e9quent, le r\u00e9sultat final est un blog remarquablement professionnel et raffin\u00e9 qui est tenu de captiver et d&rsquo;engrosser les lecteurs. Que l&rsquo;on soit un blogueur en aspirant \u00e0 am\u00e9liorer l&rsquo;attrait visuel de leur site ou un concepteur de sites Web \u00e0 la recherche d&rsquo;un instrument puissant pour fabriquer des conceptions de blogs sur mesure, Blog Designer Pro for WordPress est un outil indispensable pour obtenir des r\u00e9sultats vraiment \u00e0 couper le souffle.<\/p>\n<ul>\n<li>Vous aide \u00e0 personnaliser et \u00e0 concevoir votre blog WordPress sans coder les connaissances<\/li>\n<li>Offre une large gamme d&rsquo;options de mise en page, de couleur et de police \u00e0 choisir<\/li>\n<li>Fournit des conceptions r\u00e9actives qui fonctionnent parfaitement sur chaque appareil<\/li>\n<li>Vous donne la possibilit\u00e9 de cr\u00e9er des mod\u00e8les uniques pour vos cat\u00e9gories, articles et archives de blog<\/li>\n<li>Livr\u00e9 avec une vari\u00e9t\u00e9 de mod\u00e8les pr\u00e9-con\u00e7us pour vous aider \u00e0 d\u00e9marrer rapidement<\/li>\n<li>Vous permet de cr\u00e9er des images et des logos d&rsquo;arri\u00e8re-plan personnalis\u00e9s pour votre blog<\/li>\n<li>S&rsquo;int\u00e8gre aux th\u00e8mes et plugins WordPress populaires pour une fonctionnalit\u00e9 accrue<\/li>\n<li>Offre une interface conviviale et une documentation compl\u00e8te pour une utilisation facile.<\/li>\n<li>Fournit un excellent support et des mises \u00e0 jour r\u00e9guli\u00e8res pour garder votre blog \u00e0 jour avec les derni\u00e8res tendances de conception.<\/li>\n<\/ul>\n","protected":false},"excerpt":{"rendered":"<p>Blog Designer Pro est un plugin WordPress premium con\u00e7u pour \u00e9lever votre exp\u00e9rience de blog. Cet outil puissant offre une large gamme de mises en page de blogs innovantes, vous permettant de personnaliser et de concevoir vos pages de blog d&rsquo;une mani\u00e8re qui s&rsquo;aligne sur votre marque. Avec Blog Designer Pro, vous pouvez facilement cr\u00e9er des pages de blog attrayantes qui engagent vos lecteurs et les font revenir pour en savoir plus.<\/p>\n<p>L&rsquo;une des principales fonctionnalit\u00e9s de Blog Designer Pro est son interface facile \u00e0 utiliser. Avec ses fonctionnalit\u00e9s de glisser-d\u00e9poser, vous pouvez concevoir sans effort les pages de votre blog sans avoir besoin de comp\u00e9tences de codage. De plus, Blog Designer Pro offre une pl\u00e9thore de mod\u00e8les, vous donnant la flexibilit\u00e9 de choisir un design qui convient \u00e0 votre style et \u00e0 vos besoins.<\/p>\n<p>De plus, Blog Designer Pro est enti\u00e8rement r\u00e9actif, garantissant que les pages de votre blog sont \u00e9tonnantes sur tous les appareils. Cette fonctionnalit\u00e9 est cruciale dans le monde mobile-premier d&rsquo;aujourd&rsquo;hui, o\u00f9 une partie importante de votre public peut parcourir votre blog sur ses smartphones ou tablettes.<\/p>\n<p>Blog Designer Pro prend \u00e9galement en charge plusieurs langues, ce qui en fait un outil polyvalent pour les blogueurs autour<\/p>\n","protected":false},"featured_media":143252,"comment_status":"open","ping_status":"open","template":"","meta":[],"product_brand":[2435],"product_cat":[1189,1181,1186],"product_tag":[1231],"class_list":{"0":"post-112797","1":"product","2":"type-product","3":"status-publish","4":"has-post-thumbnail","6":"product_brand-codecanyon","7":"product_cat-personnalisation","8":"product_cat-plugins","9":"product_cat-wordpress-plugins","10":"product_tag-codecanyon","11":"member-discount","12":"discount-restricted","14":"first","15":"instock","16":"sale","17":"downloadable","18":"virtual","19":"sold-individually","20":"purchasable","21":"product-type-simple"},"_links":{"self":[{"href":"https:\/\/gpl-love.com\/fr\/wp-json\/wp\/v2\/product\/112797","targetHints":{"allow":["GET"]}}],"collection":[{"href":"https:\/\/gpl-love.com\/fr\/wp-json\/wp\/v2\/product"}],"about":[{"href":"https:\/\/gpl-love.com\/fr\/wp-json\/wp\/v2\/types\/product"}],"replies":[{"embeddable":true,"href":"https:\/\/gpl-love.com\/fr\/wp-json\/wp\/v2\/comments?post=112797"}],"wp:featuredmedia":[{"embeddable":true,"href":"https:\/\/gpl-love.com\/fr\/wp-json\/wp\/v2\/media\/143252"}],"wp:attachment":[{"href":"https:\/\/gpl-love.com\/fr\/wp-json\/wp\/v2\/media?parent=112797"}],"wp:term":[{"taxonomy":"product_brand","embeddable":true,"href":"https:\/\/gpl-love.com\/fr\/wp-json\/wp\/v2\/product_brand?post=112797"},{"taxonomy":"product_cat","embeddable":true,"href":"https:\/\/gpl-love.com\/fr\/wp-json\/wp\/v2\/product_cat?post=112797"},{"taxonomy":"product_tag","embeddable":true,"href":"https:\/\/gpl-love.com\/fr\/wp-json\/wp\/v2\/product_tag?post=112797"}],"curies":[{"name":"wp","href":"https:\/\/api.w.org\/{rel}","templated":true}]}}