{"id":112795,"date":"2022-03-04T00:00:00","date_gmt":"2022-03-03T23:00:00","guid":{"rendered":"http:\/\/gpl-love.com\/fr\/produit\/ryse-seo-and-digital-marketing-wordpress-theme\/"},"modified":"2026-04-10T18:38:28","modified_gmt":"2026-04-10T16:38:28","slug":"ryse-seo-and-digital-marketing-wordpress-theme","status":"publish","type":"product","link":"https:\/\/gpl-love.com\/fr\/produit\/ryse-seo-and-digital-marketing-wordpress-theme\/","title":{"rendered":"Ryse SEO et Digital Marketing WordPress Theme 3.2.0"},"content":{"rendered":"<h3>Ryse SEO et Digital Marketing WordPress Theme Traits<\/h3>\n<p>Le SEO Ryse et le th\u00e8me WordPress marketing num\u00e9rique est un th\u00e8me exceptionnellement remarquable, m\u00e9ticuleusement con\u00e7u pour faciliter la croissance des entreprises au moyen de strat\u00e9gies de marketing num\u00e9rique tr\u00e8s efficaces. Ce th\u00e8me englobe une pl\u00e9thore de fonctionnalit\u00e9s et de fonctionnalit\u00e9s avanc\u00e9es, facilitant ainsi l&rsquo;optimisation transparente de votre site Web pour les moteurs de recherche et am\u00e9liorant finalement votre visibilit\u00e9 en ligne. Le th\u00e8me Ryse, avec sa conception impeccablement professionnelle et son interface conviviale, vous offre l&rsquo;opportunit\u00e9 in\u00e9gal\u00e9e de cr\u00e9er et de personnaliser votre site Web d&rsquo;une mani\u00e8re qui s&rsquo;aligne de mani\u00e8re transparente sur l&rsquo;essence m\u00eame de votre identit\u00e9 de marque. Que votre objectif principal soit d&rsquo;augmenter le trafic de votre site Web, de g\u00e9n\u00e9rer un nombre accru de prospects ou d&rsquo;\u00e9lever vos conversions \u00e0 des hauteurs sans pr\u00e9c\u00e9dent, assurez-vous que le th\u00e8me RYSE SEO et WordPress marketing num\u00e9rique est pr\u00e9cis\u00e9ment la solution que vous avez recherch\u00e9e sans rel\u00e2che.<\/p>\n<ul>\n<li>Enti\u00e8rement personnalisable avec un builateur visuel facile \u00e0 utiliser et un builder<\/li>\n<li>Optimis\u00e9 pour la visibilit\u00e9 du moteur de recherche et la vitesse de chargement rapide<\/li>\n<li>Comprend une vari\u00e9t\u00e9 de conceptions et de dispositions pr\u00e9fabriqu\u00e9es pour une personnalisation facile<\/li>\n<li>Int\u00e9gr\u00e9 aux plugins SEO populaires pour am\u00e9liorer les efforts de marketing num\u00e9rique<\/li>\n<li>La conception r\u00e9active mobile garantit une exp\u00e9rience utilisateur coh\u00e9rente sur tous les appareils<\/li>\n<li>Comprend des fonctionnalit\u00e9s avanc\u00e9es telles que des m\u00e9ga menus et des en-t\u00eates collants pour une navigation am\u00e9lior\u00e9e<\/li>\n<li>Construit avec un code propre et optimis\u00e9 pour am\u00e9liorer les performances du site Web<\/li>\n<li>R\u00e9guli\u00e8rement mis \u00e0 jour avec de nouvelles fonctionnalit\u00e9s et des corrections de bogues pour le d\u00e9veloppement continu<\/li>\n<li>Documentation et assistance approfondies disponibles pour le d\u00e9pannage et la personnalisation faciles<\/li>\n<li>Convient aux entreprises de toutes tailles qui cherchent \u00e0 am\u00e9liorer leur pr\u00e9sence en ligne et leurs efforts de marketing num\u00e9rique.<\/li>\n<\/ul>\n","protected":false},"excerpt":{"rendered":"<p>Ryse, un r\u00e9f\u00e9rencement robuste et un th\u00e8me WordPress marketing num\u00e9rique, a \u00e9t\u00e9 m\u00e9ticuleusement con\u00e7u pour r\u00e9pondre aux entreprises visant \u00e0 cr\u00e9er une pr\u00e9sence en ligne indomptable. Offrant une conception de mani\u00e8re transparente, une mise en page enti\u00e8rement personnalisable et un \u00e9ventail de param\u00e8tres de r\u00e9f\u00e9rencement avanc\u00e9s, ce th\u00e8me fonctionne comme l&rsquo;arme ultime pour les entreprises qui ascendaient \u00e0 monter le classement des r\u00e9sultats du moteur de recherche. B\u00e9n\u00e9ficiant d&rsquo;une interface intuitive et d&rsquo;une conception impeccablement raffin\u00e9e, Ryse appara\u00eet comme la solution par excellence pour toute entreprise ambitieuse cherchant \u00e0 s&rsquo;\u00e9panouir et \u00e0 prosp\u00e9rer dans le domaine num\u00e9rique.<\/p>\n","protected":false},"featured_media":145149,"comment_status":"open","ping_status":"open","template":"","meta":[],"product_brand":[2433],"product_cat":[1516,1212,1213],"product_tag":[1366],"class_list":{"0":"post-112795","1":"product","2":"type-product","3":"status-publish","4":"has-post-thumbnail","6":"product_brand-themeforest","7":"product_cat-entreprise","8":"product_cat-themes","9":"product_cat-wordpress-themes","10":"product_tag-themeforest","11":"member-discount","12":"discount-restricted","14":"first","15":"instock","16":"sale","17":"downloadable","18":"virtual","19":"sold-individually","20":"purchasable","21":"product-type-simple"},"_links":{"self":[{"href":"https:\/\/gpl-love.com\/fr\/wp-json\/wp\/v2\/product\/112795","targetHints":{"allow":["GET"]}}],"collection":[{"href":"https:\/\/gpl-love.com\/fr\/wp-json\/wp\/v2\/product"}],"about":[{"href":"https:\/\/gpl-love.com\/fr\/wp-json\/wp\/v2\/types\/product"}],"replies":[{"embeddable":true,"href":"https:\/\/gpl-love.com\/fr\/wp-json\/wp\/v2\/comments?post=112795"}],"wp:featuredmedia":[{"embeddable":true,"href":"https:\/\/gpl-love.com\/fr\/wp-json\/wp\/v2\/media\/145149"}],"wp:attachment":[{"href":"https:\/\/gpl-love.com\/fr\/wp-json\/wp\/v2\/media?parent=112795"}],"wp:term":[{"taxonomy":"product_brand","embeddable":true,"href":"https:\/\/gpl-love.com\/fr\/wp-json\/wp\/v2\/product_brand?post=112795"},{"taxonomy":"product_cat","embeddable":true,"href":"https:\/\/gpl-love.com\/fr\/wp-json\/wp\/v2\/product_cat?post=112795"},{"taxonomy":"product_tag","embeddable":true,"href":"https:\/\/gpl-love.com\/fr\/wp-json\/wp\/v2\/product_tag?post=112795"}],"curies":[{"name":"wp","href":"https:\/\/api.w.org\/{rel}","templated":true}]}}