{"id":112792,"date":"2021-09-12T00:00:00","date_gmt":"2021-09-11T22:00:00","guid":{"rendered":"http:\/\/gpl-love.com\/fr\/produit\/peakshops-modern-multi-concept-woocommerce-theme\/"},"modified":"2026-04-10T18:36:15","modified_gmt":"2026-04-10T16:36:15","slug":"peakshops-modern-multi-concept-woocommerce-theme","status":"publish","type":"product","link":"https:\/\/gpl-love.com\/fr\/produit\/peakshops-modern-multi-concept-woocommerce-theme\/","title":{"rendered":"PeakShops Modern et Multi-Concept WooCommerce Theme 1.5.0"},"content":{"rendered":"<h3>PeakShops Modern et Multi-Concept WooCommerce Theme Traits<\/h3>\n<p>PeakShops est un th\u00e8me WooCommerce tr\u00e8s avanc\u00e9 et multiforme qui pr\u00e9sente une vaste gamme de fonctionnalit\u00e9s et de choix de personnalisation pour vous aider \u00e0 fabriquer une boutique en ligne distinctive et sophistiqu\u00e9e qui non seulement se d\u00e9marque mais d\u00e9gage \u00e9galement une aura professionnelle. Quelle que soit la nature de votre marchandise, que ce soit des articles de mode ou des gadgets \u00e9lectroniques, PeakShops propose une conception esth\u00e9tique et de pointe qui s&rsquo;adapte de mani\u00e8re transparente \u00e0 tout appareil, garantissant une r\u00e9activit\u00e9 optimale. Sa polyvalence ne conna\u00eet pas de limites car elle comprend diverses mises en page de page d&rsquo;accueil, des d\u00e9mos pr\u00e9-con\u00e7ues et un constructeur de pages glisser-d\u00e9coller convivial, vous permettant d&rsquo;adapter sans effort votre site Web pour vous aligner sur votre identit\u00e9 de marque, tout en pr\u00e9sentant efficacement vos produits dans La lumi\u00e8re la plus captivante imaginable. B\u00e9n\u00e9ficiant d&rsquo;un arsenal d&rsquo;attributs indispensables, tels qu&rsquo;un panneau d&rsquo;options de th\u00e8me robuste, une int\u00e9gration transparente avec des plugins WordPress populaires, ainsi que l&rsquo;assistance in\u00e9branlable des d\u00e9veloppeurs de th\u00e8me, PeakShops incarne le th\u00e8me WooCommerce complet qui propulsera sans aucun doute votre boutique en ligne sans s\u00e9lectionne hauteurs du succ\u00e8s et de la prosp\u00e9rit\u00e9.<\/p>\n<ul>\n<li>Un th\u00e8me WooCommerce polyvalent et \u00e9l\u00e9gant id\u00e9al pour les sites Web de commerce \u00e9lectronique modernes<\/li>\n<li>Comprend plusieurs dispositions, mod\u00e8les et variations de d\u00e9monstration pour une exp\u00e9rience enti\u00e8rement personnalisable<\/li>\n<li>Design propre et moderne avec une attention \u00e0 la r\u00e9activit\u00e9 mobile pour une exp\u00e9rience utilisateur transparente<\/li>\n<li>Facile \u00e0 utiliser et personnaliser avec une simple \u00e9dition de glisser-d\u00e9poser et des widgets pr\u00e9d\u00e9finis<\/li>\n<li>Livr\u00e9 avec l&rsquo;int\u00e9gration des m\u00e9dias sociaux int\u00e9gr\u00e9s et les fonctionnalit\u00e9s d&rsquo;optimisation des moteurs de recherche<\/li>\n<li>Prise en charge robuste du commerce \u00e9lectronique, y compris les fonctionnalit\u00e9s de panier et de paiement, les options de filtrage des produits et les outils de gestion<\/li>\n<li>Construit sur des normes de codage modernes et optimis\u00e9 pour les vitesses de chargement rapide et les performances<\/li>\n<li>Mises \u00e0 jour du th\u00e8me r\u00e9gulier et support client pour une am\u00e9lioration de l&rsquo;exp\u00e9rience utilisateur et du d\u00e9pannage<\/li>\n<li>Id\u00e9al pour les magasins en ligne de petite \u00e0 moyenne taille de tous types et industries.<\/li>\n<\/ul>\n","protected":false},"excerpt":{"rendered":"<p>Le th\u00e8me WooCommerce moderne et multi-concept moderne, r\u00e9put\u00e9 pour ses qualit\u00e9s exceptionnels, est une option exceptionnelle pour les sites Web de commerce \u00e9lectronique qui n\u00e9cessitent un design contemporain et polyvalent. Ce th\u00e8me de premier ordre est enti\u00e8rement \u00e9quip\u00e9 d&rsquo;une gamme de fonctionnalit\u00e9s avanc\u00e9es et poss\u00e8de une disposition facilement personnalisable qui est capable de s&rsquo;adapter \u00e0 toute niche d&rsquo;entreprise en ligne. Avec ses performances exceptionnelles et sa interface de mani\u00e8re transparente, PeakShops promet de donner \u00e0 vos clients une exp\u00e9rience de magasinage in\u00e9gal\u00e9e. Peu importe que vous op\u00e9rez en tant que d\u00e9taillant, grossiste ou fournisseur de services, ce th\u00e8me WooCommerce est parfaitement adapt\u00e9 \u00e0 toute strat\u00e9gie de croissance des entreprises que vous pourriez avoir en t\u00eate. Ne manquez pas l&rsquo;occasion d&rsquo;acqu\u00e9rir le th\u00e8me WooCommerce moderne et multi-concept aujourd&rsquo;hui et assister \u00e0 la transformation de votre pr\u00e9sence en ligne en nouveaux sommets.<\/p>\n","protected":false},"featured_media":144941,"comment_status":"open","ping_status":"open","template":"","meta":[],"product_brand":[2433],"product_cat":[1238,1851,1212],"product_tag":[1366],"class_list":{"0":"post-112792","1":"product","2":"type-product","3":"status-publish","4":"has-post-thumbnail","6":"product_brand-themeforest","7":"product_cat-commerce-electronique-themes","8":"product_cat-entreprise-commerce-electronique-themes","9":"product_cat-themes","10":"product_tag-themeforest","11":"member-discount","12":"discount-restricted","14":"first","15":"instock","16":"sale","17":"downloadable","18":"virtual","19":"sold-individually","20":"purchasable","21":"product-type-simple"},"_links":{"self":[{"href":"https:\/\/gpl-love.com\/fr\/wp-json\/wp\/v2\/product\/112792","targetHints":{"allow":["GET"]}}],"collection":[{"href":"https:\/\/gpl-love.com\/fr\/wp-json\/wp\/v2\/product"}],"about":[{"href":"https:\/\/gpl-love.com\/fr\/wp-json\/wp\/v2\/types\/product"}],"replies":[{"embeddable":true,"href":"https:\/\/gpl-love.com\/fr\/wp-json\/wp\/v2\/comments?post=112792"}],"wp:featuredmedia":[{"embeddable":true,"href":"https:\/\/gpl-love.com\/fr\/wp-json\/wp\/v2\/media\/144941"}],"wp:attachment":[{"href":"https:\/\/gpl-love.com\/fr\/wp-json\/wp\/v2\/media?parent=112792"}],"wp:term":[{"taxonomy":"product_brand","embeddable":true,"href":"https:\/\/gpl-love.com\/fr\/wp-json\/wp\/v2\/product_brand?post=112792"},{"taxonomy":"product_cat","embeddable":true,"href":"https:\/\/gpl-love.com\/fr\/wp-json\/wp\/v2\/product_cat?post=112792"},{"taxonomy":"product_tag","embeddable":true,"href":"https:\/\/gpl-love.com\/fr\/wp-json\/wp\/v2\/product_tag?post=112792"}],"curies":[{"name":"wp","href":"https:\/\/api.w.org\/{rel}","templated":true}]}}