{"id":112790,"date":"2023-06-06T00:00:00","date_gmt":"2023-06-05T22:00:00","guid":{"rendered":"http:\/\/gpl-love.com\/fr\/produit\/ht-script-pro-insert-headers-and-footers-code\/"},"modified":"2026-03-20T23:19:57","modified_gmt":"2026-03-20T22:19:57","slug":"ht-script-pro-insert-headers-and-footers-code","status":"publish","type":"product","link":"https:\/\/gpl-love.com\/fr\/produit\/ht-script-pro-insert-headers-and-footers-code\/","title":{"rendered":"HT Script Pro Insert Headers et Footers Code 1.1.0"},"content":{"rendered":"<h3>HT Script Pro Insert Headers et Footers Code Traits<\/h3>\n<p>Le code HT Script Pro Insert En-t\u00eates et le code de page de page est une solution logicielle tr\u00e8s pratique et efficace con\u00e7ue pour r\u00e9pondre aux besoins des d\u00e9veloppeurs et des concepteurs de sites Web. Il offre une approche rationalis\u00e9e pour incorporer sans effort les en-t\u00eates et le code de pied de page dans les pages Web HTML. En \u00e9liminant la n\u00e9cessit\u00e9 d&rsquo;une entr\u00e9e de code manuel, cet outil s&rsquo;av\u00e8re \u00eatre un actif de r\u00e9duction de temps et de r\u00e9duction des efforts. Sa compatibilit\u00e9 avec divers navigateurs Web am\u00e9liore encore son attrait, ce qui en fait un excellent choix pour les novices et les programmeurs chevronn\u00e9s. Que vous soyez engag\u00e9 dans le d\u00e9veloppement de sites Web personnels ou professionnels, le code HT Script Pro INSERT ET CODE FOODET est une ressource indispensable qui peut am\u00e9liorer efficacement votre flux de travail et amplifier votre productivit\u00e9 globale.<\/p>\n<ul>\n<li>Ins\u00e9rez ou modifiez sans effort les en-t\u00eates et pieds de page sur votre site Web<\/li>\n<li>Compatible avec tous les th\u00e8mes WordPress<\/li>\n<li>Aucune expertise de codage ou technique requise<\/li>\n<li>Ajouter facilement le code de suivi de Google Analytics, CSS personnalis\u00e9, et plus encore<\/li>\n<li>Gagner du temps et augmenter la productivit\u00e9 avec la gestion des en-t\u00eate et du pied de page rationalis\u00e9es<\/li>\n<li>La conception enti\u00e8rement r\u00e9active garantit que les en-t\u00eates et les pieds de page ont fi\u00e8re allure sur n&rsquo;importe quel appareil<\/li>\n<li>Documentation compl\u00e8te et support client de premier ordre fourni<\/li>\n<li>Mises \u00e0 jour r\u00e9guli\u00e8res et nouvelles fonctionnalit\u00e9s ajout\u00e9es pour am\u00e9liorer constamment l&rsquo;exp\u00e9rience utilisateur<\/li>\n<\/ul>\n","protected":false},"excerpt":{"rendered":"<p>Le code HT Script Pro Insert En-t\u00eates et le code de page de page est un plugin tr\u00e8s pratique et convivial, offrant la capacit\u00e9 d&rsquo;incorporer des codes personnalis\u00e9s dans les en-t\u00eates et les pieds de page de votre site Web. En utilisant ce plugin, vous pouvez ins\u00e9rer sans effort une vari\u00e9t\u00e9 d&rsquo;\u00e9l\u00e9ments de code tels que Google Analytics Code, Facebook Pixel Code ou tout autre composant de code personnalis\u00e9, le tout sans la n\u00e9cessit\u00e9 de modifier manuellement les fichiers de th\u00e8me. Ce plugin remarquable simplifie consid\u00e9rablement le processus de gestion et d&rsquo;int\u00e9gration des codes sur votre site Web, \u00e9liminant la n\u00e9cessit\u00e9 de toute comp\u00e9tence de codage avanc\u00e9e. Acqu\u00e9rir imm\u00e9diatement le code HT Script Pro Insert et le code de page de page pour saisir un contr\u00f4le total sur la personnalisation des codes de votre site Web.<\/p>\n","protected":false},"featured_media":144205,"comment_status":"open","ping_status":"open","template":"","meta":[],"product_brand":[2435],"product_cat":[1189,1181,1186],"product_tag":[1231],"class_list":{"0":"post-112790","1":"product","2":"type-product","3":"status-publish","4":"has-post-thumbnail","6":"product_brand-codecanyon","7":"product_cat-personnalisation","8":"product_cat-plugins","9":"product_cat-wordpress-plugins","10":"product_tag-codecanyon","11":"member-discount","12":"discount-restricted","14":"first","15":"instock","16":"sale","17":"downloadable","18":"virtual","19":"sold-individually","20":"purchasable","21":"product-type-simple"},"_links":{"self":[{"href":"https:\/\/gpl-love.com\/fr\/wp-json\/wp\/v2\/product\/112790","targetHints":{"allow":["GET"]}}],"collection":[{"href":"https:\/\/gpl-love.com\/fr\/wp-json\/wp\/v2\/product"}],"about":[{"href":"https:\/\/gpl-love.com\/fr\/wp-json\/wp\/v2\/types\/product"}],"replies":[{"embeddable":true,"href":"https:\/\/gpl-love.com\/fr\/wp-json\/wp\/v2\/comments?post=112790"}],"wp:featuredmedia":[{"embeddable":true,"href":"https:\/\/gpl-love.com\/fr\/wp-json\/wp\/v2\/media\/144205"}],"wp:attachment":[{"href":"https:\/\/gpl-love.com\/fr\/wp-json\/wp\/v2\/media?parent=112790"}],"wp:term":[{"taxonomy":"product_brand","embeddable":true,"href":"https:\/\/gpl-love.com\/fr\/wp-json\/wp\/v2\/product_brand?post=112790"},{"taxonomy":"product_cat","embeddable":true,"href":"https:\/\/gpl-love.com\/fr\/wp-json\/wp\/v2\/product_cat?post=112790"},{"taxonomy":"product_tag","embeddable":true,"href":"https:\/\/gpl-love.com\/fr\/wp-json\/wp\/v2\/product_tag?post=112790"}],"curies":[{"name":"wp","href":"https:\/\/api.w.org\/{rel}","templated":true}]}}