{"id":112789,"date":"2022-02-26T00:00:00","date_gmt":"2022-02-25T23:00:00","guid":{"rendered":"http:\/\/gpl-love.com\/fr\/produit\/all-in-one-support-button\/"},"modified":"2026-03-20T22:54:23","modified_gmt":"2026-03-20T21:54:23","slug":"all-in-one-support-button","status":"publish","type":"product","link":"https:\/\/gpl-love.com\/fr\/produit\/all-in-one-support-button\/","title":{"rendered":"All in One Support Button 2.2.4"},"content":{"rendered":"<h3>All in One Support Button Traits<\/h3>\n<p>Le bouton All In One est un outil incroyablement robuste et efficace qui rationalise consid\u00e9rablement et am\u00e9liore le support client pour les entreprises de toutes tailles et industries. Ce bouton innovant sert de solution \u00e0 guichet unique, accordant aux clients un acc\u00e8s sans effort \u00e0 un large \u00e9ventail de cha\u00eenes de support, y compris le chat en direct, le support t\u00e9l\u00e9phonique et l&rsquo;assistance par e-mail.<\/p>\n<p>Ce qui distingue ce bouton de support de ses concurrents, c&rsquo;est sa flexibilit\u00e9 et son adaptabilit\u00e9 remarquables. Il poss\u00e8de un haut niveau de personnalisation, permettant aux entreprises d&rsquo;adapter de mani\u00e8re transparente l&rsquo;exp\u00e9rience de soutien pour s&rsquo;aligner sur leur identit\u00e9 de marque unique et leurs besoins sp\u00e9cifiques. Qu&rsquo;il s&rsquo;agisse de la palette de couleurs, du style de police ou m\u00eame du placement sur le site Web ou l&rsquo;application, les entreprises ont un contr\u00f4le complet sur l&rsquo;apparence et les fonctions du bouton.<\/p>\n<p>De plus, le bouton All In One est con\u00e7u pour \u00eatre tr\u00e8s visible et facilement d\u00e9couvrable, garantissant que les clients n&rsquo;ont jamais \u00e0 lutter pour le localiser. En affichant de mani\u00e8re importante ce bouton sur leurs plateformes en ligne, les entreprises \u00e9liminent efficacement toute frustration ou confusion potentielle que les clients peuvent rencontrer lors de la recherche de soutien. Cette approche conviviale am\u00e9liore non seulement la satisfaction du client, mais am\u00e9liore \u00e9galement consid\u00e9rablement l&rsquo;efficacit\u00e9 globale du processus de support.<\/p>\n<p>Les avantages de la mise en \u0153uvre de ce bouton d&rsquo;assistance sont vraiment remarquables. En simplifiant et en centralisant le support client, les entreprises peuvent cultiver une exp\u00e9rience plus positive et sans couture pour leurs pr\u00e9cieux clients. Cela, \u00e0 son tour, conduit \u00e0 des niveaux de satisfaction accrus, ce qui augmente finalement la fid\u00e9lit\u00e9 et les taux de r\u00e9tention des clients. En investissant dans le bouton All In One Support, les entreprises peuvent am\u00e9liorer de mani\u00e8re proactive leur infrastructure de support, garantir que leurs clients re\u00e7oivent l&rsquo;assistance de premier ordre qu&rsquo;ils m\u00e9ritent et favorisent des relations \u00e0 long terme fond\u00e9es sur la confiance et la satisfaction.<\/p>\n<ul>\n<li>Bouton d&rsquo;assistance facile \u00e0 installer qui peut \u00eatre ajout\u00e9 \u00e0 n&rsquo;importe quel site Web<\/li>\n<li>Offre plusieurs options aux clients pour contacter l&rsquo;assistance, y compris le t\u00e9l\u00e9phone, le courrier \u00e9lectronique et le chat en direct<\/li>\n<li>Aide \u00e0 rationaliser les demandes des clients et \u00e0 r\u00e9duire le temps de r\u00e9ponse<\/li>\n<li>Conception personnalisable pour correspondre \u00e0 l&rsquo;apparence de votre site Web<\/li>\n<li>S&rsquo;int\u00e8gre aux plates-formes d&rsquo;assistance populaires, notamment Zendesk et Freshdesk<\/li>\n<li>Comprend des analyses pour suivre les demandes de support client et les temps de r\u00e9ponse<\/li>\n<li>Compatible avec tous les principaux navigateurs et appareils Web<\/li>\n<li>Offre une alternative rentable \u00e0 l&#8217;embauche de personnel de soutien suppl\u00e9mentaire<\/li>\n<li>Augmente la satisfaction du client en offrant un acc\u00e8s facile aux services de support<\/li>\n<li>\u00c9conomise du temps et des ressources en consolidant plusieurs canaux de support en une solution facile \u00e0 utiliser<\/li>\n<\/ul>\n","protected":false},"excerpt":{"rendered":"<p>Vous cherchez une fa\u00e7on transparente de se connecter avec vos clients? Ne cherchez pas plus loin que notre bouton de support tout en un. Cet outil innovant fournit une solution compl\u00e8te pour vos besoins de service client. C&rsquo;est plus qu&rsquo;un simple bouton; Il propose une fonctionnalit\u00e9 de chat en direct, une assistance par e-mail et m\u00eame une connectivit\u00e9 sur les r\u00e9seaux sociaux. Avec notre bouton d&rsquo;assistance, vous pouvez g\u00e9rer toutes les interactions des clients en un seul endroit, assurant un service fluide, efficace et r\u00e9actif. De r\u00e9pondre aux requ\u00eates \u00e0 la r\u00e9solution de probl\u00e8mes, ce bouton est votre outil ultime pour un excellent service client. D\u00e9couvrez la valeur qu&rsquo;elle apporte \u00e0 votre entreprise aujourd&rsquo;hui.<\/p>\n","protected":false},"featured_media":143114,"comment_status":"open","ping_status":"open","template":"","meta":[],"product_brand":[2435],"product_cat":[1189,1181,1186],"product_tag":[1231],"class_list":{"0":"post-112789","1":"product","2":"type-product","3":"status-publish","4":"has-post-thumbnail","6":"product_brand-codecanyon","7":"product_cat-personnalisation","8":"product_cat-plugins","9":"product_cat-wordpress-plugins","10":"product_tag-codecanyon","11":"member-discount","12":"discount-restricted","14":"first","15":"instock","16":"sale","17":"downloadable","18":"virtual","19":"sold-individually","20":"purchasable","21":"product-type-simple"},"_links":{"self":[{"href":"https:\/\/gpl-love.com\/fr\/wp-json\/wp\/v2\/product\/112789","targetHints":{"allow":["GET"]}}],"collection":[{"href":"https:\/\/gpl-love.com\/fr\/wp-json\/wp\/v2\/product"}],"about":[{"href":"https:\/\/gpl-love.com\/fr\/wp-json\/wp\/v2\/types\/product"}],"replies":[{"embeddable":true,"href":"https:\/\/gpl-love.com\/fr\/wp-json\/wp\/v2\/comments?post=112789"}],"wp:featuredmedia":[{"embeddable":true,"href":"https:\/\/gpl-love.com\/fr\/wp-json\/wp\/v2\/media\/143114"}],"wp:attachment":[{"href":"https:\/\/gpl-love.com\/fr\/wp-json\/wp\/v2\/media?parent=112789"}],"wp:term":[{"taxonomy":"product_brand","embeddable":true,"href":"https:\/\/gpl-love.com\/fr\/wp-json\/wp\/v2\/product_brand?post=112789"},{"taxonomy":"product_cat","embeddable":true,"href":"https:\/\/gpl-love.com\/fr\/wp-json\/wp\/v2\/product_cat?post=112789"},{"taxonomy":"product_tag","embeddable":true,"href":"https:\/\/gpl-love.com\/fr\/wp-json\/wp\/v2\/product_tag?post=112789"}],"curies":[{"name":"wp","href":"https:\/\/api.w.org\/{rel}","templated":true}]}}