{"id":112785,"date":"2025-08-31T00:00:00","date_gmt":"2025-08-30T22:00:00","guid":{"rendered":"http:\/\/gpl-love.com\/fr\/produit\/yith-woocommerce-featured-audio-video-content-premium\/"},"modified":"2026-05-10T06:31:47","modified_gmt":"2026-05-10T04:31:47","slug":"yith-woocommerce-featured-audio-video-content-premium","status":"publish","type":"product","link":"https:\/\/gpl-love.com\/fr\/produit\/yith-woocommerce-featured-audio-video-content-premium\/","title":{"rendered":"YITH Featured Audio et Video Content Premium 1.50.0"},"content":{"rendered":"<h3>YITH Featured Audio et Video Content Premium Traits<\/h3>\n<p>Yith en vedette de contenu audio et vid\u00e9o Premium est un plugin remarquablement sophistiqu\u00e9 qui permet aux propri\u00e9taires de sites Web la possibilit\u00e9 de montrer leur contenu audio et vid\u00e9o de mani\u00e8re esth\u00e9tique. En utilisant ce plugin ing\u00e9nieux, les utilisateurs ont la capacit\u00e9 d&rsquo;incorporer sans effort des vid\u00e9os de plates-formes populaires telles que YouTube ou Vimeo et les exposer artistiquement dans un format curseur ou grille sur leur site Web. De plus, ce plugin offre aux utilisateurs la commodit\u00e9 de t\u00e9l\u00e9charger des fichiers audio dans une multitude de formats, leur offrant la libert\u00e9 de pr\u00e9senter un tel contenu audio dans un lecteur audio sur mesure qui a la possibilit\u00e9 d&rsquo;\u00eatre m\u00e9ticuleusement stylis\u00e9 pour se fondre parfaitement avec la conception globale de leur site Web . Notamment, ce plugin poss\u00e8de \u00e9galement un \u00e9ventail de fonctionnalit\u00e9s qui impliquent des fonctionnalit\u00e9s vid\u00e9o en jeu, en boucle et en muette, qui peuvent toutes \u00eatre adapt\u00e9es pour r\u00e9pondre aux exigences sp\u00e9cifiques des propri\u00e9taires de sites Web individuels. De plus, les boutons et l\u00e9gendes personnalisables contribuent encore \u00e0 l&rsquo;attrait et \u00e0 la polyvalence de ce plugin. En adoptant la prime de contenu audio et vid\u00e9o en vedette de Yith, les propri\u00e9taires de sites Web ont l&rsquo;occasion inestimable de pr\u00e9senter efficacement leur contenu multim\u00e9dia, \u00e9levant ainsi l&rsquo;exp\u00e9rience utilisateur globale sur leur site estim\u00e9.<\/p>\n<ul>\n<li>Permet \u00e0 l&rsquo;utilisateur d&rsquo;ajouter facilement du contenu audio et vid\u00e9o en vedette \u00e0 son site Web<\/li>\n<li>Compatible avec WordPress, en faisant l&rsquo;installation et en configurant une brise<\/li>\n<li>Permet la personnalisation de l&rsquo;apparence et la disposition du contenu en vedette<\/li>\n<li>Prend en charge divers formats de fichiers audio et vid\u00e9o, y compris des vid\u00e9os MP3, WAV et YouTube<\/li>\n<li>Fournit une conception r\u00e9active, assurer la compatibilit\u00e9 avec diff\u00e9rentes tailles d&rsquo;\u00e9cran et appareils d&rsquo;\u00e9cran<\/li>\n<li>Offre un support d\u00e9di\u00e9 et des mises \u00e0 jour r\u00e9guli\u00e8res de l&rsquo;\u00e9quipe Yith<\/li>\n<li>Am\u00e9liore l&rsquo;engagement des utilisateurs et l&rsquo;interactivit\u00e9 du site Web via un contenu multim\u00e9dia<\/li>\n<li>Peut \u00eatre utilis\u00e9 dans n&rsquo;importe quel cr\u00e9neau de site Web, y compris les blogs, le commerce \u00e9lectronique, les nouvelles et les sites Web multim\u00e9dias<\/li>\n<li>Offre une flexibilit\u00e9 avec l&rsquo;affichage du contenu en vedette de la page d&rsquo;accueil, de la barre lat\u00e9rale ou de toute autre page du site Web<\/li>\n<li>Optimise la vitesse de chargement du site Web, minimisant l&rsquo;impact du contenu multim\u00e9dia sur les performances du site Web.<\/li>\n<\/ul>\n","protected":false},"excerpt":{"rendered":"<p>Le contenu audio et vid\u00e9o en vedette de Yith est un plugin exceptionnellement robuste et navigable sans effort qui vous accorde la possibilit\u00e9 de montrer votre contenu audio et vid\u00e9o d&rsquo;une mani\u00e8re extr\u00eamement captivante et esth\u00e9tique. B\u00e9n\u00e9ficiant d&rsquo;une vaste gamme de fonctionnalit\u00e9s personnalisables et d&rsquo;une compatibilit\u00e9 avec des plates-formes multim\u00e9dias de premier plan telles que YouTube et Vimeo, ce plugin premium repr\u00e9sente l&rsquo;\u00e9cart absolu d&rsquo;une solution id\u00e9ale pour les personnes cherchant \u00e0 augmenter leur site Web avec un contenu multim\u00e9dia impressionnant. Vous distinguer des masses et saisir l&rsquo;attention individuelle de votre public en incorporant la prime de contenu audio et vid\u00e9o en vedette de Yith.<\/p>\n","protected":false},"featured_media":146384,"comment_status":"open","ping_status":"open","template":"","meta":[],"product_brand":[2487],"product_cat":[1182,1223,1181],"product_tag":[1437],"class_list":{"0":"post-112785","1":"product","2":"type-product","3":"status-publish","4":"has-post-thumbnail","6":"product_brand-yith","7":"product_cat-commerce-electronique-plugins","8":"product_cat-personnalisation-commerce-electronique-plugins","9":"product_cat-plugins","10":"product_tag-yith","11":"member-discount","12":"discount-restricted","14":"first","15":"instock","16":"sale","17":"downloadable","18":"virtual","19":"sold-individually","20":"purchasable","21":"product-type-simple"},"_links":{"self":[{"href":"https:\/\/gpl-love.com\/fr\/wp-json\/wp\/v2\/product\/112785","targetHints":{"allow":["GET"]}}],"collection":[{"href":"https:\/\/gpl-love.com\/fr\/wp-json\/wp\/v2\/product"}],"about":[{"href":"https:\/\/gpl-love.com\/fr\/wp-json\/wp\/v2\/types\/product"}],"replies":[{"embeddable":true,"href":"https:\/\/gpl-love.com\/fr\/wp-json\/wp\/v2\/comments?post=112785"}],"wp:featuredmedia":[{"embeddable":true,"href":"https:\/\/gpl-love.com\/fr\/wp-json\/wp\/v2\/media\/146384"}],"wp:attachment":[{"href":"https:\/\/gpl-love.com\/fr\/wp-json\/wp\/v2\/media?parent=112785"}],"wp:term":[{"taxonomy":"product_brand","embeddable":true,"href":"https:\/\/gpl-love.com\/fr\/wp-json\/wp\/v2\/product_brand?post=112785"},{"taxonomy":"product_cat","embeddable":true,"href":"https:\/\/gpl-love.com\/fr\/wp-json\/wp\/v2\/product_cat?post=112785"},{"taxonomy":"product_tag","embeddable":true,"href":"https:\/\/gpl-love.com\/fr\/wp-json\/wp\/v2\/product_tag?post=112785"}],"curies":[{"name":"wp","href":"https:\/\/api.w.org\/{rel}","templated":true}]}}