{"id":112783,"date":"2025-07-07T00:00:00","date_gmt":"2025-07-06T22:00:00","guid":{"rendered":"http:\/\/gpl-love.com\/fr\/produit\/yellow-pencil-visual-css-style-editor\/"},"modified":"2026-03-20T23:52:34","modified_gmt":"2026-03-20T22:52:34","slug":"yellow-pencil-visual-css-style-editor","status":"publish","type":"product","link":"https:\/\/gpl-love.com\/fr\/produit\/yellow-pencil-visual-css-style-editor\/","title":{"rendered":"Yellow Pencil Visual CSS Style Editor 7.6.7"},"content":{"rendered":"<h3>Yellow Pencil Visual CSS Style Editor Traits<\/h3>\n<p>Yellow Crayer Visual CSS Style Editor est un outil de pointe qui a \u00e9t\u00e9 m\u00e9ticuleusement cr\u00e9\u00e9 pour aider les concepteurs Web et les d\u00e9veloppeurs \u00e0 fabriquer sans effort des pages Web visuellement \u00e9poustouflantes. Ce plugin remarquable est \u00e9quip\u00e9 d&rsquo;une interface intuitive de glisser-d\u00e9poser, garantissant que les utilisateurs peuvent adapter sans effort l&rsquo;esth\u00e9tique et l&rsquo;ambiance de leur site Web en temps r\u00e9el. La nature extr\u00eamement conviviale du crayon jaune permet aux individus de modifier de mani\u00e8re transparente les styles de police, les couleurs, les marges et un assortiment d&rsquo;autres \u00e9l\u00e9ments de conception, le tout sans avoir besoin de se plonger dans les subtilit\u00e9s du codage. En outre, le plugin poss\u00e8de une vaste gamme de styles et d&rsquo;animations pr\u00e9existants, offrant ainsi aux utilisateurs la possibilit\u00e9 de fa\u00e7onner des designs vraiment exceptionnels et captivants qui sont garantis pour attirer l&rsquo;attention. Que l&rsquo;on soit un novice ou un professionnel chevronn\u00e9 dans le domaine du d\u00e9veloppement Web, le crayon jaune s&rsquo;av\u00e8re inestimable pour rationaliser le processus de conception et faciliter la cr\u00e9ation rapide de pages Web \u00e0 couper le souffle.<\/p>\n<ul>\n<li>Modifier et personnaliser facilement le style du code CSS pour votre site Web<\/li>\n<li>L&rsquo;interface intuitive permet des changements rapides et simples<\/li>\n<li>Prend en charge plusieurs s\u00e9lecteurs et propri\u00e9t\u00e9s pour l&rsquo;\u00e9dition compl\u00e8te<\/li>\n<li>L&rsquo;aper\u00e7u en temps r\u00e9el vous montre exactement \u00e0 quoi ressemblera vos modifications sur votre site Web<\/li>\n<li>Compatible avec les cadres CSS populaires comme Bootstrap et Foundation<\/li>\n<li>La fonction de copie et de coller en un clic facilite le transfert de votre code modifi\u00e9 sur votre site Web<\/li>\n<li>L\u00e9ger et rapide, minimisant tout impact sur les performances de votre site Web<\/li>\n<li>Prix \u200b\u200bsimple sans frais ni abonnements r\u00e9currents<\/li>\n<li>Les mises \u00e0 jour et le support r\u00e9guliers garantissent un produit fiable et \u00e0 jour.<\/li>\n<\/ul>\n","protected":false},"excerpt":{"rendered":"<p>L&rsquo;\u00e9diteur de style CSS Visual Yellow Crayer se pr\u00e9sente comme un instrument robuste et capable dans le but de g\u00e9n\u00e9rer des sites Web visuellement attrayants et hautement sophistiqu\u00e9s. B\u00e9n\u00e9ficiant d&rsquo;une interface qui hi\u00e9rarte la convivialit\u00e9 et un \u00e9ventail d&rsquo;outils qui exigent un effort minimal pour fonctionner, cet \u00e9diteur \u00e9rade efficacement la n\u00e9cessit\u00e9 de coder lorsqu&rsquo;il s&rsquo;agit de fabriquer des styles CSS personnalis\u00e9s. Ind\u00e9pendamment de son niveau d&rsquo;expertise dans le domaine du d\u00e9veloppement Web, le crayon jaune fournit aux individus toutes les ressources n\u00e9cessaires pour s&rsquo;assurer que leur site Web appara\u00eet comme une entit\u00e9 exceptionnelle dans la vaste \u00e9tendue du domaine en ligne. Par cons\u00e9quent, il serait prudent de saisir cette opportunit\u00e9 et de commencer \u00e0 employer un crayon jaune dans la plus t\u00f4t commodit\u00e9, propulsant ainsi la conception de son site Web \u00e0 des hauteurs sans pr\u00e9c\u00e9dent!<\/p>\n","protected":false},"featured_media":146335,"comment_status":"open","ping_status":"open","template":"","meta":[],"product_brand":[2435],"product_cat":[1189,1181,1186],"product_tag":[1231],"class_list":{"0":"post-112783","1":"product","2":"type-product","3":"status-publish","4":"has-post-thumbnail","6":"product_brand-codecanyon","7":"product_cat-personnalisation","8":"product_cat-plugins","9":"product_cat-wordpress-plugins","10":"product_tag-codecanyon","11":"member-discount","12":"discount-restricted","14":"first","15":"instock","16":"sale","17":"downloadable","18":"virtual","19":"sold-individually","20":"purchasable","21":"product-type-simple"},"_links":{"self":[{"href":"https:\/\/gpl-love.com\/fr\/wp-json\/wp\/v2\/product\/112783","targetHints":{"allow":["GET"]}}],"collection":[{"href":"https:\/\/gpl-love.com\/fr\/wp-json\/wp\/v2\/product"}],"about":[{"href":"https:\/\/gpl-love.com\/fr\/wp-json\/wp\/v2\/types\/product"}],"replies":[{"embeddable":true,"href":"https:\/\/gpl-love.com\/fr\/wp-json\/wp\/v2\/comments?post=112783"}],"wp:featuredmedia":[{"embeddable":true,"href":"https:\/\/gpl-love.com\/fr\/wp-json\/wp\/v2\/media\/146335"}],"wp:attachment":[{"href":"https:\/\/gpl-love.com\/fr\/wp-json\/wp\/v2\/media?parent=112783"}],"wp:term":[{"taxonomy":"product_brand","embeddable":true,"href":"https:\/\/gpl-love.com\/fr\/wp-json\/wp\/v2\/product_brand?post=112783"},{"taxonomy":"product_cat","embeddable":true,"href":"https:\/\/gpl-love.com\/fr\/wp-json\/wp\/v2\/product_cat?post=112783"},{"taxonomy":"product_tag","embeddable":true,"href":"https:\/\/gpl-love.com\/fr\/wp-json\/wp\/v2\/product_tag?post=112783"}],"curies":[{"name":"wp","href":"https:\/\/api.w.org\/{rel}","templated":true}]}}