{"id":112781,"date":"2025-09-22T00:00:00","date_gmt":"2025-09-21T22:00:00","guid":{"rendered":"http:\/\/gpl-love.com\/fr\/produit\/all-products-for-woocommerce-subscriptions\/"},"modified":"2026-03-20T22:54:25","modified_gmt":"2026-03-20T21:54:25","slug":"all-products-for-woocommerce-subscriptions","status":"publish","type":"product","link":"https:\/\/gpl-love.com\/fr\/produit\/all-products-for-woocommerce-subscriptions\/","title":{"rendered":"All Products pour WooCommerce Subscriptions 6.0.7"},"content":{"rendered":"<h3>All Products pour WooCommerce Subscriptions Traits<\/h3>\n<p>Tous les produits pour les abonnements WooCommerce sont un plugin incroyablement robuste et riche en fonctionnalit\u00e9s qui vous permet de g\u00e9n\u00e9rer et de g\u00e9rer sans effort des produits bas\u00e9s sur l&rsquo;abonnement dans votre boutique WooCommerce. Ce plugin innovant vous accorde la possibilit\u00e9 de fournir \u00e0 vos clients estim\u00e9s une pl\u00e9thore d&rsquo;options d&rsquo;abonnement, englobant la commodit\u00e9 des paiements r\u00e9currents, des essais de produits attrayants, ainsi que des remises irr\u00e9sistibles. En outre, vous avez la capacit\u00e9 d&rsquo;\u00e9tablir des plans d&rsquo;abonnement qui s&rsquo;adressent aux produits individuels, aux cat\u00e9gories de produits ou m\u00eame \u00e0 l&rsquo;ensemble de votre magasin, vous offrant ainsi une flexibilit\u00e9 et une adaptabilit\u00e9 in\u00e9gal\u00e9es. De plus, ce plugin convivial propose une vaste gamme d&rsquo;options de personnalisation, vous permettant d&rsquo;adapter m\u00e9ticuleusement vos produits d&rsquo;abonnement pour s&rsquo;aligner parfaitement avec vos exigences et pr\u00e9f\u00e9rences distinctes. Que vous vous sp\u00e9cialisiez dans la vente de t\u00e9l\u00e9chargements num\u00e9riques, de produits tangibles ou de services, l&rsquo;indispensabilit\u00e9 de tous les produits pour les abonnements WooCommerce est incontestable, repr\u00e9sentant un outil essentiel que chaque propri\u00e9taire de magasin de WooCommerce d\u00e9di\u00e9 doit poss\u00e9der afin d&rsquo;optimiser et de renforcer leurs flux de revenus r\u00e9currents.<\/p>\n<ul>\n<li>Une solution compl\u00e8te pour offrir des plans d&rsquo;abonnement pour les produits WooCommerce<\/li>\n<li>Vous permet de cr\u00e9er et de g\u00e9rer plusieurs plans d&rsquo;abonnement avec des intervalles de prix et de facturation diff\u00e9rents<\/li>\n<li>Permet une gestion de renouvellement facile, des paiements automatiques et des notifications par e-mail personnalis\u00e9es<\/li>\n<li>Offre un large \u00e9ventail de supports de passerelle de paiement, y compris PayPal, Stripe, et plus<\/li>\n<li>Livr\u00e9 avec des outils de reporting et d&rsquo;analyse faciles \u00e0 utiliser pour vous aider \u00e0 suivre les donn\u00e9es de vente et d&rsquo;abonn\u00e9<\/li>\n<li>Compatible avec une vari\u00e9t\u00e9 de types de produits WooCommerce, y compris les produits num\u00e9riques et variables<\/li>\n<li>Prend en charge des sc\u00e9narios d&rsquo;abonnement complexes tels que des essais gratuits, des frais d&rsquo;inscription et une facturation au prorata<\/li>\n<li>Fournit une int\u00e9gration transparente avec des plugins WooCommerce populaires comme des modules compl\u00e9mentaires de produits, des produits composites, et plus encore<\/li>\n<li>Vous aide \u00e0 augmenter les revenus et la r\u00e9tention des clients en offrant des options d&rsquo;abonnement flexibles \u00e0 vos clients<\/li>\n<\/ul>\n","protected":false},"excerpt":{"rendered":"<p>D\u00e9couvrez la puissance de la flexibilit\u00e9 et du contr\u00f4le avec tous les produits pour les abonnements WooCommerce. Ce plugin WordPress complet vous permet de cr\u00e9er et de g\u00e9rer des produits et des services, en les transformant en offres d&rsquo;abonnement. C&rsquo;est la solution parfaite pour les entreprises qui cherchent \u00e0 \u00e9tablir une source de revenus stable et \u00e0 fournir \u00e0 leurs clients un processus d&rsquo;abonnement transparent. Les fonctionnalit\u00e9s cl\u00e9s incluent la possibilit\u00e9 d&rsquo;ajouter des plans d&rsquo;abonnement aux produits existants, plusieurs calendriers de facturation et la possibilit\u00e9 de faire basculer les clients entre les plans d&rsquo;abonnement. Avec tous les produits pour les abonnements WooCommerce, vous ne vendez pas seulement des produits, mais aussi de la valeur et de la commodit\u00e9.<\/p>\n","protected":false},"featured_media":143116,"comment_status":"open","ping_status":"open","template":"","meta":[],"product_brand":[2440],"product_cat":[1359,1182,1181],"product_tag":[1398],"class_list":{"0":"post-112781","1":"product","2":"type-product","3":"status-publish","4":"has-post-thumbnail","6":"product_brand-woocommerce","7":"product_cat-adhesion-commerce-electronique-plugins","8":"product_cat-commerce-electronique-plugins","9":"product_cat-plugins","10":"product_tag-woocommerce","11":"member-discount","12":"discount-restricted","14":"first","15":"instock","16":"sale","17":"downloadable","18":"virtual","19":"sold-individually","20":"purchasable","21":"product-type-simple"},"_links":{"self":[{"href":"https:\/\/gpl-love.com\/fr\/wp-json\/wp\/v2\/product\/112781","targetHints":{"allow":["GET"]}}],"collection":[{"href":"https:\/\/gpl-love.com\/fr\/wp-json\/wp\/v2\/product"}],"about":[{"href":"https:\/\/gpl-love.com\/fr\/wp-json\/wp\/v2\/types\/product"}],"replies":[{"embeddable":true,"href":"https:\/\/gpl-love.com\/fr\/wp-json\/wp\/v2\/comments?post=112781"}],"wp:featuredmedia":[{"embeddable":true,"href":"https:\/\/gpl-love.com\/fr\/wp-json\/wp\/v2\/media\/143116"}],"wp:attachment":[{"href":"https:\/\/gpl-love.com\/fr\/wp-json\/wp\/v2\/media?parent=112781"}],"wp:term":[{"taxonomy":"product_brand","embeddable":true,"href":"https:\/\/gpl-love.com\/fr\/wp-json\/wp\/v2\/product_brand?post=112781"},{"taxonomy":"product_cat","embeddable":true,"href":"https:\/\/gpl-love.com\/fr\/wp-json\/wp\/v2\/product_cat?post=112781"},{"taxonomy":"product_tag","embeddable":true,"href":"https:\/\/gpl-love.com\/fr\/wp-json\/wp\/v2\/product_tag?post=112781"}],"curies":[{"name":"wp","href":"https:\/\/api.w.org\/{rel}","templated":true}]}}