{"id":112779,"date":"2026-02-18T00:00:00","date_gmt":"2026-02-17T23:00:00","guid":{"rendered":"http:\/\/gpl-love.com\/fr\/produit\/backupbuddy-backup-wordpress-plugin\/"},"modified":"2026-03-20T22:55:55","modified_gmt":"2026-03-20T21:55:55","slug":"backupbuddy-backup-wordpress-plugin","status":"publish","type":"product","link":"https:\/\/gpl-love.com\/fr\/produit\/backupbuddy-backup-wordpress-plugin\/","title":{"rendered":"Solid Backups (BackupBuddy) 9.1.18"},"content":{"rendered":"<h3>Solid Backups (BackupBuddy) Traits<\/h3>\n<p>BackupBuddy, un plugin WordPress extr\u00eamement fiable et accessible sans effort, conf\u00e8re gracieusement les utilisateurs d&rsquo;un rem\u00e8de global pour prot\u00e9ger leurs sites Web. Ce plugin exceptionnel profite d&rsquo;une pl\u00e9thore de fonctionnalit\u00e9s inestimables, notamment la fourniture de sauvegardes automatis\u00e9es, la facilitation transparente de la migration du site et la disponibilit\u00e9 des options de restauration. De mani\u00e8re distincte, BackupBuddy permet aux utilisateurs de planifier facilement les sauvegardes \u00e0 leur propre discr\u00e9tion, tout en ayant la commodit\u00e9 suppl\u00e9mentaire de stocker en toute s\u00e9curit\u00e9 lesdites sauvegardes dans des destinations hors site qui poss\u00e8dent des mesures de s\u00e9curit\u00e9 in\u00e9gal\u00e9es, telles que la dropbox tr\u00e8s acclam\u00e9e, le Google Drive largement reconnu et l&rsquo;Amazon estim\u00e9 et tr\u00e8s appr\u00e9ci\u00e9, le Drive Drive largement reconnu et l&rsquo;Amazon estim\u00e9e S3. De plus, ce plugin atteste en outre son utilitaire in\u00e9gal\u00e9 en offrant une fonction de restauration en un clic remarquablement opportun qui permet rapidement aux utilisateurs de r\u00e9cup\u00e9rer rapidement leur site \u00e0 la suite d&rsquo;une calamit\u00e9 impr\u00e9vue. Tout bien consid\u00e9r\u00e9, il devient clairement clairement que Backupbuddy occupe incontestablement une place indispensable dans l&rsquo;arsenal de tout propri\u00e9taire de site Web de Wordpress prudent, cherchant ardemment une garantie inflexible que leur site bien-aim\u00e9 jouit constamment de la tranquillit\u00e9 d&rsquo;esprit qui s&rsquo;accompagne en toute s\u00e9curit\u00e9 et efficacement.<\/p>\n<ul>\n<li>Fournit une protection compl\u00e8te de sauvegarde pour les sites Web WordPress<\/li>\n<li>Permet des sauvegardes planifi\u00e9es, afin que les propri\u00e9taires de sites Web puissent s&rsquo;assurer que toutes les donn\u00e9es sont enregistr\u00e9es r\u00e9guli\u00e8rement<\/li>\n<li>Prend en charge plusieurs emplacements pour les sauvegardes, y compris les options de stockage cloud comme Dropbox et Google Drive<\/li>\n<li>Offre des options de migration faciles pour les propri\u00e9taires de sites Web qui souhaitent passer \u00e0 un nouveau domaine ou serveur<\/li>\n<li>Comprend une interface conviviale qui facilite la configuration et la gestion des sauvegardes<\/li>\n<li>Fournit des options pour les param\u00e8tres de sauvegarde personnalisables, afin que les propri\u00e9taires de sites Web puissent choisir de stocker certains types de fichiers ou d&rsquo;exclure d&rsquo;autres<\/li>\n<li>Offre la possibilit\u00e9 de restaurer les sauvegardes rapidement et facilement en cas de crash de site ou de piratage<\/li>\n<li>Livr\u00e9 avec un support client fiable, y compris des articles de base de connaissances, un chat en direct et un support de billets<\/li>\n<\/ul>\n","protected":false},"excerpt":{"rendered":"<p>D\u00e9couvrez la protection ultime de votre site Web avec des sauvegardes solides iThemes (BackupBuddy). Ce plugin de sauvegarde WordPress est con\u00e7u pour s\u00e9curiser tout le contenu de votre site Web, y compris vos fichiers de th\u00e8me, votre biblioth\u00e8que de m\u00e9dias et vos bases de donn\u00e9es, en vous assurant de ne jamais perdre vos pr\u00e9cieuses donn\u00e9es. Avec une planification facile, vous pouvez automatiser vos sauvegardes pour fonctionner sur une base quotidienne, hebdomadaire ou mensuelle, offrant une solution transparente et sans souci. BackupBuddy offre \u00e9galement une sauvegarde en temps r\u00e9el, garantissant que vos donn\u00e9es sont toujours \u00e0 jour. Profitez du stockage hors site en toute s\u00e9curit\u00e9 avec notre fonction de sauvegarde cloud, vous permettant de stocker vos sauvegardes en toute s\u00e9curit\u00e9. Avec les sauvegardes solides iThemes, vous pouvez restaurer votre site Web rapidement, vous r\u00e9cup\u00e9rer en ligne et fonctionner en un rien de temps. Ce plugin de sauvegarde WordPress est votre police d&rsquo;assurance ultime contre la perte de donn\u00e9es, assurant la tranquillit\u00e9 d&rsquo;esprit et la s\u00e9curit\u00e9 totale.<\/p>\n","protected":false},"featured_media":143217,"comment_status":"open","ping_status":"open","template":"","meta":[],"product_brand":[2466],"product_cat":[1187,1181,1186],"product_tag":[2368],"class_list":{"0":"post-112779","1":"product","2":"type-product","3":"status-publish","4":"has-post-thumbnail","6":"product_brand-solidwp","7":"product_cat-administration-wordpress-plugins","8":"product_cat-plugins","9":"product_cat-wordpress-plugins","10":"product_tag-solidwp","11":"member-discount","12":"discount-restricted","14":"first","15":"instock","16":"sale","17":"downloadable","18":"virtual","19":"sold-individually","20":"purchasable","21":"product-type-simple"},"_links":{"self":[{"href":"https:\/\/gpl-love.com\/fr\/wp-json\/wp\/v2\/product\/112779","targetHints":{"allow":["GET"]}}],"collection":[{"href":"https:\/\/gpl-love.com\/fr\/wp-json\/wp\/v2\/product"}],"about":[{"href":"https:\/\/gpl-love.com\/fr\/wp-json\/wp\/v2\/types\/product"}],"replies":[{"embeddable":true,"href":"https:\/\/gpl-love.com\/fr\/wp-json\/wp\/v2\/comments?post=112779"}],"wp:featuredmedia":[{"embeddable":true,"href":"https:\/\/gpl-love.com\/fr\/wp-json\/wp\/v2\/media\/143217"}],"wp:attachment":[{"href":"https:\/\/gpl-love.com\/fr\/wp-json\/wp\/v2\/media?parent=112779"}],"wp:term":[{"taxonomy":"product_brand","embeddable":true,"href":"https:\/\/gpl-love.com\/fr\/wp-json\/wp\/v2\/product_brand?post=112779"},{"taxonomy":"product_cat","embeddable":true,"href":"https:\/\/gpl-love.com\/fr\/wp-json\/wp\/v2\/product_cat?post=112779"},{"taxonomy":"product_tag","embeddable":true,"href":"https:\/\/gpl-love.com\/fr\/wp-json\/wp\/v2\/product_tag?post=112779"}],"curies":[{"name":"wp","href":"https:\/\/api.w.org\/{rel}","templated":true}]}}