{"id":112777,"date":"2024-10-14T00:00:00","date_gmt":"2024-10-13T22:00:00","guid":{"rendered":"http:\/\/gpl-love.com\/fr\/produit\/woocommerce-frontend-manager-ultimate-wcfm\/"},"modified":"2026-03-20T23:45:48","modified_gmt":"2026-03-20T22:45:48","slug":"woocommerce-frontend-manager-ultimate-wcfm","status":"publish","type":"product","link":"https:\/\/gpl-love.com\/fr\/produit\/woocommerce-frontend-manager-ultimate-wcfm\/","title":{"rendered":"WooCommerce Frontend Manager Ultimate (WCFM) 6.7.5"},"content":{"rendered":"<h3>WooCommerce Frontend Manager Ultimate (WCFM) Traits<\/h3>\n<p>WooCommerce Frontend Manager Ultimate (WCFM) est un outil exceptionnellement puissant qui permet aux propri\u00e9taires de sites Web la gestion efficace de leurs magasins en ligne. En tirant parti du WCFM, les propri\u00e9taires de sites Web peuvent accorder \u00e0 leurs fournisseurs un contr\u00f4le complet sur des aspects cruciaux tels que les produits, les commandes, les coupons, etc., tout en maintenant une vue sur les oiseaux des op\u00e9rations du magasin. L&rsquo;interface conviviale du plugin garantit une utilisation sans effort, permettant aux fournisseurs d&rsquo;int\u00e9grer, de modifier et d&rsquo;\u00e9liminer sans effort les produits de leur magasin. En outre, ce plugin comprend un \u00e9ventail de fonctionnalit\u00e9s, notamment des analyses avanc\u00e9es, des capacit\u00e9s de gestion des exp\u00e9ditions et la possibilit\u00e9 d&rsquo;incorporer des variations de produits, ce qui le rend un atout indispensable pour quiconque participant au domaine de la gestion des boutiques en ligne. En r\u00e9sum\u00e9, WCFM se pr\u00e9sente comme une solution exceptionnelle pour les personnes qui cherchent \u00e0 optimiser la fonctionnalit\u00e9 de leur magasin et \u00e0 augmenter l&rsquo;exp\u00e9rience d&rsquo;achat globale de leur client\u00e8le estim\u00e9e.<\/p>\n<ul>\n<li>Fournit une solution compl\u00e8te de gestion frontale pour les magasins WooCommerce<\/li>\n<li>Permet aux propri\u00e9taires de magasins de d\u00e9l\u00e9guer les op\u00e9rations des magasins \u00e0 plusieurs fournisseurs<\/li>\n<li>Permet aux fournisseurs de g\u00e9rer leurs propres produits, commandes, coupons et rapports<\/li>\n<li>Offre un tableau de bord personnalisable pour chaque fournisseur avec une gamme de widgets<\/li>\n<li>Comprend des outils avanc\u00e9s de gestion de produits tels que l&rsquo;importation \/ exportation de produits, la gestion des galeries et l&rsquo;\u00e9dition de produits frontaux<\/li>\n<li>Prend en charge plusieurs types de produits, y compris les produits simples, variables, group\u00e9s, externes et d&rsquo;abonnement<\/li>\n<li>Fournit un syst\u00e8me de gestion de r\u00e9servation et de nomination d\u00e9di\u00e9<\/li>\n<li>Offre un syst\u00e8me de gestion des exp\u00e9ditions int\u00e9gr\u00e9e avec la prise en charge de plusieurs m\u00e9thodes d&rsquo;exp\u00e9dition et zones<\/li>\n<li>Comprend un syst\u00e8me de messagerie int\u00e9gr\u00e9 pour les vendeurs et les clients<\/li>\n<li>Offre une int\u00e9gration approfondie de la passerelle de paiement et un support de devises multiples<\/li>\n<li>Fournit des outils d\u00e9taill\u00e9s de rapports et d&rsquo;analyse pour les fournisseurs et les propri\u00e9taires de magasins.<\/li>\n<\/ul>\n","protected":false},"excerpt":{"rendered":"<p>WooCommerce Frontend Manager Ultimate (WCFM) est un outil incroyablement robuste et tr\u00e8s efficace, con\u00e7u sp\u00e9cifiquement pour rationaliser et optimiser la gestion de votre boutique en ligne. En tirant parti de la puissance de WCFM, les fournisseurs sont autoris\u00e9s \u00e0 superviser et \u00e0 maintenir sans effort le contr\u00f4le de leur propre gamme de produits expansive, \u00e0 traiter de mani\u00e8re transparente les commandes et \u00e0 s&rsquo;engager avec les clients, le tout via le frontend intuitif du site Web. En outre, cette plate-forme exceptionnelle offre la commodit\u00e9 suppl\u00e9mentaire de permettre des t\u00e9l\u00e9chargements de produits simples, tout en poss\u00e9dant une gamme de fonctionnalit\u00e9s hautement souhaitables, y compris le calcul automatis\u00e9 des commissions, la possibilit\u00e9 de modifier les produits en vrac et une vaste s\u00e9lection d&rsquo;alternatives d&rsquo;exp\u00e9dition flexibles et de paiement . De toute \u00e9vidence, le WCFM repr\u00e9sente la solution d\u00e9finitive pour les personnes cherchant \u00e0 administrer leur boutique en ligne d&rsquo;une mani\u00e8re qui est \u00e0 la fois rafra\u00eechissante et respectueuse et remarquablement efficace.<\/p>\n","protected":false},"featured_media":145894,"comment_status":"open","ping_status":"open","template":"","meta":[],"product_brand":[2697],"product_cat":[1183,1182,1181],"product_tag":[1820],"class_list":{"0":"post-112777","1":"product","2":"type-product","3":"status-publish","4":"has-post-thumbnail","6":"product_brand-wc-lovers","7":"product_cat-administration","8":"product_cat-commerce-electronique-plugins","9":"product_cat-plugins","10":"product_tag-wc-lovers","11":"member-discount","12":"discount-restricted","14":"first","15":"instock","16":"sale","17":"downloadable","18":"virtual","19":"sold-individually","20":"purchasable","21":"product-type-simple"},"_links":{"self":[{"href":"https:\/\/gpl-love.com\/fr\/wp-json\/wp\/v2\/product\/112777","targetHints":{"allow":["GET"]}}],"collection":[{"href":"https:\/\/gpl-love.com\/fr\/wp-json\/wp\/v2\/product"}],"about":[{"href":"https:\/\/gpl-love.com\/fr\/wp-json\/wp\/v2\/types\/product"}],"replies":[{"embeddable":true,"href":"https:\/\/gpl-love.com\/fr\/wp-json\/wp\/v2\/comments?post=112777"}],"wp:featuredmedia":[{"embeddable":true,"href":"https:\/\/gpl-love.com\/fr\/wp-json\/wp\/v2\/media\/145894"}],"wp:attachment":[{"href":"https:\/\/gpl-love.com\/fr\/wp-json\/wp\/v2\/media?parent=112777"}],"wp:term":[{"taxonomy":"product_brand","embeddable":true,"href":"https:\/\/gpl-love.com\/fr\/wp-json\/wp\/v2\/product_brand?post=112777"},{"taxonomy":"product_cat","embeddable":true,"href":"https:\/\/gpl-love.com\/fr\/wp-json\/wp\/v2\/product_cat?post=112777"},{"taxonomy":"product_tag","embeddable":true,"href":"https:\/\/gpl-love.com\/fr\/wp-json\/wp\/v2\/product_tag?post=112777"}],"curies":[{"name":"wp","href":"https:\/\/api.w.org\/{rel}","templated":true}]}}