{"id":112775,"date":"2024-02-12T00:00:00","date_gmt":"2024-02-11T23:00:00","guid":{"rendered":"http:\/\/gpl-love.com\/fr\/produit\/css-hero-visual-css-editor-customize-wordpress-themes-live\/"},"modified":"2026-03-20T22:59:29","modified_gmt":"2026-03-20T21:59:29","slug":"css-hero-visual-css-editor-customize-wordpress-themes-live","status":"publish","type":"product","link":"https:\/\/gpl-love.com\/fr\/produit\/css-hero-visual-css-editor-customize-wordpress-themes-live\/","title":{"rendered":"CSS Hero Visual CSS Editor Customize WordPress Themes Live 5.1.0"},"content":{"rendered":"<h3>CSS Hero Visual CSS Editor Customize WordPress Themes Live Traits<\/h3>\n<p>L&rsquo;\u00e9diteur CSS Visual CSS CSS Hero est un outil incroyablement innovant et r\u00e9volutionnaire qui donne aux utilisateurs la possibilit\u00e9 de personnaliser les th\u00e8mes WordPress dans un cadre en direct. Il poss\u00e8de une interface conviviale qui permet aux individus de modifier sans effort l&rsquo;apparence globale de leur site Web, le tout sans avoir besoin d&rsquo;expertise de codage. Cet outil remarquable offre une vaste gamme d&rsquo;options de personnalisation qui accordent aux utilisateurs la possibilit\u00e9 d&rsquo;adapter divers aspects tels que les polices, les couleurs, la mise en page et bien plus encore. Ce qui distingue vraiment cet outil, c&rsquo;est sa fonction de montage en temps r\u00e9el, qui permet aux utilisateurs de voir les modifications qu&rsquo;ils apportent \u00e0 leur apporter. Cette caract\u00e9ristique incroyable permet une exp\u00e9rimentation transparente jusqu&rsquo;\u00e0 ce que l&rsquo;on r\u00e9alise leur esth\u00e9tique souhait\u00e9e. Que l&rsquo;on soit un novice ou un d\u00e9veloppeur chevronn\u00e9, l&rsquo;\u00e9diteur CSS Visual CSS Visual CSS rationalise sans effort le processus de personnalisation d&rsquo;un site WordPress, ce qui permet en fin de compte des utilisateurs de temps et d&rsquo;efforts substantiels, tout en donnant simultan\u00e9ment des r\u00e9sultats visuellement \u00e9tonnants.<\/p>\n<ul>\n<li>CSS Hero est un \u00e9diteur CSS visuel qui vous permet de personnaliser WordPress Th\u00e8mes Live.<\/li>\n<li>Avec CSS Hero, vous pouvez facilement modifier la conception de votre site Web sans aucune connaissance ou comp\u00e9tence de codage.<\/li>\n<li>L&rsquo;\u00e9diteur visuel vous permet de voir vos modifications en temps r\u00e9el, sans avoir \u00e0 actualiser la page.<\/li>\n<li>Vous pouvez personnaliser tous les aspects de votre th\u00e8me WordPress, y compris les polices, les couleurs, les arri\u00e8re-plans, etc.<\/li>\n<li>CSS Hero est compatible avec tous les th\u00e8mes WordPress et fonctionne avec tous les plugins populaires.<\/li>\n<li>L&rsquo;interface ponctuelle et clicage facilite la modification et voir les r\u00e9sultats imm\u00e9diatement.<\/li>\n<li>Avec CSS Hero, vous pouvez \u00e9conomiser du temps et de l&rsquo;argent en \u00e9vitant la n\u00e9cessit\u00e9 d&#8217;embaucher un d\u00e9veloppeur ou un concepteur.<\/li>\n<li>Le tableau de bord convivial vous permet de g\u00e9rer la conception CSS de votre site Web \u00e0 partir d&rsquo;un seul endroit.<\/li>\n<li>Avec une biblioth\u00e8que de pr\u00e9r\u00e9glages de style pr\u00e9fabriqu\u00e9, vous pouvez rapidement appliquer des conceptions d&rsquo;aspect professionnel sur votre site Web.<\/li>\n<li>CSS Hero est toujours \u00e0 jour avec les derni\u00e8res tendances de conception Web, garantissant que votre site Web a toujours l&rsquo;air frais et moderne.<\/li>\n<\/ul>\n","protected":false},"excerpt":{"rendered":"<p>D\u00e9couvrez le pouvoir de l&rsquo;\u00e9dition en temps r\u00e9el avec l&rsquo;\u00e9diteur CSS CSS CSS Hero Visual. Cet outil dynamique vous permet de personnaliser les th\u00e8mes WordPress en direct, vous donnant un contr\u00f4le in\u00e9gal\u00e9 sur l&rsquo;esth\u00e9tique de votre site Web. Avec CSS Hero, vous avez la libert\u00e9 de modifier tous les aspects de votre th\u00e8me, des polices et des couleurs \u00e0 la mise en page et \u00e0 l&rsquo;espacement. Son interface conviviale est con\u00e7ue pour le codage des pros et des novices, offrant une gamme d&rsquo;options de l&rsquo;\u00e9dition de code direct \u00e0 une approche simple et click. Am\u00e9liorez l&rsquo;attrait visuel de votre site, l&rsquo;exp\u00e9rience utilisateur et les performances globales avec CSS Hero. Lib\u00e9rez votre cr\u00e9ativit\u00e9 et \u00e9tablissez votre identit\u00e9 de marque unique en ligne. Commencez votre voyage avec CSS Hero aujourd&rsquo;hui et profitez de vos th\u00e8mes WordPress.<\/p>\n","protected":false},"featured_media":143449,"comment_status":"open","ping_status":"open","template":"","meta":[],"product_brand":[2498],"product_cat":[1189,1181,1186],"product_tag":[1819],"class_list":{"0":"post-112775","1":"product","2":"type-product","3":"status-publish","4":"has-post-thumbnail","6":"product_brand-css-hero","7":"product_cat-personnalisation","8":"product_cat-plugins","9":"product_cat-wordpress-plugins","10":"product_tag-css-hero","11":"member-discount","12":"discount-restricted","14":"first","15":"instock","16":"sale","17":"downloadable","18":"virtual","19":"sold-individually","20":"purchasable","21":"product-type-simple"},"_links":{"self":[{"href":"https:\/\/gpl-love.com\/fr\/wp-json\/wp\/v2\/product\/112775","targetHints":{"allow":["GET"]}}],"collection":[{"href":"https:\/\/gpl-love.com\/fr\/wp-json\/wp\/v2\/product"}],"about":[{"href":"https:\/\/gpl-love.com\/fr\/wp-json\/wp\/v2\/types\/product"}],"replies":[{"embeddable":true,"href":"https:\/\/gpl-love.com\/fr\/wp-json\/wp\/v2\/comments?post=112775"}],"wp:featuredmedia":[{"embeddable":true,"href":"https:\/\/gpl-love.com\/fr\/wp-json\/wp\/v2\/media\/143449"}],"wp:attachment":[{"href":"https:\/\/gpl-love.com\/fr\/wp-json\/wp\/v2\/media?parent=112775"}],"wp:term":[{"taxonomy":"product_brand","embeddable":true,"href":"https:\/\/gpl-love.com\/fr\/wp-json\/wp\/v2\/product_brand?post=112775"},{"taxonomy":"product_cat","embeddable":true,"href":"https:\/\/gpl-love.com\/fr\/wp-json\/wp\/v2\/product_cat?post=112775"},{"taxonomy":"product_tag","embeddable":true,"href":"https:\/\/gpl-love.com\/fr\/wp-json\/wp\/v2\/product_tag?post=112775"}],"curies":[{"name":"wp","href":"https:\/\/api.w.org\/{rel}","templated":true}]}}