{"id":112773,"date":"2025-09-11T00:00:00","date_gmt":"2025-09-10T22:00:00","guid":{"rendered":"http:\/\/gpl-love.com\/fr\/produit\/wordpress-auto-spinner-articles-rewriter-plugin\/"},"modified":"2026-03-20T23:48:59","modified_gmt":"2026-03-20T22:48:59","slug":"wordpress-auto-spinner-articles-rewriter-plugin","status":"publish","type":"product","link":"https:\/\/gpl-love.com\/fr\/produit\/wordpress-auto-spinner-articles-rewriter-plugin\/","title":{"rendered":"WordPress Auto Spinner Articles Rewriter Plugin 3.27.0"},"content":{"rendered":"<h3>WordPress Auto Spinner Articles Rewriter Plugin Traits<\/h3>\n<p>Le plugin Rewriter Rewriter WordPress Auto Spinner Articles est un outil tr\u00e8s louable qui aide \u00e0 la cr\u00e9ation d&rsquo;un contenu unique et nouveau pour votre site Web ou blog. En r\u00e9alisant et en r\u00e9\u00e9crivant automatiquement vos articles pr\u00e9existants, il am\u00e9liore leur lisibilit\u00e9 et captive les lecteurs plus efficacement. Le plugin poss\u00e8de une fonctionnalit\u00e9 conviviale et englobe une gamme diversifi\u00e9e de fonctionnalit\u00e9s qui facilitent la personnalisation de la sortie pour s&rsquo;aligner sur vos besoins sp\u00e9cifiques. En embrassant le spinner Auto WordPress, vous pouvez \u00e9conomiser le temps et l&rsquo;effort, tout en \u00e9levant le calibre et la signification de votre contenu. Que vous assumez le r\u00f4le d&rsquo;un blogueur, d&rsquo;un marketing ou d&rsquo;un propri\u00e9taire d&rsquo;entreprise, ce plugin s&rsquo;av\u00e8re indispensable aux personnes cherchant \u00e0 amplifier leur pr\u00e9sence en ligne et \u00e0 augmenter le trafic vers leur site Web.<\/p>\n<ul>\n<li>R\u00e9\u00e9crire automatiquement les articles pour cr\u00e9er un contenu unique<\/li>\n<li>S&rsquo;int\u00e8gre \u00e0 WordPress pour faire tourner facilement des articles dans la plate-forme<\/li>\n<li>Utilise une technologie de rotation intelligente pour pr\u00e9server la lisibilit\u00e9 et le sens<\/li>\n<li>Offre plusieurs options de spin pour adapter le niveau d&rsquo;unicit\u00e9<\/li>\n<li>Livr\u00e9 avec une base de donn\u00e9es synonymes int\u00e9gr\u00e9e pour une rotation rapide et facile<\/li>\n<li>Compatible avec tous les principaux th\u00e8mes et plugins<\/li>\n<li>Peut \u00eatre utilis\u00e9 \u00e0 des fins personnelles et commerciales<\/li>\n<li>Gave le temps et les efforts en automatisant le processus de r\u00e9\u00e9criture<\/li>\n<li>Parfait pour les blogueurs, les cr\u00e9ateurs de contenu et les professionnels du r\u00e9f\u00e9rencement<\/li>\n<li>Fournit une solution rentable pour g\u00e9n\u00e9rer un contenu unique \u00e0 grande \u00e9chelle<\/li>\n<\/ul>\n","protected":false},"excerpt":{"rendered":"<p>Le plugin Rewriter Rewriter WordPress Auto Spinner Articles a \u00e9t\u00e9 m\u00e9ticuleusement d\u00e9velopp\u00e9 pour offrir une assistance in\u00e9gal\u00e9e dans l&rsquo;automatisation de la cr\u00e9ation de contenu. En raison de son algorithme tr\u00e8s sophistiqu\u00e9, ce plugin r\u00e9volutionnaire poss\u00e8de la capacit\u00e9 de transformer ing\u00e9nieusement vos articles en interpr\u00e9tations distinctives qui sont non seulement optimis\u00e9es par moteur de recherche mais aussi remarquablement uniques. Par cons\u00e9quent, cet outil inestimable est sur le point non seulement de minimiser le temps et l&rsquo;effort requis pour g\u00e9n\u00e9rer un nouveau contenu, mais \u00e9galement augmenter le classement des moteurs de recherche de votre site Web estim\u00e9. Que vous soyez un blogueur accompli, un marketing astucieux ou un propri\u00e9taire d&rsquo;entreprise visionnaire, soyez assur\u00e9 que le plugin r\u00e9\u00e9crit des articles de spinner Auto WordPress est la solution par excellence pour fabriquer un contenu superlatif qui se d\u00e9marque sans effort de la foule.<\/p>\n","protected":false},"featured_media":146102,"comment_status":"open","ping_status":"open","template":"","meta":[],"product_brand":[2435],"product_cat":[1207,1181,1186],"product_tag":[1231],"class_list":{"0":"post-112773","1":"product","2":"type-product","3":"status-publish","4":"has-post-thumbnail","6":"product_brand-codecanyon","7":"product_cat-commercialisation-wordpress-plugins","8":"product_cat-plugins","9":"product_cat-wordpress-plugins","10":"product_tag-codecanyon","11":"member-discount","12":"discount-restricted","14":"first","15":"instock","16":"sale","17":"downloadable","18":"virtual","19":"sold-individually","20":"purchasable","21":"product-type-simple"},"_links":{"self":[{"href":"https:\/\/gpl-love.com\/fr\/wp-json\/wp\/v2\/product\/112773","targetHints":{"allow":["GET"]}}],"collection":[{"href":"https:\/\/gpl-love.com\/fr\/wp-json\/wp\/v2\/product"}],"about":[{"href":"https:\/\/gpl-love.com\/fr\/wp-json\/wp\/v2\/types\/product"}],"replies":[{"embeddable":true,"href":"https:\/\/gpl-love.com\/fr\/wp-json\/wp\/v2\/comments?post=112773"}],"wp:featuredmedia":[{"embeddable":true,"href":"https:\/\/gpl-love.com\/fr\/wp-json\/wp\/v2\/media\/146102"}],"wp:attachment":[{"href":"https:\/\/gpl-love.com\/fr\/wp-json\/wp\/v2\/media?parent=112773"}],"wp:term":[{"taxonomy":"product_brand","embeddable":true,"href":"https:\/\/gpl-love.com\/fr\/wp-json\/wp\/v2\/product_brand?post=112773"},{"taxonomy":"product_cat","embeddable":true,"href":"https:\/\/gpl-love.com\/fr\/wp-json\/wp\/v2\/product_cat?post=112773"},{"taxonomy":"product_tag","embeddable":true,"href":"https:\/\/gpl-love.com\/fr\/wp-json\/wp\/v2\/product_tag?post=112773"}],"curies":[{"name":"wp","href":"https:\/\/api.w.org\/{rel}","templated":true}]}}