{"id":112771,"date":"2022-02-08T00:00:00","date_gmt":"2022-02-07T23:00:00","guid":{"rendered":"http:\/\/gpl-love.com\/fr\/produit\/woocommerce-easy-checkout-field-editor\/"},"modified":"2026-04-10T18:46:47","modified_gmt":"2026-04-10T16:46:47","slug":"woocommerce-easy-checkout-field-editor","status":"publish","type":"product","link":"https:\/\/gpl-love.com\/fr\/produit\/woocommerce-easy-checkout-field-editor\/","title":{"rendered":"WooCommerce Easy Checkout Field Editor 2.6.2"},"content":{"rendered":"<h3>WooCommerce Easy Checkout Field Editor Traits<\/h3>\n<p>L&rsquo;\u00e9diteur de champ de caisse WooCommerce Easy est un plugin extr\u00eamement puissant qui vous accorde la capacit\u00e9 de personnaliser et d&rsquo;adapter de mani\u00e8re globale le processus de paiement pour votre boutique en ligne estim\u00e9e. \u00c0 l&rsquo;aide de ce plugin remarquable, vous poss\u00e9dez la libert\u00e9 et la commodit\u00e9 pour introduire, \u00e9liminer ou r\u00e9organiser sans effort un \u00e9ventail de champs sur votre page de paiement, s&rsquo;adaptant ainsi et s&rsquo;adressant \u00e0 vos exigences uniques et sp\u00e9cifiques. Que votre objectif soit de vous procurer des informations suppl\u00e9mentaires sur les clients, de modifier la s\u00e9quence de vos champs ou de cacher des champs qui ne restent pas pertinents pour votre entreprise, l&rsquo;\u00e9diteur de champ de caisse facile in\u00e9gal\u00e9 facilite une ex\u00e9cution simpliste et sans probl\u00e8me de ces t\u00e2ches. De plus, ce plugin extraordinaire est impr\u00e9gn\u00e9 d&rsquo;une convivialit\u00e9 in\u00e9gal\u00e9e et ne n\u00e9cessite aucune connaissance ou expertise pr\u00e9alable dans le codage, accordant ainsi l&rsquo;accessibilit\u00e9 \u00e0 tous ceux qui ont le d\u00e9sir d&rsquo;am\u00e9liorer et d&rsquo;optimiser leur processus de paiement. En utilisant l&rsquo;\u00e9diteur de terrain facile \u00e0 cuire, vous avez le potentiel extraordinaire de mode et d&rsquo;\u00e9tablir une exp\u00e9rience de paiement sans couture et in\u00e9gal\u00e9e pour votre client\u00e8le estim\u00e9e, suscitant par cons\u00e9quent une augmentation notable de vos conversions de vente.<\/p>\n<ul>\n<li>Un plugin qui vous permet de personnaliser les champs de paiement dans votre boutique WooCommerce<\/li>\n<li>Interface glisser-d\u00e9poser intuitive pour une personnalisation facile<\/li>\n<li>Ajouter, \u00e9diter ou supprimer des champs tels que l&rsquo;adresse de facturation et d&rsquo;exp\u00e9dition, les notes de commande, et plus<\/li>\n<li>Sp\u00e9cifiez les champs selon les besoins ou facultatifs<\/li>\n<li>Choisissez parmi divers types d&rsquo;entr\u00e9e tels que le texte, la liste d\u00e9roulante, la case et plus<\/li>\n<li>Prend en charge la logique conditionnelle pour afficher ou cacher les champs en fonction de certains crit\u00e8res<\/li>\n<li>Support multilingue pour les entreprises mondiales<\/li>\n<li>Compatible avec n&rsquo;importe quel th\u00e8me WooCommerce et les principales passerelles de paiement<\/li>\n<li>Aucune comp\u00e9tence de codage requise, facile \u00e0 installer et \u00e0 utiliser<\/li>\n<li>Aide \u00e0 la documentation et \u00e0 l&rsquo;\u00e9quipe de support d\u00e9di\u00e9e disponible pour toute assistance<\/li>\n<\/ul>\n","protected":false},"excerpt":{"rendered":"<p>WooCommerce Easy Checkout Field Editor est un plugin incroyablement pratique et efficace qui vous offre la possibilit\u00e9 de personnaliser et d&rsquo;adapter sans effort votre page de paiement \u00e0 vos pr\u00e9f\u00e9rences sp\u00e9cifiques. En utilisant ce plugin, vous avez le pouvoir d&rsquo;inclure sans effort, de modifier ou m\u00eame d&rsquo;\u00e9liminer divers champs de paiement en quelques clics simples. De plus, vous avez la flexibilit\u00e9 de r\u00e9organiser ces champs d&rsquo;une mani\u00e8re qui s&rsquo;aligne parfaitement sur vos besoins et exigences uniques. Ce qui distingue ce plugin des autres, c&rsquo;est sa nature remarquable conviviale, permettant aux individus sans comp\u00e9tences ou connaissances de codage pr\u00e9alables pour naviguer sans effort et utiliser sa vaste gamme de fonctionnalit\u00e9s. De plus, ce plugin est enti\u00e8rement compatible avec tous les th\u00e8mes WordPress et les versions WooCommerce, assurant une int\u00e9gration transparente et une fonctionnalit\u00e9 optimale. Que votre intention soit d&rsquo;incorporer un message personnalis\u00e9 sur votre page de paiement ou de recueillir des informations suppl\u00e9mentaires \u00e0 vos pr\u00e9cieux clients, soyez assur\u00e9 que ce plugin d\u00e9passera vos attentes et r\u00e9pondra \u00e0 toutes vos exigences. Avec WooCommerce Easy Checkout Field Editor, vous avez l&rsquo;occasion inestimable de rationaliser et d&rsquo;optimiser votre processus de caisse, de renforcer efficacement vos ventes et, finalement, de conduire votre entreprise vers un succ\u00e8s sans pr\u00e9c\u00e9dent.<\/p>\n","protected":false},"featured_media":145873,"comment_status":"open","ping_status":"open","template":"","meta":[],"product_brand":[2435],"product_cat":[1182,1223,1181],"product_tag":[1231],"class_list":{"0":"post-112771","1":"product","2":"type-product","3":"status-publish","4":"has-post-thumbnail","6":"product_brand-codecanyon","7":"product_cat-commerce-electronique-plugins","8":"product_cat-personnalisation-commerce-electronique-plugins","9":"product_cat-plugins","10":"product_tag-codecanyon","11":"member-discount","12":"discount-restricted","14":"first","15":"instock","16":"sale","17":"downloadable","18":"virtual","19":"sold-individually","20":"purchasable","21":"product-type-simple"},"_links":{"self":[{"href":"https:\/\/gpl-love.com\/fr\/wp-json\/wp\/v2\/product\/112771","targetHints":{"allow":["GET"]}}],"collection":[{"href":"https:\/\/gpl-love.com\/fr\/wp-json\/wp\/v2\/product"}],"about":[{"href":"https:\/\/gpl-love.com\/fr\/wp-json\/wp\/v2\/types\/product"}],"replies":[{"embeddable":true,"href":"https:\/\/gpl-love.com\/fr\/wp-json\/wp\/v2\/comments?post=112771"}],"wp:featuredmedia":[{"embeddable":true,"href":"https:\/\/gpl-love.com\/fr\/wp-json\/wp\/v2\/media\/145873"}],"wp:attachment":[{"href":"https:\/\/gpl-love.com\/fr\/wp-json\/wp\/v2\/media?parent=112771"}],"wp:term":[{"taxonomy":"product_brand","embeddable":true,"href":"https:\/\/gpl-love.com\/fr\/wp-json\/wp\/v2\/product_brand?post=112771"},{"taxonomy":"product_cat","embeddable":true,"href":"https:\/\/gpl-love.com\/fr\/wp-json\/wp\/v2\/product_cat?post=112771"},{"taxonomy":"product_tag","embeddable":true,"href":"https:\/\/gpl-love.com\/fr\/wp-json\/wp\/v2\/product_tag?post=112771"}],"curies":[{"name":"wp","href":"https:\/\/api.w.org\/{rel}","templated":true}]}}