{"id":112769,"date":"2024-07-13T00:00:00","date_gmt":"2024-07-12T22:00:00","guid":{"rendered":"http:\/\/gpl-love.com\/fr\/produit\/woocommerce-dynamic-pricing-and-discounts\/"},"modified":"2026-04-10T18:46:45","modified_gmt":"2026-04-10T16:46:45","slug":"woocommerce-dynamic-pricing-and-discounts","status":"publish","type":"product","link":"https:\/\/gpl-love.com\/fr\/produit\/woocommerce-dynamic-pricing-and-discounts\/","title":{"rendered":"WooCommerce Dynamic Pricing et Discounts 3.0.0"},"content":{"rendered":"<h3>WooCommerce Dynamic Pricing et Discounts Traits<\/h3>\n<p>WooCommerce Dynamic Pricing and Retumes est un outil extr\u00eamement puissant qui a \u00e9t\u00e9 m\u00e9ticuleusement con\u00e7u pour aider les entreprises \u00e0 g\u00e9n\u00e9rer des ventes et finalement \u00e0 augmenter leurs revenus dans leurs magasins WooCommerce. Ce plugin exceptionnel offre aux utilisateurs la capacit\u00e9 incroyable de cr\u00e9er des r\u00e8gles de prix dynamiques qui sont intelligemment bas\u00e9es sur un \u00e9ventail diversifi\u00e9 de facteurs, y compris, mais sans s&rsquo;y limiter, la quantit\u00e9, la cat\u00e9gorie, le r\u00f4le client et une multitude d&rsquo;autres \u00e9l\u00e9ments. De plus, cela permet en outre les entreprises en leur accordant la possibilit\u00e9 de fournir de mani\u00e8re transparente \u00e0 leur client\u00e8le des remises et des promotions irr\u00e9sistibles, telles que le pourcentage de rabais pour le rachat de Buy-One-One, et m\u00eame le prix fixe, et m\u00eame le prix fixe, et m\u00eame le prix fixe Remises. En utilisant ce plugin inestimable, les entreprises sont en mesure d&rsquo;adapter habilement leurs strat\u00e9gies de tarification pour s&rsquo;aligner parfaitement avec leurs besoins distinctifs, tout en offrant simultan\u00e9ment des exp\u00e9riences d&rsquo;achat personnalis\u00e9es sans pr\u00e9c\u00e9dent \u00e0 leurs clients estim\u00e9s. Sans aucun doute, il peut \u00eatre indiqu\u00e9 sans \u00e9quivoque que les prix dynamiques et les remises dynamiques sont un outil indispensable qui poss\u00e8de une valeur immense pour toute entreprise qui aspire \u00e0 amplifier les ventes et \u00e0 \u00e9panouir leur magasin WooCommerce.<\/p>\n<ul>\n<li>Cr\u00e9er des r\u00e8gles de prix et de r\u00e9duction dynamiques pour votre boutique WooCommerce<\/li>\n<li>Offrir des remises en quantit\u00e9, des r\u00e9ductions en vrac et des prix \u00e0 plusieurs niveaux<\/li>\n<li>Mettre en place des offres et des promotions limit\u00e9es dans le temps<\/li>\n<li>Offrir des r\u00e9ductions en fonction des r\u00f4les clients ou des produits sp\u00e9cifiques<\/li>\n<li>Utilisez des remises conditionnelles en fonction du contenu de la panier ou de l&rsquo;historique des commandes<\/li>\n<li>Afficher les prix r\u00e9duits sur les pages du produit et de la caisse<\/li>\n<li>Personnaliser les \u00e9tiquettes et les messages pour vos r\u00e9ductions<\/li>\n<li>Interface facile \u00e0 utiliser avec une documentation claire et un support<\/li>\n<li>Compatible avec les extensions et les plugins WooCommerce.<\/li>\n<\/ul>\n","protected":false},"excerpt":{"rendered":"<p>WooCommerce Dynamic Pricing and Retumes, un plugin tr\u00e8s robuste, offre aux utilisateurs la possibilit\u00e9 de g\u00e9n\u00e9rer des r\u00e9glementations personnalis\u00e9es sur les prix et les r\u00e9ductions pour leurs magasins en ligne. Cet outil avanc\u00e9 propose une multitude de fonctionnalit\u00e9s, y compris l&rsquo;option pour impl\u00e9menter des remises bas\u00e9es sur la quantit\u00e9, des remises personnalis\u00e9es en fonction de l&rsquo;historique d&rsquo;achat d&rsquo;un client, des remises sur mesure pour des r\u00f4les d&rsquo;utilisateurs sp\u00e9cifiques et bien plus encore. En outre, ce plugin permet aux utilisateurs d&rsquo;\u00e9tablir des r\u00e8gles de prix dynamiques qui ajustent dynamiquement le prix en fonction des options sp\u00e9cifiques choisies par le client. Que vous visiez \u00e0 motiver les clients \u00e0 effectuer des achats en vrac, \u00e0 offrir des remises exclusives aux abonn\u00e9s ou \u00e0 ex\u00e9cuter des promotions saisonni\u00e8res, la tarification dynamique et les remises dynamiques de WooCommerce sont la solution ultime pour r\u00e9pondre \u00e0 toutes vos diverses exigences.<\/p>\n","protected":false},"featured_media":145870,"comment_status":"open","ping_status":"open","template":"","meta":[],"product_brand":[2435],"product_cat":[1182,1200,1181],"product_tag":[1231],"class_list":{"0":"post-112769","1":"product","2":"type-product","3":"status-publish","4":"has-post-thumbnail","6":"product_brand-codecanyon","7":"product_cat-commerce-electronique-plugins","8":"product_cat-commercialisation","9":"product_cat-plugins","10":"product_tag-codecanyon","11":"member-discount","12":"discount-restricted","14":"first","15":"instock","16":"sale","17":"downloadable","18":"virtual","19":"sold-individually","20":"purchasable","21":"product-type-simple"},"_links":{"self":[{"href":"https:\/\/gpl-love.com\/fr\/wp-json\/wp\/v2\/product\/112769","targetHints":{"allow":["GET"]}}],"collection":[{"href":"https:\/\/gpl-love.com\/fr\/wp-json\/wp\/v2\/product"}],"about":[{"href":"https:\/\/gpl-love.com\/fr\/wp-json\/wp\/v2\/types\/product"}],"replies":[{"embeddable":true,"href":"https:\/\/gpl-love.com\/fr\/wp-json\/wp\/v2\/comments?post=112769"}],"wp:featuredmedia":[{"embeddable":true,"href":"https:\/\/gpl-love.com\/fr\/wp-json\/wp\/v2\/media\/145870"}],"wp:attachment":[{"href":"https:\/\/gpl-love.com\/fr\/wp-json\/wp\/v2\/media?parent=112769"}],"wp:term":[{"taxonomy":"product_brand","embeddable":true,"href":"https:\/\/gpl-love.com\/fr\/wp-json\/wp\/v2\/product_brand?post=112769"},{"taxonomy":"product_cat","embeddable":true,"href":"https:\/\/gpl-love.com\/fr\/wp-json\/wp\/v2\/product_cat?post=112769"},{"taxonomy":"product_tag","embeddable":true,"href":"https:\/\/gpl-love.com\/fr\/wp-json\/wp\/v2\/product_tag?post=112769"}],"curies":[{"name":"wp","href":"https:\/\/api.w.org\/{rel}","templated":true}]}}