{"id":112766,"date":"2026-03-06T00:00:00","date_gmt":"2026-03-05T23:00:00","guid":{"rendered":"http:\/\/gpl-love.com\/fr\/produit\/woocommerce-amazon-affiliates-woozone-wordpress-plugin\/"},"modified":"2026-04-10T18:46:01","modified_gmt":"2026-04-10T16:46:01","slug":"woocommerce-amazon-affiliates-woozone-wordpress-plugin","status":"publish","type":"product","link":"https:\/\/gpl-love.com\/fr\/produit\/woocommerce-amazon-affiliates-woozone-wordpress-plugin\/","title":{"rendered":"WooCommerce Amazon Affiliates WooZone WordPress Plugin 15.1.0"},"content":{"rendered":"<h3>WooCommerce Amazon Affiliates WooZone WordPress Plugin Traits<\/h3>\n<p>Le plugin WooZone WOOZONE WOOZONE WordPress est un outil incroyablement puissant qui am\u00e9liore efficacement les ventes en ligne en int\u00e9grant de mani\u00e8re transparente le vaste catalogue de produits d&rsquo;Amazon dans votre boutique WooCommerce. Gr\u00e2ce \u00e0 l&rsquo;utilisation de ce plugin, vous pouvez importer sans effort une gamme diversifi\u00e9e de produits Amazon dans votre magasin, automatiser sans effort les mises \u00e0 jour de produits et gagner lucrativement des commissions en participant au programme d&rsquo;affiliation lucratif d&rsquo;Amazon. De plus, ce plugin offre une pl\u00e9thore de fonctionnalit\u00e9s avanc\u00e9es, y compris la synchronisation de produit de pointe, le contr\u00f4le m\u00e9ticuleux de la variation des produits et l&rsquo;importation transparente des revues de produits. Par cons\u00e9quent, ce plugin sert de choix par excellence pour tout magasin WooCommerce qui aspire \u00e0 puiser dans la client\u00e8le colossale d&rsquo;Amazon. B\u00e9n\u00e9ficiant d&rsquo;une interface navigable sans effort et d&rsquo;une gamme compl\u00e8te de fonctionnalit\u00e9s robustes, le plugin WooZone WOOZONE WOOZONE WOOZONE WOOZONE PRUGURS \u00c9merge ind\u00e9niablement comme un atout indispensable pour toute boutique en ligne cherchant \u00e0 renforcer sa croissance et \u00e0 \u00e9tendre ses ventes commerciales.<\/p>\n<ul>\n<li>Connecte votre programme WooCommerce \u00e0 Amazon Affiliates Program<\/li>\n<li>Importe des produits Amazon dans votre magasin en quelques clics<\/li>\n<li>Auto-dose les informations sur les produits, y compris le prix, la disponibilit\u00e9, et plus<\/li>\n<li>Ajoute automatiquement votre ID d&rsquo;affiliation Amazon unique \u00e0 tous les liens de produit<\/li>\n<li>Permet des titres, descriptions et cat\u00e9gories de produits personnalis\u00e9s<\/li>\n<li>Fournit des informations d\u00e9taill\u00e9es sur les produits, y compris les avis et les notes des clients<\/li>\n<li>Comprend des filtres de recherche avanc\u00e9s et des options pour le tri et la hi\u00e9rarchisation des produits<\/li>\n<li>Offre des options d&rsquo;affichage flexibles, y compris les grilles, les listes et les widgets<\/li>\n<li>Vous permet de gagner des commissions sur chaque vente faite via votre lien d&rsquo;affiliation<\/li>\n<li>\u00c9conomise du temps et augmente les revenus en simplifiant le processus de marketing d&rsquo;affiliation.<\/li>\n<\/ul>\n","protected":false},"excerpt":{"rendered":"<p>Le plugin WooZone WOOZONE WOOZONE WordPress, r\u00e9put\u00e9 pour ses fonctionnalit\u00e9s remarquables, sert un atout inestimable pour les propri\u00e9taires de sites WordPress cherchant \u00e0 capitaliser efficacement sur leurs plateformes en ligne gr\u00e2ce \u00e0 une int\u00e9gration transparente avec le programme Amazon Associates. Offrant une gamme de fonctionnalit\u00e9s de pointe, y compris l&rsquo;importation automatis\u00e9e de produits, des mod\u00e8les personnalisables et des capacit\u00e9s de rapports compl\u00e8tes, WooZone permet aux utilisateurs sans effort de pr\u00e9senter une myriade de produits Amazon, leur permettant par la suite de r\u00e9colter des commissions lucratives pour chaque vente r\u00e9ussie. Peu importe si vous exploitez un centre de commerce \u00e9lectronique ou un blog captivant, l&rsquo;incorporation de ce plugin indispensable dans votre r\u00e9pertoire num\u00e9rique est une n\u00e9cessit\u00e9 absolue pour ceux qui sont d\u00e9termin\u00e9s \u00e0 augmenter leurs flux de revenus virtuels.<\/p>\n","protected":false},"featured_media":145800,"comment_status":"open","ping_status":"open","template":"","meta":[],"product_brand":[2435],"product_cat":[1182,1200,1181],"product_tag":[1231],"class_list":{"0":"post-112766","1":"product","2":"type-product","3":"status-publish","4":"has-post-thumbnail","6":"product_brand-codecanyon","7":"product_cat-commerce-electronique-plugins","8":"product_cat-commercialisation","9":"product_cat-plugins","10":"product_tag-codecanyon","11":"member-discount","12":"discount-restricted","14":"first","15":"instock","16":"sale","17":"downloadable","18":"virtual","19":"sold-individually","20":"purchasable","21":"product-type-simple"},"_links":{"self":[{"href":"https:\/\/gpl-love.com\/fr\/wp-json\/wp\/v2\/product\/112766","targetHints":{"allow":["GET"]}}],"collection":[{"href":"https:\/\/gpl-love.com\/fr\/wp-json\/wp\/v2\/product"}],"about":[{"href":"https:\/\/gpl-love.com\/fr\/wp-json\/wp\/v2\/types\/product"}],"replies":[{"embeddable":true,"href":"https:\/\/gpl-love.com\/fr\/wp-json\/wp\/v2\/comments?post=112766"}],"wp:featuredmedia":[{"embeddable":true,"href":"https:\/\/gpl-love.com\/fr\/wp-json\/wp\/v2\/media\/145800"}],"wp:attachment":[{"href":"https:\/\/gpl-love.com\/fr\/wp-json\/wp\/v2\/media?parent=112766"}],"wp:term":[{"taxonomy":"product_brand","embeddable":true,"href":"https:\/\/gpl-love.com\/fr\/wp-json\/wp\/v2\/product_brand?post=112766"},{"taxonomy":"product_cat","embeddable":true,"href":"https:\/\/gpl-love.com\/fr\/wp-json\/wp\/v2\/product_cat?post=112766"},{"taxonomy":"product_tag","embeddable":true,"href":"https:\/\/gpl-love.com\/fr\/wp-json\/wp\/v2\/product_tag?post=112766"}],"curies":[{"name":"wp","href":"https:\/\/api.w.org\/{rel}","templated":true}]}}