{"id":112764,"date":"2024-03-27T00:00:00","date_gmt":"2024-03-26T23:00:00","guid":{"rendered":"http:\/\/gpl-love.com\/fr\/produit\/wp-frontend-admin-premium\/"},"modified":"2026-03-20T23:49:49","modified_gmt":"2026-03-20T22:49:49","slug":"wp-frontend-admin-premium","status":"publish","type":"product","link":"https:\/\/gpl-love.com\/fr\/produit\/wp-frontend-admin-premium\/","title":{"rendered":"WP Frontend Admin Premium 1.20.0"},"content":{"rendered":"<h3>WP Frontend Admin Premium Traits<\/h3>\n<p>WP Frontend Admin Premium est un plugin WordPress extr\u00eamement formidable qui vous offre la capacit\u00e9 facile \u00e0 superviser efficacement le backend de votre site Web directement depuis le frontend. Avec l&rsquo;utilisation de ce plugin in\u00e9gal\u00e9, vous \u00eates dot\u00e9 de la capacit\u00e9 distinctive pour personnaliser votre tableau de bord, engendrer de nouveaux messages et pages, administrer des commentaires et entreprendre de nombreuses autres t\u00e2ches essentielles &#8211; tout d\u00e9pourvu de la n\u00e9cessit\u00e9 de s&rsquo;authentifier dans le backend. Le plugin s&rsquo;accompagne d&rsquo;une myriade d&rsquo;outils et de fonctionnalit\u00e9s inestimables, y compris la facilitation transparente de la gestion des r\u00f4les des utilisateurs, la fourniture de la prise en charge CSS et JS personnalis\u00e9es, ainsi que l&rsquo;inclusion d&rsquo;un constructeur de pages de glisser-d\u00e9poser incroyablement polyvalent. Que vous soyez un propri\u00e9taire de site Web exigeant ou un d\u00e9veloppeur chevronn\u00e9, WP Frontend Admin Premium vous donne une approche extr\u00eamement instinctive et remarquablement efficace pour administrer habilement votre site WordPress.<\/p>\n<ul>\n<li>G\u00e9rez facilement votre site WordPress \u00e0 partir de l&rsquo;avant<\/li>\n<li>Cr\u00e9er un tableau de bord personnalis\u00e9 avec des widgets glisser-d\u00e9poser<\/li>\n<li>Accorder l&rsquo;acc\u00e8s \u00e0 des utilisateurs sp\u00e9cifiques pour des actions sp\u00e9cifiques<\/li>\n<li>Modifier les publications, les pages et autres contenus directement \u00e0 partir du frontal<\/li>\n<li>Faire des modifications de conception globale \u00e0 votre site sans acc\u00e9der au tableau de bord<\/li>\n<li>Cr\u00e9ez des formulaires et des enqu\u00eates personnalis\u00e9s pour vos visiteurs pour remplir<\/li>\n<li>Personnalisez la page Connexion \/ registre avec votre propre marque et votre logo<\/li>\n<li>Compatible avec les constructeurs et th\u00e8mes de page populaires<\/li>\n<li>Offrez une exp\u00e9rience utilisateur sup\u00e9rieure \u00e0 vos clients<\/li>\n<li>R\u00e9duisez la courbe d&rsquo;apprentissage pour ceux qui sont nouveaux dans WordPress.<\/li>\n<\/ul>\n","protected":false},"excerpt":{"rendered":"<p>WP Frontend Admin Premium est un plugin incroyablement robuste et formidable qui vous offre la formidable opportunit\u00e9 de personnaliser et d&rsquo;adapter largement le panneau administratif WordPress directement \u00e0 partir du frontend de votre site Web. Au moyen de ce plugin extraordinaire, vous avez la capacit\u00e9 de fabriquer et de fabriquer des tableaux de bord, des menus et des widgets sur mesure et sp\u00e9cialis\u00e9s qui sont pr\u00e9cis\u00e9ment adapt\u00e9s pour r\u00e9pondre et satisfaire vos exigences et pr\u00e9f\u00e9rences uniques et individuelles. En outre, la commodit\u00e9 et la facilit\u00e9 avec lesquelles vous \u00eates en mesure de g\u00e9rer et de superviser habilement et efficacement une multitude de t\u00e2ches et d&rsquo;\u00e9l\u00e9ments essentiels tels que les messages, les pages, les commentaires, les param\u00e8tres et divers autres composants vitaux, sans jamais \u00eatre n\u00e9cessaire pour acc\u00e9der au backend de Votre site Web est vraiment in\u00e9gal\u00e9 et sans pr\u00e9c\u00e9dent. Ce plugin sans \u00e9quivoque et ind\u00e9niablement r\u00e9volutionnaire et remarquable est non seulement inestimable mais aussi absolument indispensable, que vous soyez un d\u00e9veloppeur, un concepteur ou un marketing de contenu, car il est ind\u00e9niablement et incontestablement acc\u00e9l\u00e9r\u00e9 et rationalise votre flux de travail et augmente votre productivit\u00e9 et votre efficacit\u00e9 globales \u00e0 l&rsquo;extraordinaire et rationalise l&rsquo;extraordinaire et rationalise votre flux de travail et augmente votre productivit\u00e9 globale et votre efficacit\u00e9 \u00e0 l&rsquo;extraordinaire et \u00e0 l&rsquo;extraordinaire et des niveaux sans pr\u00e9c\u00e9dent.<\/p>\n","protected":false},"featured_media":146149,"comment_status":"open","ping_status":"open","template":"","meta":[],"product_brand":[2719],"product_cat":[1187,1181,1186],"product_tag":[1817],"class_list":{"0":"post-112764","1":"product","2":"type-product","3":"status-publish","4":"has-post-thumbnail","6":"product_brand-wp-frontend-admin","7":"product_cat-administration-wordpress-plugins","8":"product_cat-plugins","9":"product_cat-wordpress-plugins","10":"product_tag-wp-frontend-admin","11":"member-discount","12":"discount-restricted","14":"first","15":"instock","16":"sale","17":"downloadable","18":"virtual","19":"sold-individually","20":"purchasable","21":"product-type-simple"},"_links":{"self":[{"href":"https:\/\/gpl-love.com\/fr\/wp-json\/wp\/v2\/product\/112764","targetHints":{"allow":["GET"]}}],"collection":[{"href":"https:\/\/gpl-love.com\/fr\/wp-json\/wp\/v2\/product"}],"about":[{"href":"https:\/\/gpl-love.com\/fr\/wp-json\/wp\/v2\/types\/product"}],"replies":[{"embeddable":true,"href":"https:\/\/gpl-love.com\/fr\/wp-json\/wp\/v2\/comments?post=112764"}],"wp:featuredmedia":[{"embeddable":true,"href":"https:\/\/gpl-love.com\/fr\/wp-json\/wp\/v2\/media\/146149"}],"wp:attachment":[{"href":"https:\/\/gpl-love.com\/fr\/wp-json\/wp\/v2\/media?parent=112764"}],"wp:term":[{"taxonomy":"product_brand","embeddable":true,"href":"https:\/\/gpl-love.com\/fr\/wp-json\/wp\/v2\/product_brand?post=112764"},{"taxonomy":"product_cat","embeddable":true,"href":"https:\/\/gpl-love.com\/fr\/wp-json\/wp\/v2\/product_cat?post=112764"},{"taxonomy":"product_tag","embeddable":true,"href":"https:\/\/gpl-love.com\/fr\/wp-json\/wp\/v2\/product_tag?post=112764"}],"curies":[{"name":"wp","href":"https:\/\/api.w.org\/{rel}","templated":true}]}}