{"id":112760,"date":"2026-02-18T00:00:00","date_gmt":"2026-02-17T23:00:00","guid":{"rendered":"http:\/\/gpl-love.com\/fr\/produit\/electro-electronics-store-woocommerce-theme\/"},"modified":"2026-03-20T23:03:07","modified_gmt":"2026-03-20T22:03:07","slug":"electro-electronics-store-woocommerce-theme","status":"publish","type":"product","link":"https:\/\/gpl-love.com\/fr\/produit\/electro-electronics-store-woocommerce-theme\/","title":{"rendered":"Electro Electronics Store WooCommerce Theme 3.6.7"},"content":{"rendered":"<h3>Electro Electronics Store WooCommerce Theme Traits<\/h3>\n<p>Le th\u00e8me WooCommerce de la boutique \u00e9lectronique Electronics se r\u00e9v\u00e8le \u00eatre une option exceptionnelle pour les particuliers qui s&rsquo;aventurent dans le domaine de la vente au d\u00e9tail en ligne, en particulier ceux qui se sp\u00e9cialisent dans la vente de produits \u00e9lectroniques. Ce th\u00e8me m\u00e9ticuleusement con\u00e7u poss\u00e8de une esth\u00e9tique \u00e9l\u00e9gante et contemporaine, favorisant une exp\u00e9rience utilisateur sans effort en facilitant la navigation transparente et en s&rsquo;assurant que les clients localisent sans effort les articles souhait\u00e9s. En tant qu&rsquo;avantage suppl\u00e9mentaire, ce th\u00e8me comprend une gamme de fonctionnalit\u00e9s impressionnantes, y compris la possibilit\u00e9 de comparer les produits, d&rsquo;acc\u00e9der \u00e0 des options de vue rapide et de profiter d&rsquo;une s\u00e9lection infinie de sch\u00e9mas de couleurs pour adapter la pr\u00e9sentation visuelle de son magasin. Avec sa gamme polyvalente de dispositions de page d&rsquo;accueil et une pl\u00e9thore de pages pr\u00e9-con\u00e7ues, la configuration de votre magasin devient une brise absolue. Embrassez le potentiel illimit\u00e9 offert par le th\u00e8me WooCommerce de la boutique \u00e9lectronique Electronics, vous permettant de pr\u00e9senter vos produits \u00e9lectroniques d&rsquo;une mani\u00e8re qui respire le professionnalisme et la convivialit\u00e9, ce qui entra\u00eene finalement une augmentation exponentielle des chiffres de vente.<\/p>\n<ul>\n<li>Un th\u00e8me WooCommerce professionnel et moderne sp\u00e9cialement con\u00e7u pour les magasins \u00e9lectroniques<\/li>\n<li>Enti\u00e8rement r\u00e9actif, garantir que votre site Web a fi\u00e8re allure sur n&rsquo;importe quel appareil<\/li>\n<li>Personnalisation facile \u00e0 l&rsquo;aide de l&rsquo;outil Builder de page visuelle<\/li>\n<li>Comprend plusieurs mod\u00e8les pr\u00e9-con\u00e7us pour votre page d&rsquo;accueil, vos produits et vos cat\u00e9gories de produits<\/li>\n<li>Possibilit\u00e9 de classer et de pr\u00e9senter vos produits \u00e0 l&rsquo;aide de filtres de produit et d&rsquo;options de tri<\/li>\n<li>Int\u00e9gr\u00e9 aux passerelles de paiement populaires telles que PayPal et Stripe<\/li>\n<li>Options pour afficher les notes et les avis des clients pour \u00e9tablir la confiance et augmenter les conversions<\/li>\n<li>Hautement optimis\u00e9 pour le r\u00e9f\u00e9rencement, assurant une visibilit\u00e9 et un trafic maximaux vers votre site Web<\/li>\n<li>Mises \u00e0 jour r\u00e9guli\u00e8res et soutien d\u00e9di\u00e9 des d\u00e9veloppeurs de th\u00e8me<\/li>\n<li>Compatible avec la derni\u00e8re version de WordPress et WooCommerce.<\/li>\n<\/ul>\n","protected":false},"excerpt":{"rendered":"<p>Le th\u00e8me WooCommerce de l&rsquo;\u00e9lectronie \u00e9lectronique est un mod\u00e8le de commerce \u00e9lectronique exquis et contemporain qui est parfaitement adapt\u00e9 aux magasins \u00e9lectroniques. Il poss\u00e8de une conception compl\u00e8tement r\u00e9active qui s&rsquo;adapte sans effort \u00e0 diff\u00e9rentes tailles d&rsquo;\u00e9cran, garantissant une exp\u00e9rience de navigation transparente pour les utilisateurs sur divers appareils. De plus, ce th\u00e8me offre une pl\u00e9thore d&rsquo;options personnalisables, vous permettant de fa\u00e7onner votre propre emporium en ligne qui pr\u00e9sente efficacement vos produits exceptionnels et amplifie consid\u00e9rablement vos chiffres de vente.<br \/>\nEn embrassant les derni\u00e8res avanc\u00e9es du d\u00e9veloppement Web, le th\u00e8me WooCommerce du magasin Electro Electronics int\u00e8gre un \u00e9ventail de fonctionnalit\u00e9s robustes qui r\u00e9pondent avec diligence aux besoins des commer\u00e7ants et des clients. Par exemple, l&rsquo;inclusion d&rsquo;un filtre de produit convivial facilite la navigation sans effort, permettant aux visiteurs de trouver rapidement les articles qu&rsquo;ils souhaitent. De plus, le th\u00e8me offre des options de mise en page polyvalentes de produits, vous permettant de montrer avec go\u00fbt votre marchandise d&rsquo;une mani\u00e8re qui convient le mieux \u00e0 votre identit\u00e9 de marque.<\/p>\n","protected":false},"featured_media":143690,"comment_status":"open","ping_status":"open","template":"","meta":[],"product_brand":[2433],"product_cat":[1238,1851,1212],"product_tag":[1366],"class_list":{"0":"post-112760","1":"product","2":"type-product","3":"status-publish","4":"has-post-thumbnail","6":"product_brand-themeforest","7":"product_cat-commerce-electronique-themes","8":"product_cat-entreprise-commerce-electronique-themes","9":"product_cat-themes","10":"product_tag-themeforest","11":"member-discount","12":"discount-restricted","14":"first","15":"instock","16":"sale","17":"downloadable","18":"virtual","19":"sold-individually","20":"purchasable","21":"product-type-simple"},"_links":{"self":[{"href":"https:\/\/gpl-love.com\/fr\/wp-json\/wp\/v2\/product\/112760","targetHints":{"allow":["GET"]}}],"collection":[{"href":"https:\/\/gpl-love.com\/fr\/wp-json\/wp\/v2\/product"}],"about":[{"href":"https:\/\/gpl-love.com\/fr\/wp-json\/wp\/v2\/types\/product"}],"replies":[{"embeddable":true,"href":"https:\/\/gpl-love.com\/fr\/wp-json\/wp\/v2\/comments?post=112760"}],"wp:featuredmedia":[{"embeddable":true,"href":"https:\/\/gpl-love.com\/fr\/wp-json\/wp\/v2\/media\/143690"}],"wp:attachment":[{"href":"https:\/\/gpl-love.com\/fr\/wp-json\/wp\/v2\/media?parent=112760"}],"wp:term":[{"taxonomy":"product_brand","embeddable":true,"href":"https:\/\/gpl-love.com\/fr\/wp-json\/wp\/v2\/product_brand?post=112760"},{"taxonomy":"product_cat","embeddable":true,"href":"https:\/\/gpl-love.com\/fr\/wp-json\/wp\/v2\/product_cat?post=112760"},{"taxonomy":"product_tag","embeddable":true,"href":"https:\/\/gpl-love.com\/fr\/wp-json\/wp\/v2\/product_tag?post=112760"}],"curies":[{"name":"wp","href":"https:\/\/api.w.org\/{rel}","templated":true}]}}