{"id":112756,"date":"2025-12-15T00:00:00","date_gmt":"2025-12-14T23:00:00","guid":{"rendered":"http:\/\/gpl-love.com\/fr\/produit\/essential-grid-gallery-wordpress-plugin\/"},"modified":"2026-04-01T00:30:22","modified_gmt":"2026-03-31T22:30:22","slug":"essential-grid-gallery-wordpress-plugin","status":"publish","type":"product","link":"https:\/\/gpl-love.com\/fr\/produit\/essential-grid-gallery-wordpress-plugin\/","title":{"rendered":"Essential Grid Gallery WordPress Plugin 3.1.12"},"content":{"rendered":"<h3>Essential Grid Gallery WordPress Plugin Traits<\/h3>\n<p>Le plugin WordPress de la galerie de grille essentielle, connu pour ses capacit\u00e9s exceptionnelles dans l&rsquo;\u00e9laboration de galeries et de grilles remarquables sur des sites Web, est un outil exemplaire. Son interface simpliste et conviviale permet aux utilisateurs d&rsquo;adapter sans effort la grille en fonction du style et du design uniques de leur site Web. Ce plugin poss\u00e8de une vaste gamme de fonctionnalit\u00e9s, englobant la possibilit\u00e9 de g\u00e9n\u00e9rer des galeries illimit\u00e9es, de s\u00e9lectionner parmi une pl\u00e9thore d&rsquo;options de mise en page, ainsi que d&rsquo;incorporer des filtres et des effets personnalis\u00e9s pour am\u00e9liorer l&rsquo;attrait visuel des images. De plus, le plugin essentiel de la galerie de grille pr\u00e9sente une r\u00e9activit\u00e9 compl\u00e8te, garantissant l&rsquo;affichage transparent des galeries sur n&rsquo;importe quel appareil. Quelle que soit la vocation de sa vocation en tant que blogueur, photographe ou propri\u00e9taire d&rsquo;entreprise, le plugin essentiel de la galerie de grille appara\u00eet comme un instrument indispensable pour pr\u00e9senter du contenu captivant.<\/p>\n<ul>\n<li>Plugin de galerie polyvalente pour les sites Web WordPress<\/li>\n<li>Permet aux utilisateurs de cr\u00e9er des grilles dynamiques et personnalis\u00e9es pour afficher des images et d&rsquo;autres supports<\/li>\n<li>Prend en charge un large \u00e9ventail de types de m\u00e9dias, y compris les images, les vid\u00e9os et les fichiers audio<\/li>\n<li>Livr\u00e9 avec plus de 30 peaux pr\u00e9-con\u00e7ues qui peuvent \u00eatre facilement appliqu\u00e9es aux galeries<\/li>\n<li>Offre une interface glisser-d\u00e9poser pour une personnalisation simple<\/li>\n<li>Plusieurs options de disposition, y compris la ma\u00e7onnerie, justifi\u00e9e et les dispositions de carrousel<\/li>\n<li>Des galeries conviviales et r\u00e9actives qui affichent parfaitement tous les appareils<\/li>\n<li>Offre une gamme d&rsquo;options Lightbox pour afficher les supports de mani\u00e8re attrayante et interactive<\/li>\n<li>S&rsquo;int\u00e8gre parfaitement \u00e0 WooCommerce, permettant aux utilisateurs de pr\u00e9senter des produits de mani\u00e8re visuellement attrayante<\/li>\n<li>Offre une gamme d&rsquo;animations et d&rsquo;effets de survol pour donner vie aux galeries<\/li>\n<\/ul>\n","protected":false},"excerpt":{"rendered":"<p>Le plugin WordPress de la galerie de grille essentielle est un outil incroyablement robuste et puissant qui permet aux utilisateurs de cr\u00e9er sans effort des galeries photo et vid\u00e9o captivantes visuellement pour leurs sites Web. Ce plugin offre une pl\u00e9thore de fonctionnalit\u00e9s personnalisables qui accordent aux individus la possibilit\u00e9 de pr\u00e9senter leur contenu d&rsquo;une mani\u00e8re extr\u00eamement dynamique et captivante. Peu importe si l&rsquo;on souhaite souligner leurs produits, services ou efforts artistiques, la galerie de grille essentielle simplifie le processus de mode de fa\u00e7on exquis des galeries qui sont garanties de laisser une impression durable sur tous les visiteurs. De plus, ce plugin poss\u00e8de une conception r\u00e9active et une interface conviviale, ce qui le rend un joyau absolu pour les utilisateurs de WordPress d\u00e9butants et assaisonn\u00e9s.<\/p>\n","protected":false},"featured_media":143782,"comment_status":"open","ping_status":"open","template":"","meta":[],"product_brand":[2435],"product_cat":[1189,1181,1186],"product_tag":[1231],"class_list":{"0":"post-112756","1":"product","2":"type-product","3":"status-publish","4":"has-post-thumbnail","6":"product_brand-codecanyon","7":"product_cat-personnalisation","8":"product_cat-plugins","9":"product_cat-wordpress-plugins","10":"product_tag-codecanyon","11":"member-discount","12":"discount-restricted","14":"first","15":"instock","16":"sale","17":"downloadable","18":"virtual","19":"sold-individually","20":"purchasable","21":"product-type-simple"},"_links":{"self":[{"href":"https:\/\/gpl-love.com\/fr\/wp-json\/wp\/v2\/product\/112756","targetHints":{"allow":["GET"]}}],"collection":[{"href":"https:\/\/gpl-love.com\/fr\/wp-json\/wp\/v2\/product"}],"about":[{"href":"https:\/\/gpl-love.com\/fr\/wp-json\/wp\/v2\/types\/product"}],"replies":[{"embeddable":true,"href":"https:\/\/gpl-love.com\/fr\/wp-json\/wp\/v2\/comments?post=112756"}],"wp:featuredmedia":[{"embeddable":true,"href":"https:\/\/gpl-love.com\/fr\/wp-json\/wp\/v2\/media\/143782"}],"wp:attachment":[{"href":"https:\/\/gpl-love.com\/fr\/wp-json\/wp\/v2\/media?parent=112756"}],"wp:term":[{"taxonomy":"product_brand","embeddable":true,"href":"https:\/\/gpl-love.com\/fr\/wp-json\/wp\/v2\/product_brand?post=112756"},{"taxonomy":"product_cat","embeddable":true,"href":"https:\/\/gpl-love.com\/fr\/wp-json\/wp\/v2\/product_cat?post=112756"},{"taxonomy":"product_tag","embeddable":true,"href":"https:\/\/gpl-love.com\/fr\/wp-json\/wp\/v2\/product_tag?post=112756"}],"curies":[{"name":"wp","href":"https:\/\/api.w.org\/{rel}","templated":true}]}}