{"id":112754,"date":"2025-12-23T00:00:00","date_gmt":"2025-12-22T23:00:00","guid":{"rendered":"http:\/\/gpl-love.com\/fr\/produit\/wp-fastest-cache-premium-wordpress-cache-plugin\/"},"modified":"2026-03-20T23:49:46","modified_gmt":"2026-03-20T22:49:46","slug":"wp-fastest-cache-premium-wordpress-cache-plugin","status":"publish","type":"product","link":"https:\/\/gpl-love.com\/fr\/produit\/wp-fastest-cache-premium-wordpress-cache-plugin\/","title":{"rendered":"WP Fastest Cache Premium WordPress Cache Plugin 1.7.6"},"content":{"rendered":"<h3>WP Fastest Cache Premium WordPress Cache Plugin Traits<\/h3>\n<p>L&rsquo;utilisation du plugin de cache WordPress Cache WordPress le plus rapide WP est fortement recommand\u00e9e pour les propri\u00e9taires de sites Web qui cherchent \u00e0 am\u00e9liorer les performances et l&rsquo;exp\u00e9rience utilisateur de leur site Web WordPress. Cet outil de mise en cache exceptionnel augmente consid\u00e9rablement la vitesse de chargement de votre site Web en g\u00e9rant avec comp\u00e9tence tous les processus de mise en cache complexes en arri\u00e8re-plan. En cons\u00e9quence, les visiteurs de votre site peuvent profiter d&rsquo;une exp\u00e9rience de navigation plus rapide et plus transparente. Non seulement le cache WP le plus rapide facilite la compensation sans effort du cache de votre site, mais il fournit \u00e9galement la fonctionnalit\u00e9 pour minimer facilement les fichiers CSS et JS, ainsi que la capacit\u00e9 de combiner des fichiers pour le chargement acc\u00e9l\u00e9r\u00e9. En outre, ce plugin offre une prise en charge de l&rsquo;int\u00e9gration CDN et de l&rsquo;optimisation mobile, ce qui augmente davantage l&rsquo;accessibilit\u00e9 et la convivialit\u00e9 de l&rsquo;utilisateur de votre site Web. En substance, le plugin Cache Cache Cache WordPress Cache WordPress est un actif indispensable pour tout propri\u00e9taire de site Web exigeant qui s&rsquo;engage \u00e0 optimiser les performances globales de leur site et \u00e0 am\u00e9liorer l&rsquo;exp\u00e9rience utilisateur globale.<\/p>\n<ul>\n<li>Am\u00e9liore la vitesse de chargement du site Web<\/li>\n<li>Boose les performances du site Web<\/li>\n<li>R\u00e9duit la charge du serveur<\/li>\n<li>Augmente le classement du site Web<\/li>\n<li>Prend en charge l&rsquo;int\u00e9gration CDN<\/li>\n<li>Permet l&rsquo;optimisation de la base de donn\u00e9es<\/li>\n<li>Offre une compensation automatique du cache<\/li>\n<li>Permet la minification des fichiers HTML, CSS et JavaScript<\/li>\n<li>Fournit la fonction d&rsquo;optimisation de l&rsquo;image<\/li>\n<li>Assure une int\u00e9gration transparente avec d&rsquo;autres plugins WordPress populaires<\/li>\n<li>Offre une interface conviviale et facile \u00e0 utiliser<\/li>\n<li>Fournit un support client et des mises \u00e0 jour r\u00e9guli\u00e8res<\/li>\n<\/ul>\n","protected":false},"excerpt":{"rendered":"<p>Offrez des adieux aux temps de chargement lents qui ont tourment\u00e9 votre site Web, gracieuset\u00e9 du plugin Cache Cache Cache WordPress extraordinaire le plus rapide! Ce plugin extr\u00eamement influent am\u00e9liore non seulement les performances globales de votre site Web, mais la r\u00e9volutionne \u00e9galement en mettant efficacement la mise en cache de vos pages et en r\u00e9duisant consid\u00e9rablement la dur\u00e9e requise pour le chargement. Son interface conviviale garantit une configuration transparente de mise en cache avec la plus grande commodit\u00e9, n\u00e9cessitant simplement quelques clics simples. De plus, WP le plus rapide Cache propose un \u00e9ventail de fonctionnalit\u00e9s avanc\u00e9es telles que la minification et le chargement paresseux, qui fonctionnent harmonieusement pour garantir que votre site fonctionne \u00e0 un rythme \u00e9tonnamment rapide. En vous profitant des capacit\u00e9s remarquables du cache le plus rapide WP, vous pouvez accorder votre site Web avec l&rsquo;impulsion indispensable de la vitesse et des performances, incitant ainsi les visiteurs \u00e0 revenir \u00e0 maintes reprises, en envie de plus de votre contenu exceptionnel.<\/p>\n","protected":false},"featured_media":146146,"comment_status":"open","ping_status":"open","template":"","meta":[],"product_brand":[2717],"product_cat":[1203,1181,1186],"product_tag":[1814],"class_list":{"0":"post-112754","1":"product","2":"type-product","3":"status-publish","4":"has-post-thumbnail","6":"product_brand-wp-fastest-cache","7":"product_cat-performance","8":"product_cat-plugins","9":"product_cat-wordpress-plugins","10":"product_tag-wp-fastest-cache","11":"member-discount","12":"discount-restricted","14":"first","15":"instock","16":"sale","17":"downloadable","18":"virtual","19":"sold-individually","20":"purchasable","21":"product-type-simple"},"_links":{"self":[{"href":"https:\/\/gpl-love.com\/fr\/wp-json\/wp\/v2\/product\/112754","targetHints":{"allow":["GET"]}}],"collection":[{"href":"https:\/\/gpl-love.com\/fr\/wp-json\/wp\/v2\/product"}],"about":[{"href":"https:\/\/gpl-love.com\/fr\/wp-json\/wp\/v2\/types\/product"}],"replies":[{"embeddable":true,"href":"https:\/\/gpl-love.com\/fr\/wp-json\/wp\/v2\/comments?post=112754"}],"wp:featuredmedia":[{"embeddable":true,"href":"https:\/\/gpl-love.com\/fr\/wp-json\/wp\/v2\/media\/146146"}],"wp:attachment":[{"href":"https:\/\/gpl-love.com\/fr\/wp-json\/wp\/v2\/media?parent=112754"}],"wp:term":[{"taxonomy":"product_brand","embeddable":true,"href":"https:\/\/gpl-love.com\/fr\/wp-json\/wp\/v2\/product_brand?post=112754"},{"taxonomy":"product_cat","embeddable":true,"href":"https:\/\/gpl-love.com\/fr\/wp-json\/wp\/v2\/product_cat?post=112754"},{"taxonomy":"product_tag","embeddable":true,"href":"https:\/\/gpl-love.com\/fr\/wp-json\/wp\/v2\/product_tag?post=112754"}],"curies":[{"name":"wp","href":"https:\/\/api.w.org\/{rel}","templated":true}]}}