{"id":112752,"date":"2025-10-30T00:00:00","date_gmt":"2025-10-29T23:00:00","guid":{"rendered":"http:\/\/gpl-love.com\/fr\/produit\/hide-my-wordpress-ghost-plugin\/"},"modified":"2026-03-20T23:19:32","modified_gmt":"2026-03-20T22:19:32","slug":"hide-my-wordpress-ghost-plugin","status":"publish","type":"product","link":"https:\/\/gpl-love.com\/fr\/produit\/hide-my-wordpress-ghost-plugin\/","title":{"rendered":"Hide My WordPress Ghost Plugin 8.2.15"},"content":{"rendered":"<h3>Hide My WordPress Ghost Plugin Traits<\/h3>\n<p>Le plugin Ghost WordPress Hide My WordPress, avec sa fonctionnalit\u00e9 robuste, sert d&rsquo;outil inestimable pour prot\u00e9ger les sites Web WordPress des propri\u00e9taires de sites Web diligents contre des pirates n\u00e9fastes et des cyberattaques pernicieuses. Son efficacit\u00e9 r\u00e9side dans sa capacit\u00e9 \u00e0 obscurcir l&rsquo;utilisation de WordPress, augmentant efficacement la difficult\u00e9 pour les pirates de distinguer le site Web comme cible. Ce plugin global am\u00e9liore encore la s\u00e9curit\u00e9 du site Web en offrant une gamme de mesures de protection, telles que la fortification contre les attaques de force brute et les agents d&rsquo;utilisateurs malveillants. De plus, sa nature conviviale est \u00e9vidente \u00e0 travers son processus d&rsquo;installation sans effort, sa compatibilit\u00e9 transparente avec une multitude de th\u00e8mes WordPress et l&rsquo;absence de toute exigence de codage ou d&rsquo;expertise technique. En adoptant l&#8217;embrage protecteur du plugin fant\u00f4me Hide My WordPress, les propri\u00e9taires de sites Web peuvent savourer dans la tranquillit\u00e9 qui \u00e9mane de savoir que leur pr\u00e9sence en ligne ch\u00e9ri est fortifi\u00e9e contre les menaces potentielles.<\/p>\n<ul>\n<li>S\u00e9curiser et prot\u00e9ger votre site Web WordPress contre les tentatives de piratage<\/li>\n<li>Cachez compl\u00e8tement le fait que votre site Web s&rsquo;ex\u00e9cute sur la plate-forme WordPress<\/li>\n<li>\u00c9vitez les attaques de site Web et les tentatives de connexion par force brute avec les fonctionnalit\u00e9s de s\u00e9curit\u00e9 avanc\u00e9es du plugin<\/li>\n<li>Personnaliser facilement le code source de la page et les URL pour une meilleure s\u00e9curit\u00e9 du site Web<\/li>\n<li>Prot\u00e9gez un contenu pr\u00e9cieux, tel que des produits num\u00e9riques ou des zones d&rsquo;adh\u00e9sion, de l&rsquo;acc\u00e8s non autoris\u00e9<\/li>\n<li>Facile \u00e0 installer et \u00e0 int\u00e9grer dans votre site Web WordPress existant avec un minimum de connaissances techniques requises<\/li>\n<li>Mises \u00e0 jour r\u00e9guli\u00e8res et services d&rsquo;assistance pour assurer des performances et une protection optimales sur votre site Web<\/li>\n<li>Plans de prix abordables pour les sites Web personnels et professionnels<\/li>\n<\/ul>\n","protected":false},"excerpt":{"rendered":"<p>Le plugin Ghost WordPress Hide My WordPress sert de r\u00e9solution par excellence et ultime pour prot\u00e9ger et fortifier son site WordPress contre un m\u00e9lange de pirates et leurs tentatives n\u00e9fastes de violer sa s\u00e9curit\u00e9. Ce formidable plugin, rempli d&rsquo;un assortiment de caract\u00e9ristiques puissantes, obscurcit efficacement l&#8217;empreinte indubitable de WordPress, ce qui le rend un d\u00e9fi insurmontable pour les assaillants malveillants pour infiltrer et intrusion sur son domaine virtuel. En utilisant des fonctionnalit\u00e9s de pointe, y compris, mais sans s&rsquo;y limiter, le blocage IP et le masquage d&rsquo;agent utilisateur, cet outil indispensable garantit que son site devient imperceptible, pratiquement invisible et imperm\u00e9able \u00e0 tout acc\u00e8s ou intrusion injustifi\u00e9. Avec le plugin Ghost WordPress, install\u00e9 avec diligence install\u00e9 et activement utilis\u00e9, assurez-vous que votre site Web ch\u00e9ri restera fermement imperm\u00e9able \u00e0 tout p\u00e9ril ou en empi\u00e9tement non autoris\u00e9.<\/p>\n","protected":false},"featured_media":144178,"comment_status":"open","ping_status":"open","template":"","meta":[],"product_brand":[2571],"product_cat":[1187,1181,1186],"product_tag":[1813],"class_list":{"0":"post-112752","1":"product","2":"type-product","3":"status-publish","4":"has-post-thumbnail","6":"product_brand-wp-plugins","7":"product_cat-administration-wordpress-plugins","8":"product_cat-plugins","9":"product_cat-wordpress-plugins","10":"product_tag-wp-plugins","11":"member-discount","12":"discount-restricted","14":"first","15":"instock","16":"sale","17":"downloadable","18":"virtual","19":"sold-individually","20":"purchasable","21":"product-type-simple"},"_links":{"self":[{"href":"https:\/\/gpl-love.com\/fr\/wp-json\/wp\/v2\/product\/112752","targetHints":{"allow":["GET"]}}],"collection":[{"href":"https:\/\/gpl-love.com\/fr\/wp-json\/wp\/v2\/product"}],"about":[{"href":"https:\/\/gpl-love.com\/fr\/wp-json\/wp\/v2\/types\/product"}],"replies":[{"embeddable":true,"href":"https:\/\/gpl-love.com\/fr\/wp-json\/wp\/v2\/comments?post=112752"}],"wp:featuredmedia":[{"embeddable":true,"href":"https:\/\/gpl-love.com\/fr\/wp-json\/wp\/v2\/media\/144178"}],"wp:attachment":[{"href":"https:\/\/gpl-love.com\/fr\/wp-json\/wp\/v2\/media?parent=112752"}],"wp:term":[{"taxonomy":"product_brand","embeddable":true,"href":"https:\/\/gpl-love.com\/fr\/wp-json\/wp\/v2\/product_brand?post=112752"},{"taxonomy":"product_cat","embeddable":true,"href":"https:\/\/gpl-love.com\/fr\/wp-json\/wp\/v2\/product_cat?post=112752"},{"taxonomy":"product_tag","embeddable":true,"href":"https:\/\/gpl-love.com\/fr\/wp-json\/wp\/v2\/product_tag?post=112752"}],"curies":[{"name":"wp","href":"https:\/\/api.w.org\/{rel}","templated":true}]}}