{"id":112750,"date":"2026-02-24T00:00:00","date_gmt":"2026-02-23T23:00:00","guid":{"rendered":"http:\/\/gpl-love.com\/fr\/produit\/seedprod-pro-landing-page-builder-for-wordpress\/"},"modified":"2026-04-10T18:39:10","modified_gmt":"2026-04-10T16:39:10","slug":"seedprod-pro-landing-page-builder-for-wordpress","status":"publish","type":"product","link":"https:\/\/gpl-love.com\/fr\/produit\/seedprod-pro-landing-page-builder-for-wordpress\/","title":{"rendered":"SeedProd Coming Soon Page (Basic) 6.19.8"},"content":{"rendered":"<h3>SeedProd Coming Soon Page (Basic) Traits<\/h3>\n<p>SeedProd Coming Soon Page Pro est une solution tr\u00e8s louable qui permet aux utilisateurs de g\u00e9n\u00e9rer sans effort des pages \u00e0 venir professionnelles et captivantes en quelques minutes. Cet outil remarquable poss\u00e8de une interface remarquablement conviviale qui s&rsquo;accompagne d&rsquo;une vaste gamme de mod\u00e8les pr\u00e9d\u00e9finis, offrant une multitude d&rsquo;options de personnalisation. De plus, il int\u00e8gre le compte \u00e0 rebours, facilitant ainsi la cr\u00e9ation d&rsquo;une page \u00e0 venir distinctive et impressionnante qui s&rsquo;aligne de mani\u00e8re transparente sur l&rsquo;identit\u00e9 de votre marque. Que vous vous lanciez dans le lancement d&rsquo;un nouveau produit, service ou site Web, SeedProd \u00e0 venir Soon Page Pro sert d&rsquo;attention inestimable dans la culture de l&rsquo;anticipation et captivait efficacement les clients potentiels. De plus, son int\u00e9gration transparente avec des services de marketing par e-mail populaires et des plateformes de m\u00e9dias sociaux omnipr\u00e9sents simplifient la capture des prospects et l&rsquo;expansion de votre public. En tirant parti des capacit\u00e9s in\u00e9gal\u00e9es de SeedProd \u00e0 venir Page Pro, vous \u00eates autoris\u00e9 \u00e0 fabriquer une page \u00e0 venir raffin\u00e9e et puissante qui jette les bases d&rsquo;un lancement triomphal.<\/p>\n<ul>\n<li>Professionnel et personnalisable \u00e0 venir bient\u00f4t pour votre site Web<\/li>\n<li>Facile \u00e0 utiliser Drag and Drop Builder pour cr\u00e9er des pages en quelques minutes<\/li>\n<li>Plus de plus de 50 mod\u00e8les pr\u00e9-con\u00e7us \u00e0 choisir ou \u00e0 partir de z\u00e9ro<\/li>\n<li>Timer \u00e0 compte \u00e0 rebours personnalisable pour cr\u00e9er de l&rsquo;excitation et de l&rsquo;urgence pour votre lancement<\/li>\n<li>Formulaire d&rsquo;inscription par e-mail int\u00e9gr\u00e9 pour collecter des prospects<\/li>\n<li>Int\u00e9gration transparente avec votre site Web actuel et votre marque<\/li>\n<li>Conception r\u00e9active mobile pour vous assurer que vos pages sont superbes sur tous les appareils<\/li>\n<li>Tableau de bord analytique pour suivre et analyser le trafic et les conversions<\/li>\n<li>Boutons de partage social int\u00e9gr\u00e9s pour faire passer le mot sur votre prochain lancement<\/li>\n<li>Option pour mot de passe prot\u00e9ger votre page et contr\u00f4ler l&rsquo;acc\u00e8s au contenu exclusif.<\/li>\n<\/ul>\n","protected":false},"excerpt":{"rendered":"<p>SeedProd Coming Soon Page Pro est un instrument incroyablement robuste et formidable qui permet aux entreprises et aux individus de fabriquer des pages \u00ab\u00a0\u00e0 venir\u00a0\u00bb tr\u00e8s efficaces pour leurs sites Web. Avec son interface remarquablement conviviale et une vaste gamme d&rsquo;options de conception personnalisables, SeedProd vous offre l&rsquo;occasion sans pr\u00e9c\u00e9dent de fa\u00e7onner une page qui s&rsquo;aligne parfaitement avec votre identit\u00e9 de marque et captive sans effort l&rsquo;attention indivise de votre public cible. En outre, cet outil exceptionnel vous accorde \u00e9galement la flexibilit\u00e9 in\u00e9gal\u00e9e pour amasser les adresses e-mail, les barres de progression, la pr\u00e9sentation des liens sur les r\u00e9seaux sociaux, etc. Que vous vous retrouviez \u00e0 vous lancer dans le voyage passionnant de lancer un nouveau produit r\u00e9volutionnaire, de subir une refonte compl\u00e8te du site Web, ou de vous efforcer simplement de g\u00e9n\u00e9rer une quantit\u00e9 substantielle d&rsquo;anticipation pour votre projet \u00e0 venir, ne cherchez pas plus loin que SeedProd \u00e0 venir bient\u00f4t Page Pro pour vous \u00e9quiper de Les ressources indispensables n\u00e9cessaires pour obtenir un succ\u00e8s sans pr\u00e9c\u00e9dent.<\/p>\n","protected":false},"featured_media":145207,"comment_status":"open","ping_status":"open","template":"","meta":[],"product_brand":[2652],"product_cat":[1189,1181,1186],"product_tag":[1812],"class_list":{"0":"post-112750","1":"product","2":"type-product","3":"status-publish","4":"has-post-thumbnail","6":"product_brand-seedprod","7":"product_cat-personnalisation","8":"product_cat-plugins","9":"product_cat-wordpress-plugins","10":"product_tag-seedprod","11":"member-discount","12":"discount-restricted","14":"first","15":"instock","16":"sale","17":"downloadable","18":"virtual","19":"sold-individually","20":"purchasable","21":"product-type-simple"},"_links":{"self":[{"href":"https:\/\/gpl-love.com\/fr\/wp-json\/wp\/v2\/product\/112750","targetHints":{"allow":["GET"]}}],"collection":[{"href":"https:\/\/gpl-love.com\/fr\/wp-json\/wp\/v2\/product"}],"about":[{"href":"https:\/\/gpl-love.com\/fr\/wp-json\/wp\/v2\/types\/product"}],"replies":[{"embeddable":true,"href":"https:\/\/gpl-love.com\/fr\/wp-json\/wp\/v2\/comments?post=112750"}],"wp:featuredmedia":[{"embeddable":true,"href":"https:\/\/gpl-love.com\/fr\/wp-json\/wp\/v2\/media\/145207"}],"wp:attachment":[{"href":"https:\/\/gpl-love.com\/fr\/wp-json\/wp\/v2\/media?parent=112750"}],"wp:term":[{"taxonomy":"product_brand","embeddable":true,"href":"https:\/\/gpl-love.com\/fr\/wp-json\/wp\/v2\/product_brand?post=112750"},{"taxonomy":"product_cat","embeddable":true,"href":"https:\/\/gpl-love.com\/fr\/wp-json\/wp\/v2\/product_cat?post=112750"},{"taxonomy":"product_tag","embeddable":true,"href":"https:\/\/gpl-love.com\/fr\/wp-json\/wp\/v2\/product_tag?post=112750"}],"curies":[{"name":"wp","href":"https:\/\/api.w.org\/{rel}","templated":true}]}}