{"id":112741,"date":"2022-02-05T00:00:00","date_gmt":"2022-02-04T23:00:00","guid":{"rendered":"http:\/\/gpl-love.com\/fr\/produit\/woodstock-electronics-store-woocommerce-theme\/"},"modified":"2026-03-20T23:48:40","modified_gmt":"2026-03-20T22:48:40","slug":"woodstock-electronics-store-woocommerce-theme","status":"publish","type":"product","link":"https:\/\/gpl-love.com\/fr\/produit\/woodstock-electronics-store-woocommerce-theme\/","title":{"rendered":"Woodstock Electronics Store WooCommerce Theme 2.8.1"},"content":{"rendered":"<h3>Woodstock Electronics Store WooCommerce Theme Traits<\/h3>\n<p>Woodstock Electronics Store WooCommerce Le th\u00e8me est un th\u00e8me de commerce \u00e9lectronique de haute qualit\u00e9 qui a \u00e9t\u00e9 m\u00e9ticuleusement con\u00e7u pour r\u00e9pondre sp\u00e9cifiquement aux exigences des d\u00e9taillants d&rsquo;\u00e9lectronique en ligne. Ce th\u00e8me remarquable poss\u00e8de une disposition pleinement r\u00e9active qui s&rsquo;adapte de mani\u00e8re transparente \u00e0 diff\u00e9rents appareils et offre un design visuellement attrayant, \u00e9l\u00e9gant et convivial. Il vous permet de pr\u00e9senter sans effort votre gamme compl\u00e8te de produits de mani\u00e8re professionnelle et captivante. De plus, le th\u00e8me WooCommerce de la boutique d&rsquo;\u00e9lectronique Woodstock est \u00e9quip\u00e9 d&rsquo;une gamme de dispositions pr\u00e9d\u00e9finies, d&rsquo;une vaste liste de fonctionnalit\u00e9s et d&rsquo;une large gamme d&rsquo;options de personnalisation, qui vous permettent toutes de cr\u00e9er une boutique en ligne distinctive et sur mesure qui s&rsquo;aligne parfaitement avec votre besoins et pr\u00e9f\u00e9rences pr\u00e9cis. Que vous vous sp\u00e9cialisiez dans la vente de cam\u00e9ras de pointe, les ordinateurs portables de pointe, les t\u00e9l\u00e9viseurs haut de gamme ou tout autre appareil \u00e9lectronique, ce th\u00e8me rationalise le processus de mise en lumi\u00e8re de vos produits et fournit \u00e0 vos clients estim\u00e9s un Exp\u00e9rience de magasinage absolument sans couture et agr\u00e9able. B\u00e9n\u00e9ficiant d&rsquo;un ensemble impressionnant de fonctionnalit\u00e9s puissantes et intuitives, le th\u00e8me WooCommerce du magasin d&rsquo;\u00e9lectronique Woodstock sert de choix exemplaire pour tout d\u00e9taillant en ligne qui aspire \u00e0 \u00e9lever leur entreprise \u00e0 des sommets sans pr\u00e9c\u00e9dent.<\/p>\n<ul>\n<li>Design moderne et propre<\/li>\n<li>Page d&rsquo;accueil enti\u00e8rement personnalisable avec g\u00e9n\u00e9rateur de page Drag and Drop<\/li>\n<li>Int\u00e9gration facile avec WooCommerce pour les affichages de produits et le paiement<\/li>\n<li>Conception r\u00e9active mobile pour les achats en d\u00e9placement<\/li>\n<li>Options de navigation flexibles avec une capacit\u00e9 de menu Mega<\/li>\n<li>Les styles d&rsquo;en-t\u00eate et de pied de page \u00e0 choisir<\/li>\n<li>Fonctionnalit\u00e9 de blog int\u00e9gr\u00e9e pour le marketing de contenu<\/li>\n<li>SEO optimis\u00e9 pour les classements \u00e9lev\u00e9s des moteurs de recherche<\/li>\n<li>Int\u00e9gration des m\u00e9dias sociaux pour un partage et une promotion faciles<\/li>\n<li>Documentation approfondie et support client pour une assistance technique<\/li>\n<\/ul>\n","protected":false},"excerpt":{"rendered":"<p>Le th\u00e8me WooCommerce de Woodstock Electronics Store, avec un design suave et sophistiqu\u00e9, sert de mod\u00e8le de march\u00e9 num\u00e9rique impeccable sur mesure pour les entreprises qui tournent autour de l&rsquo;\u00e9lectronique. Ce th\u00e8me, qui d\u00e9gage un air de convivialit\u00e9 et d&rsquo;adaptabilit\u00e9, pr\u00e9sente magnifiquement votre \u00e9ventail de marchandises de mani\u00e8re visuellement captivante, garantissant un voyage d&rsquo;achat parfaitement rationalis\u00e9 pour votre client\u00e8le estim\u00e9e. En plus de son esth\u00e9tique remarquable, ce th\u00e8me pr\u00e9sente une myriade de fonctionnalit\u00e9s remarquables, y compris des aper\u00e7us de produits rapides et des options de tri personnalisables, qui contribuent tous \u00e0 l&rsquo;optimisation de votre magasin, en favorisant les taux de conversion amplifi\u00e9s et en engendrant un client exceptionnellement fid\u00e8le base. Embrassez le domaine num\u00e9rique et d\u00e9verrouillez le v\u00e9ritable potentiel de votre magasin d&rsquo;\u00e9lectronique en le ornant avec le magnifique th\u00e8me WooCommerce de la boutique d&rsquo;\u00e9lectronique Woodstock.<\/p>\n","protected":false},"featured_media":146081,"comment_status":"open","ping_status":"open","template":"","meta":[],"product_brand":[2433],"product_cat":[1516,1212,1213],"product_tag":[1366],"class_list":{"0":"post-112741","1":"product","2":"type-product","3":"status-publish","4":"has-post-thumbnail","6":"product_brand-themeforest","7":"product_cat-entreprise","8":"product_cat-themes","9":"product_cat-wordpress-themes","10":"product_tag-themeforest","11":"member-discount","12":"discount-restricted","14":"first","15":"instock","16":"sale","17":"downloadable","18":"virtual","19":"sold-individually","20":"purchasable","21":"product-type-simple"},"_links":{"self":[{"href":"https:\/\/gpl-love.com\/fr\/wp-json\/wp\/v2\/product\/112741","targetHints":{"allow":["GET"]}}],"collection":[{"href":"https:\/\/gpl-love.com\/fr\/wp-json\/wp\/v2\/product"}],"about":[{"href":"https:\/\/gpl-love.com\/fr\/wp-json\/wp\/v2\/types\/product"}],"replies":[{"embeddable":true,"href":"https:\/\/gpl-love.com\/fr\/wp-json\/wp\/v2\/comments?post=112741"}],"wp:featuredmedia":[{"embeddable":true,"href":"https:\/\/gpl-love.com\/fr\/wp-json\/wp\/v2\/media\/146081"}],"wp:attachment":[{"href":"https:\/\/gpl-love.com\/fr\/wp-json\/wp\/v2\/media?parent=112741"}],"wp:term":[{"taxonomy":"product_brand","embeddable":true,"href":"https:\/\/gpl-love.com\/fr\/wp-json\/wp\/v2\/product_brand?post=112741"},{"taxonomy":"product_cat","embeddable":true,"href":"https:\/\/gpl-love.com\/fr\/wp-json\/wp\/v2\/product_cat?post=112741"},{"taxonomy":"product_tag","embeddable":true,"href":"https:\/\/gpl-love.com\/fr\/wp-json\/wp\/v2\/product_tag?post=112741"}],"curies":[{"name":"wp","href":"https:\/\/api.w.org\/{rel}","templated":true}]}}