{"id":112739,"date":"2023-11-21T00:00:00","date_gmt":"2023-11-20T23:00:00","guid":{"rendered":"http:\/\/gpl-love.com\/fr\/produit\/ranbron-business-and-consulting-wordpress-theme\/"},"modified":"2026-03-20T23:33:05","modified_gmt":"2026-03-20T22:33:05","slug":"ranbron-business-and-consulting-wordpress-theme","status":"publish","type":"product","link":"https:\/\/gpl-love.com\/fr\/produit\/ranbron-business-and-consulting-wordpress-theme\/","title":{"rendered":"Ranbron Business et Consulting WordPress Theme 3.2"},"content":{"rendered":"<h3>Ranbron Business et Consulting WordPress Theme Traits<\/h3>\n<p>Ranbron Business and Consulting WordPress Th\u00e8me se pr\u00e9sente comme une solution tr\u00e8s raffin\u00e9e et sophistiqu\u00e9e pour les entreprises cherchant \u00e0 \u00e9tablir efficacement une solide pr\u00e9sence en ligne. Avec sa conception contemporaine et de pointe, coupl\u00e9e \u00e0 une interface intuitivement navigable, ce th\u00e8me offre parfaitement une exp\u00e9rience num\u00e9rique exceptionnelle pour l&rsquo;utilisateur final et le propri\u00e9taire du site Web. En tirant parti des progr\u00e8s technologiques les plus \u00e0 jour, Ranbron permet aux entreprises de montrer et de promouvoir sans effort leur myriade de services et de produits d&rsquo;une mani\u00e8re qui d\u00e9gage le professionnalisme et captive l&rsquo;attention du public. De plus, ce th\u00e8me englobe un large \u00e9ventail d&rsquo;options personnalisables, vous permettant de m\u00e9ticulent m\u00e9ticuleusement l&rsquo;esth\u00e9tique globale en fonction de vos exigences distinctes et particuli\u00e8res. Que vous vous trouviez \u00e0 la t\u00eate d&rsquo;une startup naissante ou des sommets commandants d&rsquo;une soci\u00e9t\u00e9 bien \u00e9tablie et formidable, assurez-vous que Ranbron constitue le choix par excellence pour \u00e9tablir et maintenir une impressionnante pr\u00e9sence en ligne.<\/p>\n<ul>\n<li>Design \u00e9l\u00e9gant et professionnel adapt\u00e9 aux entreprises et aux cabinets de conseil<\/li>\n<li>Enti\u00e8rement personnalisable avec un g\u00e9n\u00e9rateur de page de glisser-d\u00e9poser facile \u00e0 utiliser<\/li>\n<li>Plusieurs dispositions de d\u00e9monstration \u00e0 choisir pour une configuration rapide et facile<\/li>\n<li>Panneau d&rsquo;options de th\u00e8me avanc\u00e9 pour un contr\u00f4le complet sur la conception et les fonctionnalit\u00e9s<\/li>\n<li>La conception r\u00e9active et adapt\u00e9e aux mobiles garantit que votre site Web a l&rsquo;air super sur tous les appareils<\/li>\n<li>SEO optimis\u00e9 pour un meilleur classement et visibilit\u00e9 des moteurs de recherche<\/li>\n<li>WooCommerce compatible pour une int\u00e9gration de commerce \u00e9lectronique facile<\/li>\n<li>Comprend une vari\u00e9t\u00e9 de pages pr\u00e9d\u00e9finies, telles que nous, des services et des t\u00e9moignages<\/li>\n<li>Int\u00e9gration avec des plugins populaires comme le formulaire de contact 7, MailChimp et Slider Revolution<\/li>\n<li>Mises \u00e0 jour r\u00e9guli\u00e8res et support d\u00e9di\u00e9 pour assurer une exp\u00e9rience de site Web fluide et sans tracas.<\/li>\n<\/ul>\n","protected":false},"excerpt":{"rendered":"<p>Le th\u00e8me WordPress Business and Consulting Ranbron est un mod\u00e8le de site Web extr\u00eamement con\u00e7u et contemporain qui a \u00e9t\u00e9 sp\u00e9cifiquement adapt\u00e9 pour r\u00e9pondre aux besoins des consultants commerciaux, des soci\u00e9t\u00e9s de gestion et des soci\u00e9t\u00e9s. B\u00e9n\u00e9ficiant d&rsquo;une gamme de fonctionnalit\u00e9s impressionnantes, ce th\u00e8me offre une multitude d&rsquo;options en ce qui concerne les dispositions de page d&rsquo;accueil, les styles d&rsquo;en-t\u00eate et les widgets personnalis\u00e9s qui vous permettront de pr\u00e9senter efficacement vos services, vos membres de l&rsquo;\u00e9quipe, les t\u00e9moignages, etc. Rassurez-vous, Ranbron a \u00e9t\u00e9 m\u00e9ticuleusement con\u00e7u pour \u00eatre pleinement r\u00e9actif et optimis\u00e9 par le r\u00e9f\u00e9rencement, permettant \u00e0 votre site Web d&rsquo;atteindre sans effort un public plus large. Donc, que votre objectif soit d&rsquo;\u00e9tablir une pr\u00e9sence en ligne poli et professionnelle, de mettre en \u00e9vidence vos services ou de vous engager avec des clients potentiels, soyez assur\u00e9 que Ranbron a tous les outils dont vous avez besoin pour r\u00e9ussir. Ne perdez pas de temps et saisissez cette opportunit\u00e9 pour propulser votre entreprise \u00e0 des hauteurs sans pr\u00e9c\u00e9dent.<\/p>\n","protected":false},"featured_media":145072,"comment_status":"open","ping_status":"open","template":"","meta":[],"product_brand":[2433],"product_cat":[1516,1212,1213],"product_tag":[1366],"class_list":{"0":"post-112739","1":"product","2":"type-product","3":"status-publish","4":"has-post-thumbnail","6":"product_brand-themeforest","7":"product_cat-entreprise","8":"product_cat-themes","9":"product_cat-wordpress-themes","10":"product_tag-themeforest","11":"member-discount","12":"discount-restricted","14":"first","15":"instock","16":"sale","17":"downloadable","18":"virtual","19":"sold-individually","20":"purchasable","21":"product-type-simple"},"_links":{"self":[{"href":"https:\/\/gpl-love.com\/fr\/wp-json\/wp\/v2\/product\/112739","targetHints":{"allow":["GET"]}}],"collection":[{"href":"https:\/\/gpl-love.com\/fr\/wp-json\/wp\/v2\/product"}],"about":[{"href":"https:\/\/gpl-love.com\/fr\/wp-json\/wp\/v2\/types\/product"}],"replies":[{"embeddable":true,"href":"https:\/\/gpl-love.com\/fr\/wp-json\/wp\/v2\/comments?post=112739"}],"wp:featuredmedia":[{"embeddable":true,"href":"https:\/\/gpl-love.com\/fr\/wp-json\/wp\/v2\/media\/145072"}],"wp:attachment":[{"href":"https:\/\/gpl-love.com\/fr\/wp-json\/wp\/v2\/media?parent=112739"}],"wp:term":[{"taxonomy":"product_brand","embeddable":true,"href":"https:\/\/gpl-love.com\/fr\/wp-json\/wp\/v2\/product_brand?post=112739"},{"taxonomy":"product_cat","embeddable":true,"href":"https:\/\/gpl-love.com\/fr\/wp-json\/wp\/v2\/product_cat?post=112739"},{"taxonomy":"product_tag","embeddable":true,"href":"https:\/\/gpl-love.com\/fr\/wp-json\/wp\/v2\/product_tag?post=112739"}],"curies":[{"name":"wp","href":"https:\/\/api.w.org\/{rel}","templated":true}]}}