{"id":112737,"date":"2021-03-13T00:00:00","date_gmt":"2021-03-12T23:00:00","guid":{"rendered":"http:\/\/gpl-love.com\/fr\/produit\/rosa-an-exquisite-restaurant-wordpress-theme\/"},"modified":"2026-04-10T18:38:27","modified_gmt":"2026-04-10T16:38:27","slug":"rosa-an-exquisite-restaurant-wordpress-theme","status":"publish","type":"product","link":"https:\/\/gpl-love.com\/fr\/produit\/rosa-an-exquisite-restaurant-wordpress-theme\/","title":{"rendered":"Rosa An Exquisite Restaurant WordPress Theme 2.9.0"},"content":{"rendered":"<h3>Rosa An Exquisite Restaurant WordPress Theme Traits<\/h3>\n<p>Rosa, un th\u00e8me WordPress \u00e0 couper le souffle et d\u00e9licieusement raffin\u00e9, a \u00e9t\u00e9 m\u00e9ticuleusement con\u00e7u pour r\u00e9pondre exclusivement aux besoins de l&rsquo;industrie de la restauration. B\u00e9n\u00e9ficiant d&rsquo;une conception raffin\u00e9e et sophistiqu\u00e9e, coupl\u00e9e \u00e0 une interface remarquablement conviviale, ce th\u00e8me exceptionnel vous permet de pr\u00e9senter sans effort le menu d\u00e9licieux de votre restaurant, un emplacement id\u00e9alement accessible et un vaste \u00e9ventail de services exceptionnels d&rsquo;une mani\u00e8re incroyablement captivante et visuelle. En outre, il offre une vaste gamme d&rsquo;options de personnalisation, vous permettant de vous permettre d&rsquo;adapter votre site Web \u00e0 vos pr\u00e9f\u00e9rences pr\u00e9cises en vous avantant une vaste palette de couleurs et une vaste gamme de polices. De plus, il est important de noter que ce th\u00e8me est non seulement supr\u00eamement personnalisable, mais \u00e9galement exceptionnellement adaptable, garantissant que votre site Web d\u00e9gagera un niveau in\u00e9gal\u00e9 de brillance esth\u00e9tique et de fonctionnalit\u00e9s optimales sur tous les appareils possibles. Avec Rosa, vous avez l&rsquo;occasion unique d&rsquo;\u00e9tablir sans effort une pr\u00e9sence en ligne tr\u00e8s professionnelle et irr\u00e9sistiblement engageante pour votre restaurant estim\u00e9, attirant ainsi efficacement une client\u00e8le beaucoup plus importante et renfor\u00e7ant par la suite le succ\u00e8s global de votre entreprise culinaire florissante.<\/p>\n<ul>\n<li>Conception r\u00e9active et adapt\u00e9e aux mobiles pour une exp\u00e9rience utilisateur sans couture<\/li>\n<li>Plusieurs dispositions de d\u00e9monstration pr\u00e9-construites au choix pour une personnalisation facile<\/li>\n<li>Syst\u00e8me de r\u00e9servation de table int\u00e9gr\u00e9e pour rationaliser l&rsquo;exp\u00e9rience culinaire des clients<\/li>\n<li>Fonctionnement de gestion du menu pour une mise \u00e0 jour facile des \u00e9l\u00e9ments de menu de restauration<\/li>\n<li>Int\u00e9gration des m\u00e9dias sociaux pour \u00e9tendre la pr\u00e9sence en ligne du restaurant<\/li>\n<li>Int\u00e9gration avec des passerelles de paiement populaires pour une commande et un traitement de paiement faciles en ligne<\/li>\n<li>SEO optimis\u00e9 pour un classement plus \u00e9lev\u00e9 des moteurs de recherche et une visibilit\u00e9 en ligne accrue<\/li>\n<li>Prise en charge 24\/7 pour tout probl\u00e8me ou question technique.<\/li>\n<\/ul>\n","protected":false},"excerpt":{"rendered":"<p>Pr\u00e9sentation de Rosa, le th\u00e8me WordPress in\u00e9gal\u00e9 adapt\u00e9 sp\u00e9cifiquement pour les \u00e9tablissements d&rsquo;exp\u00e9riences culinaires in\u00e9gal\u00e9es! Poss\u00e9dant un design exquis, \u00e9l\u00e9gant et de pointe, Rosa se pr\u00e9sente sans \u00e9quivoque comme la solution in\u00e9gal\u00e9e pour tout restaurant exigeant s&rsquo;effor\u00e7ant de montrer son menu m\u00e9ticuleusement con\u00e7u, une ambiance captivante et une marque distinctive. Fonctionnant comme un v\u00e9ritable cam\u00e9l\u00e9on, ce th\u00e8me accorde la pleine autorit\u00e9 du restaurateur pour personnaliser tous les aspects, tout en se vantant simultan\u00e9ment un panth\u00e9on de fonctionnalit\u00e9s formidables, y compris une conception exceptionnellement r\u00e9active, des outils de personnalisation conviviaux, et une int\u00e9gration transparente avec toutes les r\u00e9servations tierces pr\u00e9\u00e9minentes et les tiers pr\u00e9\u00e9minents et la r\u00e9servation tierce pr\u00e9\u00e9minente et la r\u00e9servation tierce pr\u00e9\u00e9minente et la r\u00e9servation tiers pr\u00e9\u00e9minente et syst\u00e8mes de r\u00e9servation. Que vous apparteniez aux \u00e9chelons de la gastronomie, aux royaumes confortables d&rsquo;un caf\u00e9 pittoresque ou \u00e0 la sph\u00e8re tendance d&rsquo;un gastropub vibrant, Rosa s&rsquo;affirme triomphalement comme la s\u00e9lection par excellence pour catapulter votre pr\u00e9sence en ligne \u00e0 de nouveaux sommets et attirer des l\u00e9gions de convives potentiels. Entrez dans le voyage Rosa aujourd&rsquo;hui et savourez la quintessence de la conception du site Web du restaurant!<\/p>\n","protected":false},"featured_media":145146,"comment_status":"open","ping_status":"open","template":"","meta":[],"product_brand":[2433],"product_cat":[1606,1212,1213],"product_tag":[1366],"class_list":{"0":"post-112737","1":"product","2":"type-product","3":"status-publish","4":"has-post-thumbnail","6":"product_brand-themeforest","7":"product_cat-restauration-et-restaurant","8":"product_cat-themes","9":"product_cat-wordpress-themes","10":"product_tag-themeforest","11":"member-discount","12":"discount-restricted","14":"first","15":"instock","16":"sale","17":"downloadable","18":"virtual","19":"sold-individually","20":"purchasable","21":"product-type-simple"},"_links":{"self":[{"href":"https:\/\/gpl-love.com\/fr\/wp-json\/wp\/v2\/product\/112737","targetHints":{"allow":["GET"]}}],"collection":[{"href":"https:\/\/gpl-love.com\/fr\/wp-json\/wp\/v2\/product"}],"about":[{"href":"https:\/\/gpl-love.com\/fr\/wp-json\/wp\/v2\/types\/product"}],"replies":[{"embeddable":true,"href":"https:\/\/gpl-love.com\/fr\/wp-json\/wp\/v2\/comments?post=112737"}],"wp:featuredmedia":[{"embeddable":true,"href":"https:\/\/gpl-love.com\/fr\/wp-json\/wp\/v2\/media\/145146"}],"wp:attachment":[{"href":"https:\/\/gpl-love.com\/fr\/wp-json\/wp\/v2\/media?parent=112737"}],"wp:term":[{"taxonomy":"product_brand","embeddable":true,"href":"https:\/\/gpl-love.com\/fr\/wp-json\/wp\/v2\/product_brand?post=112737"},{"taxonomy":"product_cat","embeddable":true,"href":"https:\/\/gpl-love.com\/fr\/wp-json\/wp\/v2\/product_cat?post=112737"},{"taxonomy":"product_tag","embeddable":true,"href":"https:\/\/gpl-love.com\/fr\/wp-json\/wp\/v2\/product_tag?post=112737"}],"curies":[{"name":"wp","href":"https:\/\/api.w.org\/{rel}","templated":true}]}}