{"id":112734,"date":"2021-03-13T00:00:00","date_gmt":"2021-03-12T23:00:00","guid":{"rendered":"http:\/\/gpl-love.com\/fr\/produit\/powerup-video-game-theme-for-wordpress\/"},"modified":"2026-04-10T18:36:51","modified_gmt":"2026-04-10T16:36:51","slug":"powerup-video-game-theme-for-wordpress","status":"publish","type":"product","link":"https:\/\/gpl-love.com\/fr\/produit\/powerup-video-game-theme-for-wordpress\/","title":{"rendered":"PowerUp Video Game Th\u00e8me pour WordPress 1.7"},"content":{"rendered":"<h3>PowerUp Video Game Th\u00e8me pour WordPress Traits<\/h3>\n<p>Le th\u00e8me du jeu vid\u00e9o Prowup pour WordPress est un th\u00e8me haut de gamme et de haut niveau qui a \u00e9t\u00e9 sp\u00e9cifiquement con\u00e7u pour r\u00e9pondre aux go\u00fbts exigeants des joueurs passionn\u00e9s et des amateurs de jeux. B\u00e9n\u00e9ficiant d&rsquo;une myriade de fonctionnalit\u00e9s de pointe et d&rsquo;une vaste gamme de fonctionnalit\u00e9s, ce th\u00e8me permet aux utilisateurs sans effort de fa\u00e7onner sans effort un site Web poli et professionnel qui ne laissera pas une impression dur comp\u00e9tence.<\/p>\n<p>Dot\u00e9 d&rsquo;une s\u00e9lection diversifi\u00e9e de dispositions pr\u00e9d\u00e9finies m\u00e9ticuleusement con\u00e7ues et de conceptions visuellement captivantes, le th\u00e8me du jeu vid\u00e9o Powerup peut \u00eatre adapt\u00e9 sans effort pour r\u00e9pondre \u00e0 vos exigences et pr\u00e9f\u00e9rences sp\u00e9cifiques, en vous assurant que votre site Web reste aussi unique et distinctif que votre personnage de jeu. De plus, ce th\u00e8me int\u00e8gre de mani\u00e8re transparente une multitude de fonctionnalit\u00e9s indispensables, telles que la conception r\u00e9active, qui garantit que votre site Web ressemble et fonctionne parfaitement sur tous les appareils et tailles d&rsquo;\u00e9cran, r\u00e9sultant en une exp\u00e9rience utilisateur vraiment immersive et agr\u00e9able.<\/p>\n<p>En outre, le th\u00e8me du jeu vid\u00e9o Powerup a \u00e9t\u00e9 optimis\u00e9 pour la perfection en ce qui concerne l&rsquo;optimisation des moteurs de recherche (SEO), garantissant que votre site Web se classe hautement sur les pages de r\u00e9sultats des moteurs de recherche (SERP), augmentant ainsi sa visibilit\u00e9 et attirant un public plus large. De plus, ce th\u00e8me s&rsquo;int\u00e8gre parfaitement \u00e0 diverses plateformes de m\u00e9dias sociaux, facilitant le partage et l&rsquo;interaction sans effort avec votre communaut\u00e9 de jeux sur plusieurs canaux.<\/p>\n<p>En outre, le th\u00e8me du jeu vid\u00e9o Powerup est enti\u00e8rement compatible avec WooCommerce, le premier plugin de commerce \u00e9lectronique pour WordPress, vous permettant de cr\u00e9er sans effort une boutique en ligne et de vendre des produits directement li\u00e9s \u00e0 votre niche dans l&rsquo;industrie du jeu. Qu&rsquo;il s&rsquo;agisse de marchandises de jeu, d&rsquo;accessoires ou m\u00eame de t\u00e9l\u00e9chargements num\u00e9riques, ce th\u00e8me vous fournit les outils n\u00e9cessaires pour mon\u00e9tiser efficacement votre site Web de jeu et g\u00e9n\u00e9rer des revenus.<\/p>\n<p>En conclusion, le th\u00e8me du jeu vid\u00e9o Powerup est un changeur de jeu absolu pour quiconque cherche \u00e0 cr\u00e9er un site Web de jeu visuellement \u00e9tonnant et tr\u00e8s fonctionnel sur la plate-forme WordPress. Avec sa vaste suite de fonctionnalit\u00e9s et des options de personnalisation in\u00e9gal\u00e9es, ce th\u00e8me vous permet de pr\u00e9senter sans effort votre contenu de jeu, de favoriser une communaut\u00e9 dynamique et engag\u00e9e de joueurs partageant les m\u00eames id\u00e9es et de capitaliser sur votre niche de jeu en vendant sans effort une vari\u00e9t\u00e9 de produits.<\/p>\n<ul>\n<li>Th\u00e8me WordPress enti\u00e8rement personnalisable avec un th\u00e8me de jeu vid\u00e9o amusant<\/li>\n<li>Prise en charge int\u00e9gr\u00e9e pour l&rsquo;int\u00e9gration WooCommerce pour vendre des marchandises de jeux vid\u00e9o<\/li>\n<li>Optimis\u00e9 pour les temps de chargement de pages rapides et l&rsquo;exp\u00e9rience utilisateur fluide<\/li>\n<li>Comprend des graphismes et des ic\u00f4nes personnalis\u00e9s pour un look coh\u00e9rent<\/li>\n<li>La conception r\u00e9active garantit une visualisation transparente sur tous les appareils<\/li>\n<li>Int\u00e9gration int\u00e9gr\u00e9e des m\u00e9dias sociaux pour partager facilement les critiques et les mises \u00e0 jour du jeu<\/li>\n<li>Compatible avec les plugins WordPress populaires pour des fonctionnalit\u00e9s ajout\u00e9es<\/li>\n<li>Panneau d&rsquo;options de th\u00e8me facile \u00e0 utiliser pour une personnalisation rapide<\/li>\n<li>\u00c9quipe d&rsquo;assistance d\u00e9di\u00e9e \u00e0 aider avec tout probl\u00e8me ou question.<\/li>\n<\/ul>\n","protected":false},"excerpt":{"rendered":"<p>Le th\u00e8me du jeu vid\u00e9o Powerup pour WordPress offre une solution in\u00e9gal\u00e9e dans le domaine de la cr\u00e9ation d&rsquo;un site Web de jeu captivant et passionnant qui est tenu de captiver et d&rsquo;exalter votre public. Ce th\u00e8me hautement personnalisable et m\u00e9ticuleusement r\u00e9actif poss\u00e8de un vaste \u00e9ventail de fonctionnalit\u00e9s et d&rsquo;options, vous permettant de m\u00e9tamorphoser sans effort votre site Web en un paradis de jeu absolu. Avec son design \u00e9l\u00e9gant et contemporain, ses fonctionnalit\u00e9s de pointe et son interface conviviale, le th\u00e8me du jeu vid\u00e9o Prowup pour WordPress appara\u00eet comme le choix par excellence pour les personnes cherchant \u00e0 fa\u00e7onner une rencontre de jeux formidable et immersive. Alors pourquoi tarder? Faites le pas aujourd&rsquo;hui et revigorez votre site Web de jeu avec les prouesses in\u00e9gal\u00e9es du th\u00e8me du jeu vid\u00e9o Powerup pour WordPress.<\/p>\n","protected":false},"featured_media":145007,"comment_status":"open","ping_status":"open","template":"","meta":[],"product_brand":[2433],"product_cat":[1242,1212,1213],"product_tag":[1366],"class_list":{"0":"post-112734","1":"product","2":"type-product","3":"status-publish","4":"has-post-thumbnail","6":"product_brand-themeforest","7":"product_cat-creatif","8":"product_cat-themes","9":"product_cat-wordpress-themes","10":"product_tag-themeforest","11":"member-discount","12":"discount-restricted","14":"first","15":"instock","16":"sale","17":"downloadable","18":"virtual","19":"sold-individually","20":"purchasable","21":"product-type-simple"},"_links":{"self":[{"href":"https:\/\/gpl-love.com\/fr\/wp-json\/wp\/v2\/product\/112734","targetHints":{"allow":["GET"]}}],"collection":[{"href":"https:\/\/gpl-love.com\/fr\/wp-json\/wp\/v2\/product"}],"about":[{"href":"https:\/\/gpl-love.com\/fr\/wp-json\/wp\/v2\/types\/product"}],"replies":[{"embeddable":true,"href":"https:\/\/gpl-love.com\/fr\/wp-json\/wp\/v2\/comments?post=112734"}],"wp:featuredmedia":[{"embeddable":true,"href":"https:\/\/gpl-love.com\/fr\/wp-json\/wp\/v2\/media\/145007"}],"wp:attachment":[{"href":"https:\/\/gpl-love.com\/fr\/wp-json\/wp\/v2\/media?parent=112734"}],"wp:term":[{"taxonomy":"product_brand","embeddable":true,"href":"https:\/\/gpl-love.com\/fr\/wp-json\/wp\/v2\/product_brand?post=112734"},{"taxonomy":"product_cat","embeddable":true,"href":"https:\/\/gpl-love.com\/fr\/wp-json\/wp\/v2\/product_cat?post=112734"},{"taxonomy":"product_tag","embeddable":true,"href":"https:\/\/gpl-love.com\/fr\/wp-json\/wp\/v2\/product_tag?post=112734"}],"curies":[{"name":"wp","href":"https:\/\/api.w.org\/{rel}","templated":true}]}}