{"id":112732,"date":"2021-06-14T00:00:00","date_gmt":"2021-06-13T22:00:00","guid":{"rendered":"http:\/\/gpl-love.com\/fr\/produit\/projectopia-wordpress-plugins\/"},"modified":"2026-04-10T18:37:14","modified_gmt":"2026-04-10T16:37:14","slug":"projectopia-wordpress-plugins","status":"publish","type":"product","link":"https:\/\/gpl-love.com\/fr\/produit\/projectopia-wordpress-plugins\/","title":{"rendered":"Projectopia Wordpress Plugin 4.3.13"},"content":{"rendered":"<h3>Projectopia Wordpress Plugin Traits<\/h3>\n<p>Le plugin indispensable Projectopia WordPress sert d&rsquo;instrument fondamental dans la gestion transparente des projets et des t\u00e2ches. En offrant aux utilisateurs la possibilit\u00e9 de g\u00e9n\u00e9rer et de superviser sans effort des t\u00e2ches, des d\u00e9lais et des jalons dans leur site WordPress, ce plugin offre une commodit\u00e9 in\u00e9gal\u00e9e. De plus, le plugin s&rsquo;int\u00e8gre sans effort avec des outils de premier plan, notamment WooCommerce, PayPal et Stripe, dominant ainsi les entreprises de toutes les grandeurs avec une solution puissante et polyvalente. Avec son interface conviviale, les membres de l&rsquo;\u00e9quipe peuvent collaborer et maintenir efficacement une compr\u00e9hension ferme sur leurs t\u00e2ches, augmentant ainsi la productivit\u00e9 et l&rsquo;efficacit\u00e9. Pour ceux qui cherchent \u00e0 rationaliser leur processus de gestion de projet et \u00e0 propulser leur entreprise \u00e0 de nouveaux sommets, le plugin WordPress Projectopia est un atout indispensable.<\/p>\n<ul>\n<li>Un puissant outil de gestion de projet qui s&rsquo;int\u00e8gre de mani\u00e8re transparente \u00e0 WordPress<\/li>\n<li>Permet aux utilisateurs de cr\u00e9er des projets et d&rsquo;attribuer des t\u00e2ches aux membres de l&rsquo;\u00e9quipe<\/li>\n<li>Comprend un tableau de bord intuitif pour suivre les progr\u00e8s et les d\u00e9lais<\/li>\n<li>Permet aux membres de l&rsquo;\u00e9quipe de mettre \u00e0 jour les t\u00e2ches, de communiquer entre eux et de partager des fichiers dans le projet<\/li>\n<li>Prend en charge la facturation et le suivi du temps pour une facturation pr\u00e9cise et des co\u00fbts de projet<\/li>\n<li>Offre des mod\u00e8les de projet personnalisables pour une configuration et une organisation faciles de projet<\/li>\n<li>Fournit des rapports et des analyses d\u00e9taill\u00e9s pour mesurer les performances du projet et identifier les domaines \u00e0 am\u00e9liorer<\/li>\n<li>Livr\u00e9 avec un support client r\u00e9actif et des mises \u00e0 jour r\u00e9guli\u00e8res pour assurer une fonctionnalit\u00e9 optimale<\/li>\n<li>Convient aux entreprises de toutes tailles et industries qui souhaitent rationaliser leur processus de gestion de projet dans l&rsquo;environnement WordPress.<\/li>\n<\/ul>\n","protected":false},"excerpt":{"rendered":"<p>Le plugin WordPress Projectopia est un outil de gestion de projet incroyablement efficace et complet qui est sp\u00e9cialement con\u00e7u pour les sites Web WordPress. Ce plugin remarquable propose une gamme de fonctionnalit\u00e9s puissantes qui vous permettent de g\u00e9rer efficacement et efficacement votre \u00e9quipe, de surveiller et de suivre les progr\u00e8s des projets, ainsi que d&rsquo;optimiser et de rationaliser les flux de travail du projet, le tout \u00e0 partir d&rsquo;un emplacement centralis\u00e9. Les outils de gestion des t\u00e2ches intuitifs fournis par ce plugin permettent une organisation transparente des projets et la possibilit\u00e9 de rester sans effort en plus des d\u00e9lais. De plus, les mod\u00e8les de projet personnalisables offrent un grand degr\u00e9 de flexibilit\u00e9 et de personnalisation, garantissant que le plugin peut \u00eatre adapt\u00e9 pour r\u00e9pondre aux besoins et aux exigences uniques de tout projet.<\/p>\n","protected":false},"featured_media":145036,"comment_status":"open","ping_status":"open","template":"","meta":[],"product_brand":[2435],"product_cat":[1189,1181,1186],"product_tag":[1231],"class_list":{"0":"post-112732","1":"product","2":"type-product","3":"status-publish","4":"has-post-thumbnail","6":"product_brand-codecanyon","7":"product_cat-personnalisation","8":"product_cat-plugins","9":"product_cat-wordpress-plugins","10":"product_tag-codecanyon","11":"member-discount","12":"discount-restricted","14":"first","15":"instock","16":"sale","17":"downloadable","18":"virtual","19":"sold-individually","20":"purchasable","21":"product-type-simple"},"_links":{"self":[{"href":"https:\/\/gpl-love.com\/fr\/wp-json\/wp\/v2\/product\/112732","targetHints":{"allow":["GET"]}}],"collection":[{"href":"https:\/\/gpl-love.com\/fr\/wp-json\/wp\/v2\/product"}],"about":[{"href":"https:\/\/gpl-love.com\/fr\/wp-json\/wp\/v2\/types\/product"}],"replies":[{"embeddable":true,"href":"https:\/\/gpl-love.com\/fr\/wp-json\/wp\/v2\/comments?post=112732"}],"wp:featuredmedia":[{"embeddable":true,"href":"https:\/\/gpl-love.com\/fr\/wp-json\/wp\/v2\/media\/145036"}],"wp:attachment":[{"href":"https:\/\/gpl-love.com\/fr\/wp-json\/wp\/v2\/media?parent=112732"}],"wp:term":[{"taxonomy":"product_brand","embeddable":true,"href":"https:\/\/gpl-love.com\/fr\/wp-json\/wp\/v2\/product_brand?post=112732"},{"taxonomy":"product_cat","embeddable":true,"href":"https:\/\/gpl-love.com\/fr\/wp-json\/wp\/v2\/product_cat?post=112732"},{"taxonomy":"product_tag","embeddable":true,"href":"https:\/\/gpl-love.com\/fr\/wp-json\/wp\/v2\/product_tag?post=112732"}],"curies":[{"name":"wp","href":"https:\/\/api.w.org\/{rel}","templated":true}]}}