{"id":112730,"date":"2025-12-12T00:00:00","date_gmt":"2025-12-11T23:00:00","guid":{"rendered":"http:\/\/gpl-love.com\/fr\/produit\/woocommerce-order-details\/"},"modified":"2026-03-20T23:46:31","modified_gmt":"2026-03-20T22:46:31","slug":"woocommerce-order-details","status":"publish","type":"product","link":"https:\/\/gpl-love.com\/fr\/produit\/woocommerce-order-details\/","title":{"rendered":"WooCommerce Order Details 3.2"},"content":{"rendered":"<h3>WooCommerce Order Details Traits<\/h3>\n<p>Les d\u00e9tails de la commande WooCommerce servent d&rsquo;outil tr\u00e8s efficace et efficace qui vous accorde la possibilit\u00e9 de superviser et de surveiller sans effort l&rsquo;int\u00e9gralit\u00e9 des commandes de vos clients dans un seul centre centralis\u00e9. Gr\u00e2ce \u00e0 l&rsquo;utilisation de ce logiciel remarquable, vous avez la possibilit\u00e9 d&rsquo;examiner et de modifier rapidement les sp\u00e9cificit\u00e9s complexes de chaque commande individuelle, de documenter et de tracer m\u00e9ticuleusement les d\u00e9tails de l&rsquo;envoi et de la livraison, d&rsquo;administrer comp\u00e9tentement les diff\u00e9rentes alternatives de paiement \u00e0 votre disposition et d&rsquo;adapter personnellement Les correspondances \u00e9lectroniques transmises \u00e0 votre client\u00e8le, garantissant qu&rsquo;elles sont bien inform\u00e9es et \u00e9clair\u00e9es \u00e0 chaque \u00e9tape de leur parcours d&rsquo;achat. L&rsquo;interface extr\u00eamement conviviale rend la navigation et la gestion de grandes quantit\u00e9s de commandes une entreprise sans effort, tandis que l&rsquo;inclusion de fonctionnalit\u00e9s de rapport avanc\u00e9 vous permet de rester bien inform\u00e9 et de contr\u00f4ler les performances globales de votre entreprise. Que vous soyez le propri\u00e9taire d&rsquo;une boutique en ligne modeste ou du surveillant d&rsquo;un \u00e9tendue d&#8217;empire de commerce \u00e9lectronique, les d\u00e9tails de l&rsquo;ordre WooCommerce sont sans aucun doute la solution quintessentielle \u00e0 l&rsquo;optimisation et \u00e0 la raffine contentement.<\/p>\n<ul>\n<li>D\u00e9tails de commande complets: Notre produit g\u00e9n\u00e8re un ensemble complet de donn\u00e9es pour chaque commande WooCommerce, y compris les d\u00e9tails du client, les informations sur le produit, les adresses de facturation et d&rsquo;exp\u00e9dition, la m\u00e9thode de paiement et d&rsquo;exp\u00e9dition, les identifiants de transaction, etc.<\/li>\n<li><\/li>\n<li>Int\u00e9gration facile: vous pouvez facilement int\u00e9grer notre produit \u00e0 votre magasin WooCommerce existant et commencer \u00e0 profiter imm\u00e9diatement des avantages du suivi et de l&rsquo;analyse des commandes d\u00e9taill\u00e9es.<\/li>\n<li><\/li>\n<li>Plus d&rsquo;efficacit\u00e9: avec notre produit, vous pouvez rationaliser vos processus de gestion des commandes et r\u00e9duire les erreurs, vous aider \u00e0 gagner du temps et \u00e0 stimuler la productivit\u00e9.<\/li>\n<li><\/li>\n<li>Rapports avanc\u00e9s: notre produit vous permet de g\u00e9n\u00e9rer des rapports en fonction des donn\u00e9es de votre commande, vous donnant un aper\u00e7u des performances de vos ventes, du comportement client, etc.<\/li>\n<li><\/li>\n<li>Conception r\u00e9active: notre produit dispose d&rsquo;une conception r\u00e9active et adapt\u00e9e aux mobiles qui fonctionne de mani\u00e8re transparente entre les appareils, en vous assurant que vous pouvez acc\u00e9der et g\u00e9rer vos donn\u00e9es de commande de n&rsquo;importe o\u00f9, \u00e0 tout moment.<\/li>\n<li><\/li>\n<li>S\u00e9curis\u00e9 et fiable: nous utilisons des pratiques de s\u00e9curit\u00e9 et des mesures de protection des donn\u00e9es de pointe pour nous assurer que vos donn\u00e9es de commande sont toujours s\u00fbres et s\u00e9curis\u00e9es.<\/li>\n<li><\/li>\n<li>Suivi en temps r\u00e9el: Notre produit fournit des mises \u00e0 jour en temps r\u00e9el sur vos commandes, afin que vous puissiez rester au courant de vos ventes et \u00eatre plus r\u00e9actif avec vos clients.<\/li>\n<li><\/li>\n<li>Options personnalisables: Notre produit propose une gamme d&rsquo;options personnalisables, vous permettant d&rsquo;adapter les d\u00e9tails de la commande \u00e0 vos besoins et pr\u00e9f\u00e9rences sp\u00e9cifiques.<\/li>\n<li><\/li>\n<li>Am\u00e9lioration du service client: avec notre produit, vous pouvez fournir un service client plus personnalis\u00e9 et efficace, r\u00e9soudre des probl\u00e8mes et r\u00e9pondre aux questions rapidement et avec pr\u00e9cision.<\/li>\n<li><\/li>\n<li>Prix \u200b\u200babordable: notre produit est \u00e0 un prix comp\u00e9titif, ce qui le rend accessible aux entreprises de toutes tailles et budgets.<\/li>\n<\/ul>\n","protected":false},"excerpt":{"rendered":"<p>Les d\u00e9tails de l&rsquo;ordre WooCommerce sont un outil tr\u00e8s b\u00e9n\u00e9fique qui fournit aux utilisateurs un examen approfondi et approfondi de tous les aspects cruciaux concernant leurs ordres WooCommerce. Cela englobe une pl\u00e9thore d&rsquo;informations pr\u00e9cieuses telles que l&rsquo;\u00e9tat actuel des commandes, les d\u00e9tails complexes des clients, les adresses de livraison et de facturation m\u00e9ticuleuses, les d\u00e9tails complexes du produit, diverses m\u00e9thodes de paiement, et bien plus encore. Gr\u00e2ce \u00e0 l&rsquo;utilisation de cet outil extr\u00eamement pr\u00e9cieux, les individus peuvent surveiller et r\u00e9guler efficacement leurs commandes sans effort, tout en acqu\u00e9rant simultan\u00e9ment des informations inestimables sur leur client\u00e8le. Cela permet par la suite aux entreprises, quelle que soit leur \u00e9chelle, de rationaliser de mani\u00e8re transparente leurs processus op\u00e9rationnels, catalysant ainsi une am\u00e9lioration exponentielle de l&rsquo;efficacit\u00e9 globale. Par cons\u00e9quent, que l&rsquo;on soit le propri\u00e9taire d&rsquo;une modeste petite entreprise ou d&rsquo;une entreprise colossale, les d\u00e9tails de la commande WooCommerce constituent une solution impeccable pour optimiser les performances de sa boutique en ligne, tout en augmentant simultan\u00e9ment l&rsquo;exp\u00e9rience client globale.<\/p>\n","protected":false},"featured_media":145943,"comment_status":"open","ping_status":"open","template":"","meta":[],"product_brand":[2435],"product_cat":[1183,1182,1181],"product_tag":[1231],"class_list":{"0":"post-112730","1":"product","2":"type-product","3":"status-publish","4":"has-post-thumbnail","6":"product_brand-codecanyon","7":"product_cat-administration","8":"product_cat-commerce-electronique-plugins","9":"product_cat-plugins","10":"product_tag-codecanyon","11":"member-discount","12":"discount-restricted","14":"first","15":"instock","16":"sale","17":"downloadable","18":"virtual","19":"sold-individually","20":"purchasable","21":"product-type-simple"},"_links":{"self":[{"href":"https:\/\/gpl-love.com\/fr\/wp-json\/wp\/v2\/product\/112730","targetHints":{"allow":["GET"]}}],"collection":[{"href":"https:\/\/gpl-love.com\/fr\/wp-json\/wp\/v2\/product"}],"about":[{"href":"https:\/\/gpl-love.com\/fr\/wp-json\/wp\/v2\/types\/product"}],"replies":[{"embeddable":true,"href":"https:\/\/gpl-love.com\/fr\/wp-json\/wp\/v2\/comments?post=112730"}],"wp:featuredmedia":[{"embeddable":true,"href":"https:\/\/gpl-love.com\/fr\/wp-json\/wp\/v2\/media\/145943"}],"wp:attachment":[{"href":"https:\/\/gpl-love.com\/fr\/wp-json\/wp\/v2\/media?parent=112730"}],"wp:term":[{"taxonomy":"product_brand","embeddable":true,"href":"https:\/\/gpl-love.com\/fr\/wp-json\/wp\/v2\/product_brand?post=112730"},{"taxonomy":"product_cat","embeddable":true,"href":"https:\/\/gpl-love.com\/fr\/wp-json\/wp\/v2\/product_cat?post=112730"},{"taxonomy":"product_tag","embeddable":true,"href":"https:\/\/gpl-love.com\/fr\/wp-json\/wp\/v2\/product_tag?post=112730"}],"curies":[{"name":"wp","href":"https:\/\/api.w.org\/{rel}","templated":true}]}}