{"id":112685,"date":"2021-03-09T00:00:00","date_gmt":"2021-03-08T23:00:00","guid":{"rendered":"http:\/\/gpl-love.com\/fr\/produit\/yith-store-locator-for-wordpress\/"},"modified":"2026-04-18T06:32:38","modified_gmt":"2026-04-18T04:32:38","slug":"yith-store-locator-for-wordpress","status":"publish","type":"product","link":"https:\/\/gpl-love.com\/fr\/produit\/yith-store-locator-for-wordpress\/","title":{"rendered":"YITH Store Locator pour WordPress 1.0.4"},"content":{"rendered":"<h3>YITH Store Locator pour WordPress Traits<\/h3>\n<p>Le Locator Yith Store pour WordPress est un plugin tr\u00e8s intuitif et navigable sans effort qui permet efficacement aux propri\u00e9taires de sites Web la possibilit\u00e9 d&rsquo;incorporer de mani\u00e8re transparente une fonction de localisateur de magasin dans leurs sites Web estim\u00e9s. Ce plugin in\u00e9gal\u00e9 est particuli\u00e8rement avantageux pour les entreprises qui poss\u00e8dent une pl\u00e9thore d&#8217;emplacements physiques, rendant ainsi le processus de localisation du magasin le plus proche une brise absolue pour les clients. La fonction de localisation du magasin pr\u00e9sente efficacement tous les emplacements des magasins disponibles sur une carte visuellement attrayante, tout en accordant simultan\u00e9ment aux utilisateurs des informations indispensables et compl\u00e8tes telles que les heures de fonctionnement des magasins, les d\u00e9tails de contact et les directions d\u00e9taill\u00e9es. En outre, ce plugin remarquable offre un niveau d&rsquo;adaptabilit\u00e9 et de personnalisation in\u00e9gal\u00e9, offrant ainsi aux propri\u00e9taires de sites Web avec l&rsquo;autonomie pour s\u00e9lectionner m\u00e9ticuleusement les fonctionnalit\u00e9s sp\u00e9cifiques qu&rsquo;ils souhaitent int\u00e9grer dans leur localisateur de magasin, en plus d&rsquo;avoir la libert\u00e9 de d\u00e9terminer individuellement la conception et la mise en page de la carte. Par cons\u00e9quent, il est irr\u00e9futable que ce plugin hautement sophistiqu\u00e9 sert un actif exceptionnel et indispensable pour tout site Web WordPress qui aspire \u00e0 optimiser l&rsquo;exp\u00e9rience client globale et \u00e0 augmenter simultan\u00e9ment le trafic pi\u00e9tonnier dans ses \u00e9tablissements physiques.<\/p>\n<ul>\n<li>Fournit un outil de localisateur de magasin pour les sites Web WordPress<\/li>\n<li>Permet aux clients de trouver facilement des emplacements de magasin physique<\/li>\n<li>S&rsquo;int\u00e8gre \u00e0 Google Maps pour des donn\u00e9es de localisation pr\u00e9cises<\/li>\n<li>Fournit des options de recherche personnalisables pour une exp\u00e9rience utilisateur am\u00e9lior\u00e9e<\/li>\n<li>Comprend une conception r\u00e9active pour une visualisation optimale sur tous les appareils<\/li>\n<li>Prend en charge plusieurs langues pour un public mondial<\/li>\n<li>Offre une int\u00e9gration de raccourcis pour une impl\u00e9mentation facile sur n&rsquo;importe quelle page ou publication<\/li>\n<li>Comprend un guide de documentation d\u00e9taill\u00e9 pour une configuration et une personnalisation faciles<\/li>\n<li>Fournit la gestion des backend conviviale pour les param\u00e8tres de localisation et de recherche<\/li>\n<li>Permet l&rsquo;ajout de marqueurs et de descriptions personnalis\u00e9s pour chaque emplacement.<\/li>\n<\/ul>\n","protected":false},"excerpt":{"rendered":"<p>Le localisateur Yith Store pour WordPress est un plugin extr\u00eamement puissant qui vous accorde la possibilit\u00e9 d&rsquo;incorporer un localisateur de magasin sur mesure et personnalis\u00e9 sur votre propre site Web WordPress. Gr\u00e2ce \u00e0 ce plugin exceptionnellement avantageux, vos pr\u00e9cieux clients pourront d\u00e9terminer sans effort et commod\u00e9ment l&#8217;emplacement du magasin le plus proche en entrant simplement leur adresse ou code postal d\u00e9sign\u00e9. De plus, vous avez la capacit\u00e9 de d\u00e9limiter m\u00e9ticuleusement le rayon de recherche, de personnaliser habilement l&rsquo;attrait esth\u00e9tique et l&rsquo;ambiance de la carte, et m\u00eame d&rsquo;augmenter la navigabilit\u00e9 globale et la convivialit\u00e9 en ornant la carte avec des marqueurs informatifs pour chaque magasin individuel. \u00c0 la lumi\u00e8re de ces capacit\u00e9s tr\u00e8s impressionnantes, il devient manifestement \u00e9vident que le localisateur du magasin Yith pour WordPress est un outil indispensable et indispensable pour toute entreprise qui poss\u00e8de plusieurs \u00e9tablissements physiques et aspire \u00e0 am\u00e9liorer et \u00e0 am\u00e9liorer l&rsquo;exp\u00e9rience en ligne de leurs clients estim\u00e9s \u00e0 des hauteurs sans pr\u00e9c\u00e9dent.<\/p>\n","protected":false},"featured_media":146435,"comment_status":"open","ping_status":"open","template":"","meta":[],"product_brand":[2487],"product_cat":[1183,1182,1181],"product_tag":[1437],"class_list":{"0":"post-112685","1":"product","2":"type-product","3":"status-publish","4":"has-post-thumbnail","6":"product_brand-yith","7":"product_cat-administration","8":"product_cat-commerce-electronique-plugins","9":"product_cat-plugins","10":"product_tag-yith","11":"member-discount","12":"discount-restricted","14":"first","15":"instock","16":"sale","17":"downloadable","18":"virtual","19":"sold-individually","20":"purchasable","21":"product-type-simple"},"_links":{"self":[{"href":"https:\/\/gpl-love.com\/fr\/wp-json\/wp\/v2\/product\/112685","targetHints":{"allow":["GET"]}}],"collection":[{"href":"https:\/\/gpl-love.com\/fr\/wp-json\/wp\/v2\/product"}],"about":[{"href":"https:\/\/gpl-love.com\/fr\/wp-json\/wp\/v2\/types\/product"}],"replies":[{"embeddable":true,"href":"https:\/\/gpl-love.com\/fr\/wp-json\/wp\/v2\/comments?post=112685"}],"wp:featuredmedia":[{"embeddable":true,"href":"https:\/\/gpl-love.com\/fr\/wp-json\/wp\/v2\/media\/146435"}],"wp:attachment":[{"href":"https:\/\/gpl-love.com\/fr\/wp-json\/wp\/v2\/media?parent=112685"}],"wp:term":[{"taxonomy":"product_brand","embeddable":true,"href":"https:\/\/gpl-love.com\/fr\/wp-json\/wp\/v2\/product_brand?post=112685"},{"taxonomy":"product_cat","embeddable":true,"href":"https:\/\/gpl-love.com\/fr\/wp-json\/wp\/v2\/product_cat?post=112685"},{"taxonomy":"product_tag","embeddable":true,"href":"https:\/\/gpl-love.com\/fr\/wp-json\/wp\/v2\/product_tag?post=112685"}],"curies":[{"name":"wp","href":"https:\/\/api.w.org\/{rel}","templated":true}]}}