{"id":112681,"date":"2026-04-07T00:00:00","date_gmt":"2026-04-06T22:00:00","guid":{"rendered":"http:\/\/gpl-love.com\/fr\/produit\/mailpoet-premium-better-email-wordpress-plugin\/"},"modified":"2026-04-08T00:30:28","modified_gmt":"2026-04-07T22:30:28","slug":"mailpoet-premium-better-email-wordpress-plugin","status":"publish","type":"product","link":"https:\/\/gpl-love.com\/fr\/produit\/mailpoet-premium-better-email-wordpress-plugin\/","title":{"rendered":"Mailpoet Premium Better Email WordPress Plugin 5.23.0"},"content":{"rendered":"<h3>Mailpoet Premium Better Email WordPress Plugin Traits<\/h3>\n<p>MailPoet Premium Better Email WordPress Plugin est un outil de marketing par e-mail tr\u00e8s sophistiqu\u00e9 et de pointe qui a \u00e9t\u00e9 m\u00e9ticuleusement con\u00e7u pour r\u00e9pondre aux besoins des entreprises et des blogueurs qui s&rsquo;efforcent de rationaliser leurs efforts de communication. Ce plugin remarquable permet aux utilisateurs de g\u00e9n\u00e9rer sans effort des newsletters visuellement captivants, des e-mails automatis\u00e9s et des formulaires d&rsquo;inscription avec la plus grande commodit\u00e9, le tout directement \u00e0 partir du confort et de la commodit\u00e9 de leur tableau de bord WordPress. En fournissant une interface intuitive et conviviale, accomplie avec les fonctionnalit\u00e9s in\u00e9gal\u00e9es des \u00e9diteurs de courriels glisser-d\u00e9poser, des mod\u00e8les personnalisables et une pl\u00e9thore de fonctionnalit\u00e9s avanc\u00e9es telles que le test A \/ B, la segmentation et l&rsquo;analyse, MailPoet Premium Better WordPress Plugin WordPress vraiment se distingue de ses concurrents. En outre, ce plugin exceptionnel s&rsquo;int\u00e8gre de mani\u00e8re transparente \u00e0 de nombreux services tiers, y compris, mais sans s&rsquo;y limiter, WooCommerce, Gravity Forms et Zapier, garantissant une exp\u00e9rience coh\u00e9sive parfaitement coh\u00e9rente pour les utilisateurs. Arm\u00e9s de Pringin WordPress de courrier \u00e9lectronique MailPoet Better Email, les entreprises peuvent indubitablement suralimenter leurs efforts de marketing par e-mail et captiver efficacement et s&rsquo;engager avec leur public cible convoit\u00e9.<\/p>\n<ul>\n<li>Am\u00e9liore les capacit\u00e9s de marketing par e-mail de votre site Web WordPress<\/li>\n<li>Cr\u00e9er et envoyer de belles newsletters avec facilit\u00e9<\/li>\n<li>Un large \u00e9ventail de mod\u00e8les de newsletter personnalisables \u00e0 choisir<\/li>\n<li>Personnalisez vos e-mails avec des balises de fusion et du contenu dynamique<\/li>\n<li>Envoyer automatiquement les newsletters aux abonn\u00e9s lors de la publication d&rsquo;un nouveau message<\/li>\n<li>G\u00e9rez facilement vos listes de diffusion et vos pr\u00e9f\u00e9rences d&rsquo;abonn\u00e9s<\/li>\n<li>Mesures antipam pour garantir que vos e-mails sont livr\u00e9s dans les bo\u00eetes de r\u00e9ception<\/li>\n<li>Analyse de messagerie d\u00e9taill\u00e9e pour suivre les taux d&rsquo;ouverture, les clics et plus<\/li>\n<li>S&rsquo;int\u00e9gre avec les plugins de formulaire WordPress populaires pour des formulaires d&rsquo;opt-in faciles<\/li>\n<li>La version Premium comprend des fonctionnalit\u00e9s avanc\u00e9es suppl\u00e9mentaires telles que les tests A \/ B et l&rsquo;assistance par e-mail WooCommerce.<\/li>\n<\/ul>\n","protected":false},"excerpt":{"rendered":"<p>MailPoet Premium est un plugin WordPress de courriel tr\u00e8s sophistiqu\u00e9 qui offre aux utilisateurs la possibilit\u00e9 de g\u00e9n\u00e9rer et de r\u00e9partir de mani\u00e8re transparente et de r\u00e9partir visuellement des newsletters de haut niveau ainsi que des e-mails automatis\u00e9s, le tout \u00e0 partir des limites de leur tableau de bord WordPress. En tirant parti de la puissance de MailPoet Premium, les individus peuvent s&rsquo;engager sans effort et se connecter avec leurs abonn\u00e9s, favoriser les relations durables et augmenter consid\u00e9rablement leurs chiffres de vente. B\u00e9n\u00e9ficiant d&rsquo;un \u00e9diteur de glisser-d\u00e9poser intuitif, d&rsquo;une pl\u00e9thore de mod\u00e8les de messagerie pr\u00e9-con\u00e7us, de courriels de bienvenue automatis\u00e9s, de formulaires d&rsquo;abonnement pop-up qui accrochent l&rsquo;attention et d&rsquo;analyse compl\u00e8te pour surveiller vraiment les triomphes de vos campagnes de courrier \u00e9lectronique, le plugin de prime MailPoet vraiment englobe un \u00e9ventail diversifi\u00e9 d&rsquo;\u00e9quipements avanc\u00e9s qui sont sp\u00e9cialement con\u00e7us pour propulser vos efforts de marketing par e-mail \u00e0 des hauteurs sans pr\u00e9c\u00e9dent.<\/p>\n","protected":false},"featured_media":144415,"comment_status":"open","ping_status":"open","template":"","meta":[],"product_brand":[2586],"product_cat":[1207,1181,1186],"product_tag":[1807],"class_list":{"0":"post-112681","1":"product","2":"type-product","3":"status-publish","4":"has-post-thumbnail","6":"product_brand-mailpoet","7":"product_cat-commercialisation-wordpress-plugins","8":"product_cat-plugins","9":"product_cat-wordpress-plugins","10":"product_tag-mailpoet","11":"member-discount","12":"discount-restricted","14":"first","15":"instock","16":"sale","17":"downloadable","18":"virtual","19":"sold-individually","20":"purchasable","21":"product-type-simple"},"_links":{"self":[{"href":"https:\/\/gpl-love.com\/fr\/wp-json\/wp\/v2\/product\/112681","targetHints":{"allow":["GET"]}}],"collection":[{"href":"https:\/\/gpl-love.com\/fr\/wp-json\/wp\/v2\/product"}],"about":[{"href":"https:\/\/gpl-love.com\/fr\/wp-json\/wp\/v2\/types\/product"}],"replies":[{"embeddable":true,"href":"https:\/\/gpl-love.com\/fr\/wp-json\/wp\/v2\/comments?post=112681"}],"wp:featuredmedia":[{"embeddable":true,"href":"https:\/\/gpl-love.com\/fr\/wp-json\/wp\/v2\/media\/144415"}],"wp:attachment":[{"href":"https:\/\/gpl-love.com\/fr\/wp-json\/wp\/v2\/media?parent=112681"}],"wp:term":[{"taxonomy":"product_brand","embeddable":true,"href":"https:\/\/gpl-love.com\/fr\/wp-json\/wp\/v2\/product_brand?post=112681"},{"taxonomy":"product_cat","embeddable":true,"href":"https:\/\/gpl-love.com\/fr\/wp-json\/wp\/v2\/product_cat?post=112681"},{"taxonomy":"product_tag","embeddable":true,"href":"https:\/\/gpl-love.com\/fr\/wp-json\/wp\/v2\/product_tag?post=112681"}],"curies":[{"name":"wp","href":"https:\/\/api.w.org\/{rel}","templated":true}]}}