{"id":112679,"date":"2022-03-23T00:00:00","date_gmt":"2022-03-22T23:00:00","guid":{"rendered":"http:\/\/gpl-love.com\/fr\/produit\/sweet-date-more-than-a-wordpress-dating-theme\/"},"modified":"2026-04-10T18:41:55","modified_gmt":"2026-04-10T16:41:55","slug":"sweet-date-more-than-a-wordpress-dating-theme","status":"publish","type":"product","link":"https:\/\/gpl-love.com\/fr\/produit\/sweet-date-more-than-a-wordpress-dating-theme\/","title":{"rendered":"Sweet Date More than a WordPress Dating Theme 3.7.1"},"content":{"rendered":"<h3>Sweet Date More than a WordPress Dating Theme Traits<\/h3>\n<p>Sweet Date est un th\u00e8me de rencontres WordPress tr\u00e8s recherch\u00e9 qui est sp\u00e9cialement con\u00e7u pour les personnes cherchant \u00e0 \u00e9tablir une plate-forme de rencontres en ligne compl\u00e8te. B\u00e9n\u00e9ficiant d&rsquo;une esth\u00e9tique extr\u00eamement polie et de pointe, Sweet Date offre un vaste \u00e9ventail de fonctionnalit\u00e9s qui facilitent la cr\u00e9ation d&rsquo;un site Web de rencontres adapt\u00e9 aux utilisateurs et captivants. Ind\u00e9pendamment de l&rsquo;intention est de construire un site de rencontres sp\u00e9cialis\u00e9 qui s&rsquo;adresse \u00e0 un cr\u00e9neau particulier ou \u00e0 une plate-forme plus vaste, Sweet Date englobe tous les \u00e9l\u00e9ments indispensables n\u00e9cessaires pour se lancer dans cette entreprise. Des capacit\u00e9s de recherche sophistiqu\u00e9es \u00e0 la capacit\u00e9 de personnaliser les pages de profil, ce th\u00e8me est sans \u00e9quivoque id\u00e9al pour les personnes aspirant \u00e0 construire un site de rencontres triomphant. Par cons\u00e9quent, pour ceux qui recherchent un th\u00e8me de datation WordPress puissant et polyvalent, une date douce appara\u00eet ind\u00e9niablement comme le choix optimal.<\/p>\n<ul>\n<li>Sweet Date est un th\u00e8me WordPress de haute qualit\u00e9 con\u00e7u sp\u00e9cifiquement pour les sites Web de rencontres.<\/li>\n<li>Ce th\u00e8me offre une large gamme de fonctionnalit\u00e9s et de fonctionnalit\u00e9s, ce qui facilite la cr\u00e9ation d&rsquo;un site de rencontres unique et engageant.<\/li>\n<li>Avec Sweet Date, vous pouvez personnaliser l&rsquo;apparence et la disposition de votre site pour correspondre \u00e0 l&rsquo;image de votre marque et attirer votre public cible.<\/li>\n<li>Sweet Date comprend des fonctionnalit\u00e9s de recherche puissantes, permettant aux utilisateurs de rechercher des correspondances bas\u00e9es sur une vari\u00e9t\u00e9 de filtres, y compris l&rsquo;\u00e2ge, l&#8217;emplacement, les int\u00e9r\u00eats, etc.<\/li>\n<li>Ce th\u00e8me propose des fonctionnalit\u00e9s de chat et de messagerie int\u00e9gr\u00e9es, ce qui facilite la communication et les connexions les uns avec les autres.<\/li>\n<li>Sweet Date comprend \u00e9galement des options avanc\u00e9es d&rsquo;adh\u00e9sion et de tarification, vous permettant de mon\u00e9tiser votre site de rencontres et de gagner des revenus des fonctionnalit\u00e9s premium.<\/li>\n<li>Avec une conception r\u00e9active, Sweet Date a fi\u00e8re allure sur n&rsquo;importe quel appareil, en vous assurant que vos utilisateurs peuvent acc\u00e9der \u00e0 votre site de n&rsquo;importe o\u00f9.<\/li>\n<li>De plus, Sweet Date est enti\u00e8rement compatible avec les plugins WordPress populaires, vous donnant la flexibilit\u00e9 pour ajouter encore plus de fonctionnalit\u00e9s \u00e0 votre site de rencontres.<\/li>\n<\/ul>\n","protected":false},"excerpt":{"rendered":"<p>Sweet Date est un th\u00e8me de rencontres WordPress exemplaire et de haute qualit\u00e9 qui offre un \u00e9ventail complet de fonctionnalit\u00e9s et d&rsquo;outils, ce qui le rend le choix ultime pour les personnes cherchant \u00e0 \u00e9tablir un site Web de rencontres enti\u00e8rement fonctionnel. Gr\u00e2ce \u00e0 sa conception esth\u00e9tiquement agr\u00e9able et de pointe, des alternatives de mise en page personnalisables et des fonctionnalit\u00e9s robustes centr\u00e9es sur les rencontres, Sweet Date appara\u00eet comme la solution optimale pour les entrepreneurs visionnaires qui aspirent \u00e0 lancer une plate-forme de rencontres en ligne. Que votre ambition implique la cr\u00e9ation d&rsquo;un site de rencontres sp\u00e9cialis\u00e9 adapt\u00e9 \u00e0 un public cible sp\u00e9cifique ou \u00e0 une large plate-forme de rencontres qui s&rsquo;adresse aux masses, sweet Date, facilite de mani\u00e8re transparente et \u00e9conomique la r\u00e9alisation de votre vision. Par cons\u00e9quent, pourquoi retarder davantage? Initiez votre voyage avec Sweet Date aujourd&rsquo;hui et commencez le processus de connexion en simple \u00e0 travers le monde.<\/p>\n","protected":false},"featured_media":145440,"comment_status":"open","ping_status":"open","template":"","meta":[],"product_brand":[2433],"product_cat":[1516,1212,1213],"product_tag":[1366],"class_list":{"0":"post-112679","1":"product","2":"type-product","3":"status-publish","4":"has-post-thumbnail","6":"product_brand-themeforest","7":"product_cat-entreprise","8":"product_cat-themes","9":"product_cat-wordpress-themes","10":"product_tag-themeforest","11":"member-discount","12":"discount-restricted","14":"first","15":"instock","16":"sale","17":"downloadable","18":"virtual","19":"sold-individually","20":"purchasable","21":"product-type-simple"},"_links":{"self":[{"href":"https:\/\/gpl-love.com\/fr\/wp-json\/wp\/v2\/product\/112679","targetHints":{"allow":["GET"]}}],"collection":[{"href":"https:\/\/gpl-love.com\/fr\/wp-json\/wp\/v2\/product"}],"about":[{"href":"https:\/\/gpl-love.com\/fr\/wp-json\/wp\/v2\/types\/product"}],"replies":[{"embeddable":true,"href":"https:\/\/gpl-love.com\/fr\/wp-json\/wp\/v2\/comments?post=112679"}],"wp:featuredmedia":[{"embeddable":true,"href":"https:\/\/gpl-love.com\/fr\/wp-json\/wp\/v2\/media\/145440"}],"wp:attachment":[{"href":"https:\/\/gpl-love.com\/fr\/wp-json\/wp\/v2\/media?parent=112679"}],"wp:term":[{"taxonomy":"product_brand","embeddable":true,"href":"https:\/\/gpl-love.com\/fr\/wp-json\/wp\/v2\/product_brand?post=112679"},{"taxonomy":"product_cat","embeddable":true,"href":"https:\/\/gpl-love.com\/fr\/wp-json\/wp\/v2\/product_cat?post=112679"},{"taxonomy":"product_tag","embeddable":true,"href":"https:\/\/gpl-love.com\/fr\/wp-json\/wp\/v2\/product_tag?post=112679"}],"curies":[{"name":"wp","href":"https:\/\/api.w.org\/{rel}","templated":true}]}}