{"id":112672,"date":"2021-03-09T00:00:00","date_gmt":"2021-03-08T23:00:00","guid":{"rendered":"http:\/\/gpl-love.com\/fr\/produit\/kable-multipurpose-woocommerce-theme\/"},"modified":"2026-03-20T23:21:18","modified_gmt":"2026-03-20T22:21:18","slug":"kable-multipurpose-woocommerce-theme","status":"publish","type":"product","link":"https:\/\/gpl-love.com\/fr\/produit\/kable-multipurpose-woocommerce-theme\/","title":{"rendered":"Kable Multipurpose WooCommerce Theme 1.5.1"},"content":{"rendered":"<h3>Kable Multipurpose WooCommerce Theme Traits<\/h3>\n<p>Le th\u00e8me de WooCommerce Kable multipurpose est un th\u00e8me extr\u00eamement polyvalent et remarquablement puissant qui a \u00e9t\u00e9 consid\u00e9rablement et sp\u00e9cifiquement con\u00e7u dans le but exclusif de r\u00e9pondre aux besoins des entreprises en ligne. B\u00e9n\u00e9ficiant d&rsquo;un design impeccablement bien rang\u00e9 et exquis, ce th\u00e8me pr\u00e9sente une vaste gamme de fonctionnalit\u00e9s qui sont garanties pour vous aider \u00e0 construire une boutique en ligne exceptionnelle et unique en son genre qui ne captiver pas et saisit votre public cible. Fabriqu\u00e9 au sommet de la plate-forme WooCommerce extr\u00eamement populaire et largement acclam\u00e9e, Kable sans effort et sans couture s&rsquo;int\u00e8gre avec une vaste s\u00e9lection de passerelles de paiement et de m\u00e9thodes d&rsquo;exp\u00e9dition, garantissant une exp\u00e9rience utilisateur sans faille et ininterrompue. Le th\u00e8me lui-m\u00eame est incroyablement mall\u00e9able et peut \u00eatre personnalis\u00e9 sans effort pour r\u00e9pondre \u00e0 vos besoins uniques, avec une pl\u00e9thore de pages et de mod\u00e8les pr\u00e9-con\u00e7us pour vous, ainsi qu&rsquo;un assortiment \u00e9clectique d&rsquo;options de personnalisation pour r\u00e9pondre \u00e0 vos pr\u00e9f\u00e9rences et pr\u00e9f\u00e9rences sp\u00e9cifiques seul. De plus, avec sa conception tr\u00e8s r\u00e9active et ses temps de chargement rapides, le th\u00e8me WooCommerce Kable multipurpose se dresse la t\u00eate et les \u00e9paules au-dessus de la comp\u00e9tition, ce qui en fait le choix par excellence et sans \u00e9quivoque pour tous ceux qui cherchent \u00e0 se lancer dans un voyage en ligne triomphant et prosp\u00e8re.<\/p>\n<ul>\n<li>Design \u00e9l\u00e9gant et moderne qui est parfait pour tout site Web de commerce \u00e9lectronique<\/li>\n<li>Construit sp\u00e9cifiquement pour le plugin WooCommerce populaire<\/li>\n<li>Offre des options de personnalisation illimit\u00e9es via le panneau d&rsquo;options de th\u00e8me puissant<\/li>\n<li>Facile \u00e0 installer et \u00e0 fonctionner en un rien de temps<\/li>\n<li>La conception enti\u00e8rement r\u00e9active et conviviale mobile garantit que votre site Web a fi\u00e8re allure sur n&rsquo;importe quel appareil<\/li>\n<li>Livr\u00e9 avec une vari\u00e9t\u00e9 de mod\u00e8les de pages pr\u00e9d\u00e9finis et personnalisables, notamment la page d&rsquo;accueil, la boutique, les pages de produits, la page de contact et plus<\/li>\n<li>Compatibilit\u00e9 multicangue pour atteindre un public mondial plus large<\/li>\n<li>Optimisation du r\u00e9f\u00e9rencement int\u00e9gr\u00e9 pour aider votre boutique en ligne plus haut dans les r\u00e9sultats des moteurs de recherche<\/li>\n<li>Excellent soutien d&rsquo;une \u00e9quipe exp\u00e9riment\u00e9e et comp\u00e9tente<\/li>\n<li>Une section de blog d\u00e9di\u00e9e pour partager des nouvelles, des mises \u00e0 jour et des promotions importantes.<\/li>\n<\/ul>\n","protected":false},"excerpt":{"rendered":"<p>Le th\u00e8me WooCommerce Kable multipurpose, qui est un th\u00e8me de commerce \u00e9lectronique tr\u00e8s adaptable et robuste qui s&rsquo;adresse aux entreprises de diverses \u00e9chelles, pr\u00e9sente une pl\u00e9thore de choix de mise en page et de configurations de personnalisation pour garantir le caract\u00e8re distinctif de votre marque. Avec son design contemporain et \u00e9pur\u00e9, ce th\u00e8me est \u00e9quip\u00e9 d&rsquo;une disposition r\u00e9active et a \u00e9t\u00e9 optimis\u00e9 pour les moteurs de recherche, vous permettant ainsi d&rsquo;\u00e9tablir une exp\u00e9rience d&rsquo;achat en ligne attrayante et captivante pour vos clients estim\u00e9s. Que vous veniez des biens tangibles, des t\u00e9l\u00e9chargements num\u00e9riques ou des services, ce th\u00e8me fournit des fonctionnalit\u00e9s avanc\u00e9es telles que les filtres de produit, les options de typographie et le support multi-langues, amplifiant ainsi la fonctionnalit\u00e9 et l&rsquo;exp\u00e9rience utilisateur de votre site Web.<\/p>\n","protected":false},"featured_media":144298,"comment_status":"open","ping_status":"open","template":"","meta":[],"product_brand":[2433],"product_cat":[1238,1851,1212],"product_tag":[1366],"class_list":{"0":"post-112672","1":"product","2":"type-product","3":"status-publish","4":"has-post-thumbnail","6":"product_brand-themeforest","7":"product_cat-commerce-electronique-themes","8":"product_cat-entreprise-commerce-electronique-themes","9":"product_cat-themes","10":"product_tag-themeforest","11":"member-discount","12":"discount-restricted","14":"first","15":"instock","16":"sale","17":"downloadable","18":"virtual","19":"sold-individually","20":"purchasable","21":"product-type-simple"},"_links":{"self":[{"href":"https:\/\/gpl-love.com\/fr\/wp-json\/wp\/v2\/product\/112672","targetHints":{"allow":["GET"]}}],"collection":[{"href":"https:\/\/gpl-love.com\/fr\/wp-json\/wp\/v2\/product"}],"about":[{"href":"https:\/\/gpl-love.com\/fr\/wp-json\/wp\/v2\/types\/product"}],"replies":[{"embeddable":true,"href":"https:\/\/gpl-love.com\/fr\/wp-json\/wp\/v2\/comments?post=112672"}],"wp:featuredmedia":[{"embeddable":true,"href":"https:\/\/gpl-love.com\/fr\/wp-json\/wp\/v2\/media\/144298"}],"wp:attachment":[{"href":"https:\/\/gpl-love.com\/fr\/wp-json\/wp\/v2\/media?parent=112672"}],"wp:term":[{"taxonomy":"product_brand","embeddable":true,"href":"https:\/\/gpl-love.com\/fr\/wp-json\/wp\/v2\/product_brand?post=112672"},{"taxonomy":"product_cat","embeddable":true,"href":"https:\/\/gpl-love.com\/fr\/wp-json\/wp\/v2\/product_cat?post=112672"},{"taxonomy":"product_tag","embeddable":true,"href":"https:\/\/gpl-love.com\/fr\/wp-json\/wp\/v2\/product_tag?post=112672"}],"curies":[{"name":"wp","href":"https:\/\/api.w.org\/{rel}","templated":true}]}}