{"id":112670,"date":"2026-02-23T00:00:00","date_gmt":"2026-02-22T23:00:00","guid":{"rendered":"http:\/\/gpl-love.com\/fr\/produit\/admin-menu-editor-pro-wordpress-plugin\/"},"modified":"2026-03-20T22:53:12","modified_gmt":"2026-03-20T21:53:12","slug":"admin-menu-editor-pro-wordpress-plugin","status":"publish","type":"product","link":"https:\/\/gpl-love.com\/fr\/produit\/admin-menu-editor-pro-wordpress-plugin\/","title":{"rendered":"Admin Menu Editor Pro WordPress Plugin 2.32"},"content":{"rendered":"<h3>Admin Menu Editor Pro WordPress Plugin Traits<\/h3>\n<p>Le plugin Admin Menu Editor Pro WordPress est un outil extr\u00eamement puissant qui offre un tableau de fonctionnalit\u00e9s visant \u00e0 adapter le menu Admin WordPress pour r\u00e9pondre sp\u00e9cifiquement \u00e0 vos exigences uniques. Ce plugin exceptionnel vous permet de r\u00e9organiser, de renommer ou m\u00eame de cacher les \u00e9l\u00e9ments de menu, vous offrant ainsi la possibilit\u00e9 de cr\u00e9er une exp\u00e9rience utilisateur efficace et rationalis\u00e9e de mani\u00e8re transparente. De plus, l&rsquo;interface de glisser-d\u00e9poser remarquablement intuitive vous permet de mettre en \u0153uvre sans effort les changements souhait\u00e9s, tout en vous offrant \u00e9galement la possibilit\u00e9 de cr\u00e9er des menus et un sous-menus personnalis\u00e9s. En plus de ces fonctionnalit\u00e9s impressionnantes, Admin Menu Editor Pro offre \u00e9galement la capacit\u00e9 d&rsquo;allouer des r\u00f4les et des autorisations utilisateur, vous permettant par cons\u00e9quent d&rsquo;exercer une autorit\u00e9 absolue sur les personnes qui ont acc\u00e8s \u00e0 certains \u00e9l\u00e9ments de menu. Que vous vous trouviez superviser une \u00e9quipe substantielle ou que vous vous efforcez simplement de rationaliser votre propre flux de travail, ce plugin indispensable constitue sans aucun doute un composant essentiel pour tout site Web WordPress.<\/p>\n<ul>\n<li>Fournit une interface conviviale pour la personnalisation du menu back-end WordPress<\/li>\n<li>Vous permet de contr\u00f4ler qui voit les \u00e9l\u00e9ments de menu en fonction de leur r\u00f4le utilisateur<\/li>\n<li>Prend en charge les fonctionnalit\u00e9s de glisser-d\u00e9poser pour r\u00e9organiser facilement les \u00e9l\u00e9ments de menu<\/li>\n<li>Offre la possibilit\u00e9 de renommer, de masquer ou de supprimer les \u00e9l\u00e9ments du menu<\/li>\n<li>Int\u00e9gre parfaitement avec d&rsquo;autres plugins et th\u00e8mes WordPress<\/li>\n<li>Gagnez du temps en \u00e9liminant le besoin de codage<\/li>\n<li>Augmente la s\u00e9curit\u00e9 du site Web en limitant l&rsquo;acc\u00e8s \u00e0 certains \u00e9l\u00e9ments de menu<\/li>\n<li>Fournit une documentation d\u00e9taill\u00e9e et un excellent support client<\/li>\n<\/ul>\n","protected":false},"excerpt":{"rendered":"<p>Le plugin de l&rsquo;\u00e9diteur d&rsquo;administrateur Pro WordPress est un outil WordPress robuste qui a \u00e9t\u00e9 con\u00e7u pour optimiser et personnaliser votre menu d&rsquo;administration WordPress. Ce plugin WordPress essentiel vous permet de cacher, r\u00e9organiser et renommer les \u00e9l\u00e9ments de menu WordPress, vous permettant ainsi de personnaliser votre menu d&rsquo;administration en fonction de vos besoins individuels.<\/p>\n<p>En rationalisant votre exp\u00e9rience WordPress, il am\u00e9liore non seulement l&rsquo;accessibilit\u00e9 de votre site WordPress, mais favorise \u00e9galement un flux de travail WordPress efficace. L&rsquo;interface WordPress intuitive de l&rsquo;\u00e9diteur de menu d&rsquo;administrateur Pro simplifie encore le processus, en vous assurant de naviguer facilement dans le menu et acc\u00e9der aux fonctionnalit\u00e9s dont vous avez le plus besoin.<\/p>\n<p>L&rsquo;une des fonctionnalit\u00e9s de l&rsquo;\u00e9diteur de menu d&rsquo;administration d&rsquo;administration est sa capacit\u00e9 \u00e0 am\u00e9liorer la productivit\u00e9 WordPress. En vous permettant de g\u00e9rer facilement vos \u00e9l\u00e9ments de menu, cela r\u00e9duit le temps et les efforts n\u00e9cessaires pour naviguer sur votre site, maximisant ainsi l&rsquo;efficacit\u00e9 de votre WordPress.<\/p>\n<p>En substance, l&rsquo;administrateur Menu Editor Pro est un plugin WordPress tr\u00e8s robuste et essentiel qui devrait faire partie de la bo\u00eete \u00e0 outils de chaque utilisateur WordPress. Que vous cherchiez \u00e0 rationaliser votre flux de travail, am\u00e9liorez l&rsquo;accessibilit\u00e9 du site<\/p>\n","protected":false},"featured_media":143035,"comment_status":"open","ping_status":"open","template":"","meta":[],"product_brand":[2443],"product_cat":[1187,1181,1186],"product_tag":[1805],"class_list":{"0":"post-112670","1":"product","2":"type-product","3":"status-publish","4":"has-post-thumbnail","6":"product_brand-admin-menu-editor-pro","7":"product_cat-administration-wordpress-plugins","8":"product_cat-plugins","9":"product_cat-wordpress-plugins","10":"product_tag-admin-menu-editor-pro","11":"member-discount","12":"discount-restricted","14":"first","15":"instock","16":"sale","17":"downloadable","18":"virtual","19":"sold-individually","20":"purchasable","21":"product-type-simple"},"_links":{"self":[{"href":"https:\/\/gpl-love.com\/fr\/wp-json\/wp\/v2\/product\/112670","targetHints":{"allow":["GET"]}}],"collection":[{"href":"https:\/\/gpl-love.com\/fr\/wp-json\/wp\/v2\/product"}],"about":[{"href":"https:\/\/gpl-love.com\/fr\/wp-json\/wp\/v2\/types\/product"}],"replies":[{"embeddable":true,"href":"https:\/\/gpl-love.com\/fr\/wp-json\/wp\/v2\/comments?post=112670"}],"wp:featuredmedia":[{"embeddable":true,"href":"https:\/\/gpl-love.com\/fr\/wp-json\/wp\/v2\/media\/143035"}],"wp:attachment":[{"href":"https:\/\/gpl-love.com\/fr\/wp-json\/wp\/v2\/media?parent=112670"}],"wp:term":[{"taxonomy":"product_brand","embeddable":true,"href":"https:\/\/gpl-love.com\/fr\/wp-json\/wp\/v2\/product_brand?post=112670"},{"taxonomy":"product_cat","embeddable":true,"href":"https:\/\/gpl-love.com\/fr\/wp-json\/wp\/v2\/product_cat?post=112670"},{"taxonomy":"product_tag","embeddable":true,"href":"https:\/\/gpl-love.com\/fr\/wp-json\/wp\/v2\/product_tag?post=112670"}],"curies":[{"name":"wp","href":"https:\/\/api.w.org\/{rel}","templated":true}]}}