{"id":112668,"date":"2023-01-12T00:00:00","date_gmt":"2023-01-11T23:00:00","guid":{"rendered":"http:\/\/gpl-love.com\/fr\/produit\/thegov-municipal-and-government-wordpress-theme\/"},"modified":"2026-04-10T18:42:29","modified_gmt":"2026-04-10T16:42:29","slug":"thegov-municipal-and-government-wordpress-theme","status":"publish","type":"product","link":"https:\/\/gpl-love.com\/fr\/produit\/thegov-municipal-and-government-wordpress-theme\/","title":{"rendered":"TheGov Municipal et Government WordPress Theme 2.0.3"},"content":{"rendered":"<h3>TheGov Municipal et Government WordPress Theme Traits<\/h3>\n<p>Le th\u00e8me WordPress municipal et gouvernemental de GOV offre une r\u00e9solution exceptionnelle pour les sites Web municipaux ou gouvernementaux, r\u00e9pondant \u00e0 leurs besoins sp\u00e9cifiques. Gr\u00e2ce \u00e0 sa conception immacul\u00e9e et sophistiqu\u00e9e, il \u00e9tablit un sentiment de fiabilit\u00e9 et de confiance pour les visiteurs. Dot\u00e9 d&rsquo;une gamme diversifi\u00e9e de mod\u00e8les pr\u00e9-con\u00e7us et de widgets personnalis\u00e9s, il simplifie la t\u00e2che de pr\u00e9senter les services et les informations de votre ville ou ville. De plus, il poss\u00e8de une r\u00e9activit\u00e9 compl\u00e8te et une optimisation des moteurs de recherche, garantissant une apparence visuellement attrayante sur n&rsquo;importe quel appareil et une d\u00e9couverte sans effort sur Internet. Le th\u00e8me WordPress municipal et gouvernemental vous permet de construire un site Web qui est non seulement hautement fonctionnel mais aussi visuellement captivant, permettant une communication efficace avec vos \u00e9lecteurs et favorisant une pr\u00e9sence en ligne solide pour votre communaut\u00e9.<\/p>\n<ul>\n<li>Conception r\u00e9active et adapt\u00e9e aux mobiles pour un acc\u00e8s facile sur tous les appareils<\/li>\n<li>Disposition de page d&rsquo;accueil personnalisable avec fonctionnalit\u00e9 de glisser-d\u00e9poser<\/li>\n<li>Caract\u00e9ristiques int\u00e9gr\u00e9es pour les sites Web du gouvernement, tels que le calendrier des \u00e9v\u00e9nements, la section des nouvelles et les pages du d\u00e9partement<\/li>\n<li>Compatible avec les plugins WordPress populaires, y compris WooCommerce et Contact Form 7<\/li>\n<li>Personnalisation facile avec l&rsquo;utilisation de couleurs et d&rsquo;options de police<\/li>\n<li>Int\u00e9gration avec les plateformes de m\u00e9dias sociaux pour une augmentation de l&rsquo;engagement avec les constituants<\/li>\n<li>Optimisation des moteurs de recherche (SEO) optimis\u00e9 pour une meilleure visibilit\u00e9 du site Web<\/li>\n<li>Mises \u00e0 jour r\u00e9guli\u00e8res et soutien du d\u00e9veloppeur de th\u00e8me<\/li>\n<li>Installation de d\u00e9monstration en un clic pour une configuration facile et un lancement rapide du site Web<\/li>\n<li>Caract\u00e9ristiques d&rsquo;accessibilit\u00e9 pour le respect des directives ADA.<\/li>\n<\/ul>\n","protected":false},"excerpt":{"rendered":"<p>Le th\u00e8me WordPress municipal et gouvernemental du gouvernement se distingue comme une plate-forme extr\u00eamement puissante et polyvalente qui a \u00e9t\u00e9 soigneusement con\u00e7ue pour r\u00e9pondre sp\u00e9cifiquement aux besoins et aux exigences uniques des municipalit\u00e9s, des agences gouvernementales et des organisations civiques. Son interface conviviale s&rsquo;int\u00e8gre parfaitement \u00e0 une gamme de fonctionnalit\u00e9s robustes, ce qui permet aux utilisateurs de cr\u00e9er et de personnaliser sans effort leur propre site Web de qualit\u00e9 professionnelle. Ce th\u00e8me de pointe excelle dans la fourniture de fonctionnalit\u00e9s avanc\u00e9es qui g\u00e8re habilement des ensembles de donn\u00e9es complexes, suit les progr\u00e8s et organise m\u00e9ticuleusement le contenu. Peu importe que vous visiez \u00e0 optimiser vos efforts de sensibilisation, \u00e0 am\u00e9liorer la communication avec vos pr\u00e9tendants ou \u00e0 \u00e9lever votre pr\u00e9sence en ligne, Thegov se pr\u00e9sente comme une solution tout compris qui englobe tout ce qui est essentiel pour atteindre ces objectifs. Par cons\u00e9quent, pourquoi retarder la satisfaction davantage? Prenez la d\u00e9cision audacieuse d&#8217;embrasser Thegov aujourd&rsquo;hui et de vous lancer dans le voyage de construire le site Web que vous avez toujours envisag\u00e9, une manifestation de vos r\u00eaves les plus fous!<\/p>\n","protected":false},"featured_media":145486,"comment_status":"open","ping_status":"open","template":"","meta":[],"product_brand":[2433],"product_cat":[1242,1212,1213],"product_tag":[1366],"class_list":{"0":"post-112668","1":"product","2":"type-product","3":"status-publish","4":"has-post-thumbnail","6":"product_brand-themeforest","7":"product_cat-creatif","8":"product_cat-themes","9":"product_cat-wordpress-themes","10":"product_tag-themeforest","11":"member-discount","12":"discount-restricted","14":"first","15":"instock","16":"sale","17":"downloadable","18":"virtual","19":"sold-individually","20":"purchasable","21":"product-type-simple"},"_links":{"self":[{"href":"https:\/\/gpl-love.com\/fr\/wp-json\/wp\/v2\/product\/112668","targetHints":{"allow":["GET"]}}],"collection":[{"href":"https:\/\/gpl-love.com\/fr\/wp-json\/wp\/v2\/product"}],"about":[{"href":"https:\/\/gpl-love.com\/fr\/wp-json\/wp\/v2\/types\/product"}],"replies":[{"embeddable":true,"href":"https:\/\/gpl-love.com\/fr\/wp-json\/wp\/v2\/comments?post=112668"}],"wp:featuredmedia":[{"embeddable":true,"href":"https:\/\/gpl-love.com\/fr\/wp-json\/wp\/v2\/media\/145486"}],"wp:attachment":[{"href":"https:\/\/gpl-love.com\/fr\/wp-json\/wp\/v2\/media?parent=112668"}],"wp:term":[{"taxonomy":"product_brand","embeddable":true,"href":"https:\/\/gpl-love.com\/fr\/wp-json\/wp\/v2\/product_brand?post=112668"},{"taxonomy":"product_cat","embeddable":true,"href":"https:\/\/gpl-love.com\/fr\/wp-json\/wp\/v2\/product_cat?post=112668"},{"taxonomy":"product_tag","embeddable":true,"href":"https:\/\/gpl-love.com\/fr\/wp-json\/wp\/v2\/product_tag?post=112668"}],"curies":[{"name":"wp","href":"https:\/\/api.w.org\/{rel}","templated":true}]}}