{"id":112666,"date":"2022-04-03T00:00:00","date_gmt":"2022-04-02T22:00:00","guid":{"rendered":"http:\/\/gpl-love.com\/fr\/produit\/medizin-medical-elementor-woocommerce-theme\/"},"modified":"2026-03-20T23:24:20","modified_gmt":"2026-03-20T22:24:20","slug":"medizin-medical-elementor-woocommerce-theme","status":"publish","type":"product","link":"https:\/\/gpl-love.com\/fr\/produit\/medizin-medical-elementor-woocommerce-theme\/","title":{"rendered":"Medizin Medical Elementor WooCommerce Theme 1.4.0"},"content":{"rendered":"<h3>Medizin Medical Elementor WooCommerce Theme Traits<\/h3>\n<p>Le th\u00e8me WooCommerce Medical Elementor Medical Elementor, un outil incroyablement complet et puissant, a \u00e9t\u00e9 sp\u00e9cifiquement con\u00e7u pour r\u00e9pondre aux exigences des entreprises de soins de sant\u00e9 et des professionnels de la sant\u00e9 qui recherchent un moyen efficace et professionnel d&rsquo;\u00e9tablir leur pr\u00e9sence en ligne. B\u00e9n\u00e9ficiant d&rsquo;une pl\u00e9thore de caract\u00e9ristiques, ce th\u00e8me est apte \u00e0 satisfaire les besoins des m\u00e9decins, des cliniques et des h\u00f4pitaux. Gr\u00e2ce \u00e0 l&rsquo;inclusion du constructeur de pages Elementor convivial, la personnalisation de votre site Web est un jeu d&rsquo;enfant, m\u00eame si vous ne poss\u00e9dez aucune connaissance de codage. En vous int\u00e9grant de mani\u00e8re transparente \u00e0 WooCommerce, ce th\u00e8me vous offre les moyens de vendre sans effort vos produits et services via votre site Web. De plus, la conception enti\u00e8rement r\u00e9active du th\u00e8me garantit que votre site Web brillera sur n&rsquo;importe quel appareil. Arm\u00e9 du th\u00e8me M\u00e9dizin Medical Elementor WooCommerce, vous pouvez cr\u00e9er en toute confiance un site Web qui respire le professionnalisme et est optimis\u00e9 pour la convivialit\u00e9, vous distinguant efficacement de la concurrence au sein de l&rsquo;industrie des soins de sant\u00e9 farouchement comp\u00e9titive.<\/p>\n<ul>\n<li>Design moderne et \u00e9l\u00e9gant sp\u00e9cifiquement con\u00e7u pour les sites Web m\u00e9dicaux<\/li>\n<li>Compatible avec le constructeur de page Elementor populaire pour une personnalisation facile<\/li>\n<li>Construit sur la plate-forme WooCommerce de confiance pour la fonctionnalit\u00e9 de commerce \u00e9lectronique transparent<\/li>\n<li>Disposition enti\u00e8rement r\u00e9active et adapt\u00e9e aux mobiles pour une exp\u00e9rience utilisateur optimale sur tous les appareils<\/li>\n<li>Comprend des mod\u00e8les pr\u00e9d\u00e9finis pour diverses sp\u00e9cialit\u00e9s et services m\u00e9dicaux<\/li>\n<li>Documentation compl\u00e8te et \u00e9quipe de support d\u00e9di\u00e9e \u00e0 l&rsquo;aide et au d\u00e9pannage<\/li>\n<li>Int\u00e9gration avec la planification populaire de rendez-vous et les plugins de gestion des patients<\/li>\n<li>SEO optimis\u00e9 pour une visibilit\u00e9 accrue dans les moteurs de recherche<\/li>\n<li>Un chargement fiable et rapide pour am\u00e9liorer les performances du site Web<\/li>\n<li>Option pour la traduction multilingue pour atteindre un public plus large.<\/li>\n<\/ul>\n","protected":false},"excerpt":{"rendered":"<p>Le th\u00e8me WooCommerce Medical Elementor Medical Elementor est une plate-forme de commerce \u00e9lectronique tr\u00e8s robuste et multiforme sp\u00e9cialement organis\u00e9e pour les m\u00e9decins et les organisations de soins de sant\u00e9. B\u00e9n\u00e9ficiant d&rsquo;un design \u00e9l\u00e9gant et contemporain, ce th\u00e8me offre une interface intuitive qui permet aux utilisateurs d&rsquo;\u00e9tablir et d&rsquo;adapter sans effort leurs magasins en ligne, quelle que soit leur expertise de codage ou leur absence. Que votre objectif r\u00e9side dans la vente de fournitures m\u00e9dicales, d&rsquo;\u00e9quipement de sant\u00e9 ou de produits pharmaceutiques, le th\u00e8me de la M\u00e9dizin Medical Elementor WooCommerce pr\u00e9sente une solution id\u00e9ale pour pr\u00e9senter efficacement votre marque et augmenter votre pr\u00e9sence num\u00e9rique. Arm\u00e9 de fonctionnalit\u00e9s avanc\u00e9es telles que la conception r\u00e9active, le support linguistique \u00e9tendu et les capacit\u00e9s de personnalisation transparentes, ce th\u00e8me propulse votre entreprise m\u00e9dicale \u00e0 la pointe de l&rsquo;innovation et assure un avantage concurrentiel sur des rivaux. \u00c9levez l&rsquo;apparence et l&rsquo;aura de votre site Web \u00e0 celle qui respire le professionnalisme, inculquant la confiance et la confiance dans votre public estim\u00e9, gracieuset\u00e9 du th\u00e8me de la M\u00e9dizin Medical Elementor WooCommerce.<\/p>\n","protected":false},"featured_media":144495,"comment_status":"open","ping_status":"open","template":"","meta":[],"product_brand":[2433],"product_cat":[1238,1851,1212],"product_tag":[1366],"class_list":{"0":"post-112666","1":"product","2":"type-product","3":"status-publish","4":"has-post-thumbnail","6":"product_brand-themeforest","7":"product_cat-commerce-electronique-themes","8":"product_cat-entreprise-commerce-electronique-themes","9":"product_cat-themes","10":"product_tag-themeforest","11":"member-discount","12":"discount-restricted","14":"first","15":"instock","16":"sale","17":"downloadable","18":"virtual","19":"sold-individually","20":"purchasable","21":"product-type-simple"},"_links":{"self":[{"href":"https:\/\/gpl-love.com\/fr\/wp-json\/wp\/v2\/product\/112666","targetHints":{"allow":["GET"]}}],"collection":[{"href":"https:\/\/gpl-love.com\/fr\/wp-json\/wp\/v2\/product"}],"about":[{"href":"https:\/\/gpl-love.com\/fr\/wp-json\/wp\/v2\/types\/product"}],"replies":[{"embeddable":true,"href":"https:\/\/gpl-love.com\/fr\/wp-json\/wp\/v2\/comments?post=112666"}],"wp:featuredmedia":[{"embeddable":true,"href":"https:\/\/gpl-love.com\/fr\/wp-json\/wp\/v2\/media\/144495"}],"wp:attachment":[{"href":"https:\/\/gpl-love.com\/fr\/wp-json\/wp\/v2\/media?parent=112666"}],"wp:term":[{"taxonomy":"product_brand","embeddable":true,"href":"https:\/\/gpl-love.com\/fr\/wp-json\/wp\/v2\/product_brand?post=112666"},{"taxonomy":"product_cat","embeddable":true,"href":"https:\/\/gpl-love.com\/fr\/wp-json\/wp\/v2\/product_cat?post=112666"},{"taxonomy":"product_tag","embeddable":true,"href":"https:\/\/gpl-love.com\/fr\/wp-json\/wp\/v2\/product_tag?post=112666"}],"curies":[{"name":"wp","href":"https:\/\/api.w.org\/{rel}","templated":true}]}}