{"id":112664,"date":"2025-12-25T00:00:00","date_gmt":"2025-12-24T23:00:00","guid":{"rendered":"http:\/\/gpl-love.com\/fr\/produit\/wp-ulike-pro-wordpress-leading-marketing-plugin\/"},"modified":"2026-03-20T23:50:59","modified_gmt":"2026-03-20T22:50:59","slug":"wp-ulike-pro-wordpress-leading-marketing-plugin","status":"publish","type":"product","link":"https:\/\/gpl-love.com\/fr\/produit\/wp-ulike-pro-wordpress-leading-marketing-plugin\/","title":{"rendered":"WP ULike Pro WordPress Leading Marketing Plugin 2.0.0"},"content":{"rendered":"<h3>WP ULike Pro WordPress Leading Marketing Plugin Traits<\/h3>\n<p>WP Ulike Pro, un plugin de marketing WordPress de pointe, propose une gamme de fonctionnalit\u00e9s in\u00e9gal\u00e9e con\u00e7ue pour favoriser des interactions significatives entre vous et votre public. En incorporant un syst\u00e8me de gr\u00e9, de partage et de notation de pointe dans votre site Web, ce plugin vous permet de captiver efficacement vos visiteurs. De plus, les options de personnalisation compl\u00e8tes de WP Ulike Pro vous permettent de fa\u00e7onner une exp\u00e9rience utilisateur individualis\u00e9e qui \u00e9l\u00e8ve la visibilit\u00e9 de votre site Web \u00e0 des hauteurs sans pr\u00e9c\u00e9dent. Notamment, ce plugin pr\u00e9\u00e9minent poss\u00e8de une interface remarquablement conviviale et une disposition intuitivement con\u00e7ue, ce qui le rend accessible aux particuliers de toutes les aptitudes techniques, m\u00eame celles qui manquent d&rsquo;exp\u00e9rience ant\u00e9rieure. Gr\u00e2ce \u00e0 l&rsquo;utilisation de WP Ulike Pro, vous pouvez m\u00e9ticuleusement \u00e9valuer les mesures de performance de votre site Web, suivre m\u00e9ticuleusement l&rsquo;activit\u00e9 des utilisateurs et surveiller de mani\u00e8re transparente le niveau d&rsquo;engagement en temps r\u00e9el. Arm\u00e9 de ces informations inestimables, vous pouvez prendre en toute confiance des d\u00e9cisions bas\u00e9es sur les donn\u00e9es pour optimiser votre pr\u00e9sence en ligne. Essentiellement, WP Ulike Pro sert de solution par excellence pour les aspirants entrepreneurs et les marques \u00e9tablies, offrant les moyens d&rsquo;\u00e9largir leur sensibilisation, de g\u00e9n\u00e9rer une augmentation de la circulation et de fortifier leur empreinte num\u00e9rique.<\/p>\n<ul>\n<li>Augmenter l&rsquo;engagement des utilisateurs sur votre site WordPress avec WP Ulike Pro<\/li>\n<li>Obtenez des analyses compl\u00e8tes qui vous montrent quelles pages et publications obtiennent le plus de likes, de vues, de commentaires et de partages<\/li>\n<li>Les mod\u00e8les et styles personnalisables vous permettent de concevoir les boutons parfaits comme et partagent pour votre site<\/li>\n<li>La mise en cache avanc\u00e9e et l&rsquo;optimisation des performances garantissent des performances lisses et rapides m\u00eame \u00e0 mesure que votre site augmente<\/li>\n<li>Int\u00e9grez facilement aux plateformes de m\u00e9dias sociaux populaires comme Facebook, Twitter et Pinterest pour augmenter votre port\u00e9e et votre engagement<\/li>\n<li>La protection anti-spam emp\u00eache les bot et les faux likes de d\u00e9former vos analyses ou de r\u00e9duire vos mesures d&rsquo;engagement<\/li>\n<li>Intregate de mani\u00e8re transparente avec d&rsquo;autres plugins WordPress populaires pour des fonctionnalit\u00e9s de marketing et d&rsquo;engagement encore plus puissantes<\/li>\n<li>Des options de raccourcis et de widget robustes vous permettent de placer des boutons comme et partager n&rsquo;importe o\u00f9 sur votre site pour une exposition et un engagement maximum<\/li>\n<li>Compatible avec une large gamme de th\u00e8mes et configurations WordPress, ce qui facilite l&rsquo;ajout de WP Ulike Pro \u00e0 votre site existant.<\/li>\n<\/ul>\n","protected":false},"excerpt":{"rendered":"<p>Le plugin WP Ulike Pro est un outil de marketing exceptionnel sp\u00e9cialement con\u00e7u pour WordPress. Son objectif principal est d&rsquo;am\u00e9liorer l&rsquo;engagement des utilisateurs et d&rsquo;augmenter les conversions pour les propri\u00e9taires de sites Web. Ceci est accompli en accordant aux utilisateurs la possibilit\u00e9 d&rsquo;exprimer leur pr\u00e9f\u00e9rence ou leur d\u00e9dain envers les publications, les commentaires et diverses autres formes de contenu. En outre, WP Ulike Pro offre une multitude d&rsquo;options de personnalisation, garantissant qu&rsquo;il s&rsquo;int\u00e8gre de mani\u00e8re transparente avec et s&rsquo;aligne sur l&rsquo;image de marque et le style uniques de tout site Web donn\u00e9. En plus de ces fonctionnalit\u00e9s, ce plugin poss\u00e8de \u00e9galement l&rsquo;int\u00e9gration des m\u00e9dias sociaux, l&rsquo;analyse du tableau de bord et les interfaces conviviales pour les administrateurs et les utilisateurs. Par cons\u00e9quent, que vous op\u00e9rez un magasin de commerce \u00e9lectronique ou un blog, l&rsquo;indispensabilit\u00e9 de WP Ulike Pro en tant qu&rsquo;outil pour \u00e9lever votre pr\u00e9sence en ligne ne peut pas \u00eatre surestim\u00e9e.<\/p>\n","protected":false},"featured_media":146228,"comment_status":"open","ping_status":"open","template":"","meta":[],"product_brand":[2738],"product_cat":[1207,1181,1186],"product_tag":[1803],"class_list":{"0":"post-112664","1":"product","2":"type-product","3":"status-publish","4":"has-post-thumbnail","6":"product_brand-technowich","7":"product_cat-commercialisation-wordpress-plugins","8":"product_cat-plugins","9":"product_cat-wordpress-plugins","10":"product_tag-technowich","11":"member-discount","12":"discount-restricted","14":"first","15":"instock","16":"sale","17":"downloadable","18":"virtual","19":"sold-individually","20":"purchasable","21":"product-type-simple"},"_links":{"self":[{"href":"https:\/\/gpl-love.com\/fr\/wp-json\/wp\/v2\/product\/112664","targetHints":{"allow":["GET"]}}],"collection":[{"href":"https:\/\/gpl-love.com\/fr\/wp-json\/wp\/v2\/product"}],"about":[{"href":"https:\/\/gpl-love.com\/fr\/wp-json\/wp\/v2\/types\/product"}],"replies":[{"embeddable":true,"href":"https:\/\/gpl-love.com\/fr\/wp-json\/wp\/v2\/comments?post=112664"}],"wp:featuredmedia":[{"embeddable":true,"href":"https:\/\/gpl-love.com\/fr\/wp-json\/wp\/v2\/media\/146228"}],"wp:attachment":[{"href":"https:\/\/gpl-love.com\/fr\/wp-json\/wp\/v2\/media?parent=112664"}],"wp:term":[{"taxonomy":"product_brand","embeddable":true,"href":"https:\/\/gpl-love.com\/fr\/wp-json\/wp\/v2\/product_brand?post=112664"},{"taxonomy":"product_cat","embeddable":true,"href":"https:\/\/gpl-love.com\/fr\/wp-json\/wp\/v2\/product_cat?post=112664"},{"taxonomy":"product_tag","embeddable":true,"href":"https:\/\/gpl-love.com\/fr\/wp-json\/wp\/v2\/product_tag?post=112664"}],"curies":[{"name":"wp","href":"https:\/\/api.w.org\/{rel}","templated":true}]}}