{"id":112662,"date":"2024-07-05T00:00:00","date_gmt":"2024-07-04T22:00:00","guid":{"rendered":"http:\/\/gpl-love.com\/fr\/produit\/ultra-wordpress-admin-theme-wordpress-plugin\/"},"modified":"2026-04-10T18:44:20","modified_gmt":"2026-04-10T16:44:20","slug":"ultra-wordpress-admin-theme-wordpress-plugin","status":"publish","type":"product","link":"https:\/\/gpl-love.com\/fr\/produit\/ultra-wordpress-admin-theme-wordpress-plugin\/","title":{"rendered":"Ultra WordPress Admin Th\u00e8me WordPress Plugin 11.7"},"content":{"rendered":"<h3>Ultra WordPress Admin Th\u00e8me WordPress Plugin Traits<\/h3>\n<p>Le plugin WordPress du th\u00e8me Admin Ultra WordPress, avec sa pl\u00e9thore d&rsquo;options personnalisables, sert d&rsquo;instrument robuste visant \u00e0 \u00e9lever l&rsquo;interface utilisateur et l&rsquo;exp\u00e9rience utilisateur des pages d&rsquo;administration WordPress. En exploitant sa puissance, les utilisateurs peuvent infliger sans effort une apparence distinctive et polie pour leur tableau de bord WordPress. Embrassant un design \u00e9l\u00e9gant et une disposition contemporaine, le plugin de th\u00e8me d&rsquo;administration Ultra WordPress transforme de mani\u00e8re transparente les pages d&rsquo;administration banales en une interface extr\u00eamement intuitive et conviviale. De plus, ce plugin poss\u00e8de une gamme de fonctionnalit\u00e9s avantageuses, y compris la fourniture de pages de connexion sur mesure, la mise en \u0153uvre d&rsquo;ic\u00f4nes de menu personnalis\u00e9es et la possibilit\u00e9 d&rsquo;aligner les sch\u00e9mas de couleurs avec sa marque. Par cons\u00e9quent, ce plugin appara\u00eet comme la solution par excellence pour les d\u00e9veloppeurs Web et les utilisateurs de WordPress cherchant \u00e0 augmenter la fonctionnalit\u00e9 de leur tableau de bord WordPress.<\/p>\n<ul>\n<li>Th\u00e8me admin WordPress enti\u00e8rement personnalisable<\/li>\n<li>Design \u00e9l\u00e9gant et moderne avec des sch\u00e9mas de couleurs personnalisables<\/li>\n<li>Syst\u00e8me de navigation et de menu rationalis\u00e9s pour les t\u00e2ches d&rsquo;administration faciles<\/li>\n<li>Fonctionnalit\u00e9 de recherche avanc\u00e9e pour un acc\u00e8s rapide au contenu et aux param\u00e8tres<\/li>\n<li>Widgets de tableau de bord personnalisables pour les informations et analyses en un coup<\/li>\n<li>Page Builder int\u00e9gr\u00e9 pour une personnalisation facile de l&rsquo;administrateur WordPress<\/li>\n<li>Conception sensible au mobile pour un acc\u00e8s facile sur n&rsquo;importe quel appareil<\/li>\n<li>Compatibilit\u00e9 compl\u00e8te avec les plugins et th\u00e8mes WordPress populaires<\/li>\n<li>Installation et configuration en un clic pour une impl\u00e9mentation facile<\/li>\n<li>Mises \u00e0 jour r\u00e9guli\u00e8res et nouvelles fonctionnalit\u00e9s pour l&rsquo;am\u00e9lioration et l&rsquo;am\u00e9lioration continue.<\/li>\n<\/ul>\n","protected":false},"excerpt":{"rendered":"<p>Le plugin WordPress th\u00e8me Ultra WordPress Admin est un outil remarquablement puissant et riche en fonctionnalit\u00e9s qui a \u00e9t\u00e9 sp\u00e9cialement con\u00e7u pour am\u00e9liorer et \u00e9lever votre panneau d&rsquo;administration WordPress \u00e0 de nouveaux sommets de l&rsquo;attrait esth\u00e9tique. Avec son interface impeccablement \u00e9l\u00e9gante et visuellement adapt\u00e9e \u00e0 ses fonctionnalit\u00e9s incroyablement conviviales, ce plugin vous offre l&rsquo;occasion unique pour adapter et personnaliser sans effort votre tableau de bord WordPress pour s&rsquo;aligner parfaitement avec vos pr\u00e9f\u00e9rences et exigences sp\u00e9cifiques. Non seulement ce plugin extraordinaire est \u00e9quip\u00e9 d&rsquo;une s\u00e9lection vaste et vari\u00e9e de skins pr\u00e9-construites, mais il poss\u00e8de \u00e9galement un cueilleur de couleurs incroyablement puissant, vous permettant de infuser sans effort et sans couture \u00e0 votre tableau de bord de votre marque distinctive. En outre, ce plugin exceptionnel offre \u00e9galement un niveau in\u00e9gal\u00e9 de personnalisation avanc\u00e9e, vous accordant le pouvoir d&rsquo;incorporer votre propre CSS et JavaScript personnalis\u00e9s, tout en vous offrant une interface utilisateur de glisser-d\u00e9poser tr\u00e8s intuitive, vous offrant ainsi la libert\u00e9 de R\u00e9organisez et r\u00e9organisez sans effort vos \u00e9l\u00e9ments de menu avec la plus grande facilit\u00e9 et l&rsquo;efficacit\u00e9. Si vous vous retrouvez \u00e0 aspirer \u00e0 une transformation exquise et tendance pour votre tableau de bord WordPress, qui am\u00e9liore non seulement son apparence ext\u00e9rieure, mais augmente \u00e9galement consid\u00e9rablement sa fonctionnalit\u00e9 et sa convivialit\u00e9 globales, alors le plugin WordPress de th\u00e8me d&rsquo;administration Ultra WordPress est un ajout essentiel absolu \u00e0 votre bo\u00eete \u00e0 outils .<\/p>\n","protected":false},"featured_media":145652,"comment_status":"open","ping_status":"open","template":"","meta":[],"product_brand":[2433],"product_cat":[1242,1212,1213],"product_tag":[1366],"class_list":{"0":"post-112662","1":"product","2":"type-product","3":"status-publish","4":"has-post-thumbnail","6":"product_brand-themeforest","7":"product_cat-creatif","8":"product_cat-themes","9":"product_cat-wordpress-themes","10":"product_tag-themeforest","11":"member-discount","12":"discount-restricted","14":"first","15":"instock","16":"sale","17":"downloadable","18":"virtual","19":"sold-individually","20":"purchasable","21":"product-type-simple"},"_links":{"self":[{"href":"https:\/\/gpl-love.com\/fr\/wp-json\/wp\/v2\/product\/112662","targetHints":{"allow":["GET"]}}],"collection":[{"href":"https:\/\/gpl-love.com\/fr\/wp-json\/wp\/v2\/product"}],"about":[{"href":"https:\/\/gpl-love.com\/fr\/wp-json\/wp\/v2\/types\/product"}],"replies":[{"embeddable":true,"href":"https:\/\/gpl-love.com\/fr\/wp-json\/wp\/v2\/comments?post=112662"}],"wp:featuredmedia":[{"embeddable":true,"href":"https:\/\/gpl-love.com\/fr\/wp-json\/wp\/v2\/media\/145652"}],"wp:attachment":[{"href":"https:\/\/gpl-love.com\/fr\/wp-json\/wp\/v2\/media?parent=112662"}],"wp:term":[{"taxonomy":"product_brand","embeddable":true,"href":"https:\/\/gpl-love.com\/fr\/wp-json\/wp\/v2\/product_brand?post=112662"},{"taxonomy":"product_cat","embeddable":true,"href":"https:\/\/gpl-love.com\/fr\/wp-json\/wp\/v2\/product_cat?post=112662"},{"taxonomy":"product_tag","embeddable":true,"href":"https:\/\/gpl-love.com\/fr\/wp-json\/wp\/v2\/product_tag?post=112662"}],"curies":[{"name":"wp","href":"https:\/\/api.w.org\/{rel}","templated":true}]}}