{"id":112658,"date":"2021-03-09T00:00:00","date_gmt":"2021-03-08T23:00:00","guid":{"rendered":"http:\/\/gpl-love.com\/fr\/produit\/auros-furniture-elementor-woocommerce-theme\/"},"modified":"2026-03-20T22:55:13","modified_gmt":"2026-03-20T21:55:13","slug":"auros-furniture-elementor-woocommerce-theme","status":"publish","type":"product","link":"https:\/\/gpl-love.com\/fr\/produit\/auros-furniture-elementor-woocommerce-theme\/","title":{"rendered":"Auros Furniture Elementor WooCommerce Theme 1.9.0"},"content":{"rendered":"<h3>Auros Furniture Elementor WooCommerce Theme Traits<\/h3>\n<p>Le th\u00e8me WooCommerce des meubles Auros, un produit de qualit\u00e9 sup\u00e9rieure, a \u00e9t\u00e9 m\u00e9ticuleusement con\u00e7u pour r\u00e9pondre sp\u00e9cifiquement aux exigences des magasins de meubles en ligne. Ce th\u00e8me hautement polyvalent s&rsquo;int\u00e8gre de mani\u00e8re transparente \u00e0 WooCommerce, rationalisant ainsi le processus pour que les propri\u00e9taires de magasins en ligne g\u00e8rent efficacement leur vaste gamme de produits, d&rsquo;inventaire et de ventes. Distingu\u00e9 par son utilisation de Elementor, un constructeur de pages renomm\u00e9 et largement acclam\u00e9, le th\u00e8me des meubles Auros autorise les utilisateurs \u00e0 fa\u00e7onner sans effort des pages de produits personnalis\u00e9es, des pages d&rsquo;accueil et des pages de destination. Pour assurer une exp\u00e9rience utilisateur optimale, ce th\u00e8me affiche une conception r\u00e9active, garantissant que votre site Web d\u00e9gage une allure visuellement attrayante sur tous les appareils. De plus, les meubles Auros englobent un vaste assortiment de mod\u00e8les pr\u00e9-con\u00e7us, vous permettant de donner rapidement vie \u00e0 un site Web visuellement captivant et hautement fonctionnel qui laissera sans aucun doute une impression durable. Avec le th\u00e8me des meubles Auros \u00e0 votre disposition, vous pouvez pr\u00e9senter sans effort votre gamme diversifi\u00e9e de produits de meubles d&rsquo;une mani\u00e8re qui capture sans effort l&rsquo;attention et incite efficacement plus de clients \u00e0 fr\u00e9quenter votre boutique en ligne estim\u00e9e.<\/p>\n<ul>\n<li>Auros Furniture est un th\u00e8me WooCommerce \u00e9l\u00e9mentaire moderne et \u00e9l\u00e9gant con\u00e7u pour les magasins de meubles et les entreprises en ligne.<\/li>\n<li>Le th\u00e8me est enti\u00e8rement personnalisable et dispose d&rsquo;une interface conviviale, ce qui permet \u00e0 quiconque de cr\u00e9er un site Web d&rsquo;aspect professionnel.<\/li>\n<li>Les meubles Auros sont compatibles avec le constructeur de pages Elementor populaire, vous permettant de cr\u00e9er de superbes mises en page de pages sans aucune connaissance de codage.<\/li>\n<li>Le th\u00e8me comprend une vari\u00e9t\u00e9 de mod\u00e8les de pages pr\u00e9d\u00e9finis, y compris des dispositions de page d&rsquo;accueil, des dispositions de magasins et des pages de produits, pour vous aider \u00e0 d\u00e9marrer rapidement.<\/li>\n<li>Les meubles Auros sont \u00e9galement optimis\u00e9s pour le r\u00e9f\u00e9rencement, garantissant que votre site Web se classe bien dans les r\u00e9sultats du moteur de recherche et attire plus de trafic vers votre site.<\/li>\n<li>Le th\u00e8me est construit sur les derni\u00e8res technologies Web, ce qui le rend rapide, r\u00e9actif et compatible avec tous les navigateurs et appareils modernes.<\/li>\n<li>Auros Furniture est livr\u00e9 avec une gamme de fonctionnalit\u00e9s et de plugins, y compris le plugin WooCommerce pour la fonctionnalit\u00e9 de commerce \u00e9lectronique, le curseur de r\u00e9volution pour de superbes diaporamas anim\u00e9s et le formulaire de contact 7 pour une cr\u00e9ation de forme facile.<\/li>\n<li>Le th\u00e8me est pr\u00eat pour la traduction et prend en charge plusieurs langues, ce qui le rend id\u00e9al pour les entreprises op\u00e9rant dans plusieurs pays.<\/li>\n<li>Auros Furniture propose une documentation compl\u00e8te et un support d\u00e9di\u00e9 pour vous aider \u00e0 tirer le meilleur parti de votre site Web.<\/li>\n<\/ul>\n","protected":false},"excerpt":{"rendered":"<p>D\u00e9couvrez la modernit\u00e9 et l&rsquo;\u00e9l\u00e9gance avec le th\u00e8me Auros Furniture Elementor WooCommerce. Ce th\u00e8me offre un design \u00e9l\u00e9gant et une interface conviviale id\u00e9ale pour votre boutique de meubles en ligne. Stimulez vos ventes avec notre th\u00e8me r\u00e9actif et optimis\u00e9 par moteur de recherche, en vous assurant que vos produits brillent sur n&rsquo;importe quel appareil et sont facilement d\u00e9couvrables. Auros propose une int\u00e9gration WooCommerce, vous permettant de vendre sans effort des produits directement sur votre site. Non seulement cela, avec Elementor Page Builder, la personnalisation de votre site Web devient une t\u00e2che amusante et cr\u00e9ative. Vous pouvez facilement modifier la disposition, les couleurs et le contenu en fonction de votre marque, sans aucune connaissance de codage. Le th\u00e8me comprend \u00e9galement une gamme de mod\u00e8les pr\u00e9-con\u00e7us, ce qui vous fait gagner du temps et des efforts sur la conception. Profitez de la facilit\u00e9 de l&rsquo;installation en un clic et du support client complet. Transformez votre boutique en ligne avec le th\u00e8me Auros Furniture Elementor WooCommerce.<\/p>\n","protected":false},"featured_media":143169,"comment_status":"open","ping_status":"open","template":"","meta":[],"product_brand":[2433],"product_cat":[1238,1851,1212],"product_tag":[1366],"class_list":{"0":"post-112658","1":"product","2":"type-product","3":"status-publish","4":"has-post-thumbnail","6":"product_brand-themeforest","7":"product_cat-commerce-electronique-themes","8":"product_cat-entreprise-commerce-electronique-themes","9":"product_cat-themes","10":"product_tag-themeforest","11":"member-discount","12":"discount-restricted","14":"first","15":"instock","16":"sale","17":"downloadable","18":"virtual","19":"sold-individually","20":"purchasable","21":"product-type-simple"},"_links":{"self":[{"href":"https:\/\/gpl-love.com\/fr\/wp-json\/wp\/v2\/product\/112658","targetHints":{"allow":["GET"]}}],"collection":[{"href":"https:\/\/gpl-love.com\/fr\/wp-json\/wp\/v2\/product"}],"about":[{"href":"https:\/\/gpl-love.com\/fr\/wp-json\/wp\/v2\/types\/product"}],"replies":[{"embeddable":true,"href":"https:\/\/gpl-love.com\/fr\/wp-json\/wp\/v2\/comments?post=112658"}],"wp:featuredmedia":[{"embeddable":true,"href":"https:\/\/gpl-love.com\/fr\/wp-json\/wp\/v2\/media\/143169"}],"wp:attachment":[{"href":"https:\/\/gpl-love.com\/fr\/wp-json\/wp\/v2\/media?parent=112658"}],"wp:term":[{"taxonomy":"product_brand","embeddable":true,"href":"https:\/\/gpl-love.com\/fr\/wp-json\/wp\/v2\/product_brand?post=112658"},{"taxonomy":"product_cat","embeddable":true,"href":"https:\/\/gpl-love.com\/fr\/wp-json\/wp\/v2\/product_cat?post=112658"},{"taxonomy":"product_tag","embeddable":true,"href":"https:\/\/gpl-love.com\/fr\/wp-json\/wp\/v2\/product_tag?post=112658"}],"curies":[{"name":"wp","href":"https:\/\/api.w.org\/{rel}","templated":true}]}}