{"id":112656,"date":"2024-02-12T00:00:00","date_gmt":"2024-02-11T23:00:00","guid":{"rendered":"http:\/\/gpl-love.com\/fr\/produit\/legacy-white-label-wordpress-admin-theme\/"},"modified":"2026-03-20T23:22:20","modified_gmt":"2026-03-20T22:22:20","slug":"legacy-white-label-wordpress-admin-theme","status":"publish","type":"product","link":"https:\/\/gpl-love.com\/fr\/produit\/legacy-white-label-wordpress-admin-theme\/","title":{"rendered":"Legacy White label WordPress Admin Theme 9.6"},"content":{"rendered":"<h3>Legacy White label WordPress Admin Theme Traits<\/h3>\n<p>Le th\u00e8me admin WordPress de LEGACY White Label, poss\u00e9dant un assortiment d&rsquo;attributs, est un th\u00e8me administrateur WordPress tr\u00e8s adaptable et convivial, avec un design esth\u00e9tique et contemporain. Ce th\u00e8me est ing\u00e9nieusement con\u00e7u pour simplifier le processus d&rsquo;adaptation du tableau de bord WordPress et du panneau d&rsquo;administration pour s&rsquo;aligner parfaitement sur son identit\u00e9 de marque, ce qui en fait un choix id\u00e9al pour les propri\u00e9taires de sites Web et les d\u00e9veloppeurs. Offrant une pl\u00e9thore d&rsquo;options de personnalisation, englobant la capacit\u00e9 d&rsquo;incorporer son propre logo, de modifier la palette de couleurs et de modifier la disposition, le th\u00e8me d&rsquo;administration WordPress de l&rsquo;\u00e9tiquette blanche h\u00e9rit\u00e9e est parfaitement adapt\u00e9 aux entreprises et aux particuliers d\u00e9sireux d&rsquo;\u00e9tablir une pr\u00e9sence en ligne professionnelle et harmonieuse . Notamment, ce th\u00e8me est m\u00e9ticuleusement optimis\u00e9 pour assurer une vitesse et des performances optimales, garantissant ainsi le fonctionnement transparent et efficace de votre site Web. Essentiellement, le th\u00e8me Admin WordPress Label White Label Legacy est une s\u00e9lection in\u00e9gal\u00e9e pour ceux qui cherchent \u00e0 \u00e9lever leur exp\u00e9rience administrative WordPress et \u00e0 cultiver une esth\u00e9tique raffin\u00e9e et polie pour leur site Web.<\/p>\n<ul>\n<li>Conception d&rsquo;interface utilisateur propre et moderne<\/li>\n<li>Parfait pour les propri\u00e9taires de sites Web avec une approche de marque h\u00e9rit\u00e9e<\/li>\n<li>Options de personnalisation faciles pour les couleurs, le logo et les ic\u00f4nes<\/li>\n<li>Compatible avec les plugins WordPress populaires<\/li>\n<li>Exp\u00e9rience utilisateur am\u00e9lior\u00e9e pour une publication de contenu efficace<\/li>\n<li>Optimis\u00e9 pour des performances rapides et r\u00e9actives<\/li>\n<li>Documentation et soutien compl\u00e8tes<\/li>\n<li>Fonctionne parfaitement avec les derni\u00e8res versions WordPress<\/li>\n<li>Support multilingue pour les utilisateurs non anglophones<\/li>\n<li>Mises \u00e0 jour \u00e0 vie et correctifs de bugs gratuits<\/li>\n<\/ul>\n","protected":false},"excerpt":{"rendered":"<p>Le th\u00e8me d&rsquo;administration WordPress LEGACY White Label est une solution extr\u00eamement sophistiqu\u00e9e et exceptionnellement raffin\u00e9e qui permet aux utilisateurs de personnaliser sans effort le tableau de bord d&rsquo;administration WordPress avec une finesse in\u00e9gal\u00e9e. B\u00e9n\u00e9ficiant d&rsquo;une conception immacul\u00e9e et de pointe, ce th\u00e8me vous accorde la capacit\u00e9 in\u00e9gal\u00e9e \u00e0 personnaliser et \u00e0 adapter les couleurs, les logos et les \u00e9l\u00e9ments de marque pour s&rsquo;harmoniser de mani\u00e8re transparente avec votre entreprise ou votre marque distinctive. Cet outil remarquablement robuste est le choix par excellence pour les d\u00e9veloppeurs et les agences Web qui aspirent \u00e0 offrir une exp\u00e9rience in\u00e9gal\u00e9e et sur mesure \u00e0 leur client\u00e8le estim\u00e9e. Facilitant de mani\u00e8re transparente un processus d&rsquo;installation sans tracas et pr\u00e9sentant un \u00e9ventail de fonctionnalit\u00e9s conviviales, le th\u00e8me d&rsquo;administration WordPress de l&rsquo;\u00e9tiquette blanche h\u00e9rit\u00e9e est sans \u00e9quivoque pour am\u00e9liorer sans effort l&rsquo;attrait esth\u00e9tique et optimiser la ma\u00eetrise globale de votre site WordPress.<\/p>\n","protected":false},"featured_media":144367,"comment_status":"open","ping_status":"open","template":"","meta":[],"product_brand":[2433],"product_cat":[1242,1212,1213],"product_tag":[1366],"class_list":{"0":"post-112656","1":"product","2":"type-product","3":"status-publish","4":"has-post-thumbnail","6":"product_brand-themeforest","7":"product_cat-creatif","8":"product_cat-themes","9":"product_cat-wordpress-themes","10":"product_tag-themeforest","11":"member-discount","12":"discount-restricted","14":"first","15":"instock","16":"sale","17":"downloadable","18":"virtual","19":"sold-individually","20":"purchasable","21":"product-type-simple"},"_links":{"self":[{"href":"https:\/\/gpl-love.com\/fr\/wp-json\/wp\/v2\/product\/112656","targetHints":{"allow":["GET"]}}],"collection":[{"href":"https:\/\/gpl-love.com\/fr\/wp-json\/wp\/v2\/product"}],"about":[{"href":"https:\/\/gpl-love.com\/fr\/wp-json\/wp\/v2\/types\/product"}],"replies":[{"embeddable":true,"href":"https:\/\/gpl-love.com\/fr\/wp-json\/wp\/v2\/comments?post=112656"}],"wp:featuredmedia":[{"embeddable":true,"href":"https:\/\/gpl-love.com\/fr\/wp-json\/wp\/v2\/media\/144367"}],"wp:attachment":[{"href":"https:\/\/gpl-love.com\/fr\/wp-json\/wp\/v2\/media?parent=112656"}],"wp:term":[{"taxonomy":"product_brand","embeddable":true,"href":"https:\/\/gpl-love.com\/fr\/wp-json\/wp\/v2\/product_brand?post=112656"},{"taxonomy":"product_cat","embeddable":true,"href":"https:\/\/gpl-love.com\/fr\/wp-json\/wp\/v2\/product_cat?post=112656"},{"taxonomy":"product_tag","embeddable":true,"href":"https:\/\/gpl-love.com\/fr\/wp-json\/wp\/v2\/product_tag?post=112656"}],"curies":[{"name":"wp","href":"https:\/\/api.w.org\/{rel}","templated":true}]}}