{"id":112652,"date":"2022-02-23T00:00:00","date_gmt":"2022-02-22T23:00:00","guid":{"rendered":"http:\/\/gpl-love.com\/fr\/produit\/qik-saas-startup-wordpress-theme\/"},"modified":"2026-04-10T18:37:32","modified_gmt":"2026-04-10T16:37:32","slug":"qik-saas-startup-wordpress-theme","status":"publish","type":"product","link":"https:\/\/gpl-love.com\/fr\/produit\/qik-saas-startup-wordpress-theme\/","title":{"rendered":"Qik SaaS Startup WordPress Theme 1.0.3"},"content":{"rendered":"<h3>Qik SaaS Startup WordPress Theme Traits<\/h3>\n<p>Le th\u00e8me WordPress de startup de Qik SaaS s&rsquo;av\u00e8re \u00eatre un outil exceptionnel qui r\u00e9pond aux besoins des personnes qui souhaitent \u00e9tablir un site Web impeccable pour leur entreprise en herbe. Ce th\u00e8me remarquable poss\u00e8de un design \u00e9l\u00e9gant, contemporain et pleinement r\u00e9actif, le rendant tr\u00e8s adapt\u00e9 pour pr\u00e9senter efficacement les diff\u00e9rents produits et services que vous offrez. L&rsquo;une de ses principales forces r\u00e9side dans son constructeur de glisser-d\u00e9poser, ce qui vous permet de personnaliser sans effort votre site Web m\u00eame en l&rsquo;absence de connaissances complexes de codage. En outre, le th\u00e8me WordPress de startup QIK SaaS englobe un tableau de fonctionnalit\u00e9s robustes, y compris l&rsquo;optimisation de l&rsquo;optimisation des moteurs de recherche, l&rsquo;int\u00e9gration transparente avec les polices Google et un niveau de support client in\u00e9gal\u00e9. Ainsi, que vous poss\u00e9diez une vaste exp\u00e9rience en tant qu&rsquo;entrepreneur ou que vous vous lanciez simplement dans votre parcours entrepreneurial, le th\u00e8me WordPress startup de Qik SaaS est sans \u00e9quivoque le choix id\u00e9al pour vous.<\/p>\n<ul>\n<li>Le th\u00e8me WordPress startup de Qik SaaS est un th\u00e8me professionnel et moderne con\u00e7u pour les entreprises de l&rsquo;industrie du logiciel en tant que service (SaaS)<\/li>\n<li>Le th\u00e8me comprend plusieurs options de page d&rsquo;accueil et de d\u00e9monstration, permettant aux entreprises de choisir un design qui correspond le mieux \u00e0 sa marque et \u00e0 leur message<\/li>\n<li>Le th\u00e8me WordPress startup de Qik SaaS est enti\u00e8rement r\u00e9actif et adapt\u00e9 aux mobiles, garantissant que les sites Web sont superbes sur n&rsquo;importe quelle taille ou appareil d&rsquo;\u00e9cran<\/li>\n<li>Le th\u00e8me comprend de nombreuses options de personnalisation, permettant aux entreprises de modifier les couleurs, les polices, les dispositions et plus encore pour correspondre \u00e0 leur identit\u00e9 de marque<\/li>\n<li>Le th\u00e8me WordPress startup Qik SaaS est construit avec un code propre, garantissant des temps de chargement rapide et des performances optimales du site Web<\/li>\n<li>Le th\u00e8me est compatible avec de nombreux plugins WordPress populaires, y compris WooCommerce, le formulaire de contact 7, et plus<\/li>\n<li>Le th\u00e8me WordPress startup Qik SaaS comprend le soutien premium des d\u00e9veloppeurs de th\u00e8me, garantir que les entreprises re\u00e7oivent une assistance rapide et professionnelle chaque fois que vous avez besoin<\/li>\n<\/ul>\n","protected":false},"excerpt":{"rendered":"<p>Permettez-nous de vous pr\u00e9senter le th\u00e8me WordPress startup QIK SAAS remarquable, une solution in\u00e9gal\u00e9e adapt\u00e9e sp\u00e9cifiquement aux personnes entreprenantes cherchant \u00e0 inaugurer leur propre entreprise en ligne. B\u00e9n\u00e9ficiant d&rsquo;un design de pointe et poli, ce th\u00e8me est pleinement sensible \u00e0 tout appareil technologique. Avec ses capacit\u00e9s de personnalisation robustes, forge sans effort un site Web sans pr\u00e9c\u00e9dent qui se distingue sans effort du march\u00e9 satur\u00e9. Son interface intuitivement navigable facilite la gestion transparente de votre contenu, garantissant que votre site Web reste toujours \u00e0 jour. Le th\u00e8me WordPress de startup QIK SaaS est \u00e9quip\u00e9 d&rsquo;une suite compl\u00e8te de fonctionnalit\u00e9s indispensables pour le fonctionnement efficace d&rsquo;une entreprise en ligne, englobant l&rsquo;int\u00e9gration transparente avec diverses plateformes de m\u00e9dias sociaux, les fonctionnalit\u00e9s d&rsquo;analyse inn\u00e9e, ainsi qu&rsquo;une optimisation des moteurs de recherche. Pr\u00e9parez-vous \u00e0 planer \u00e0 des hauteurs de r\u00e9ussite sans pr\u00e9c\u00e9dent, gracieuset\u00e9 du th\u00e8me WordPress startup de Qik SaaS.<\/p>\n","protected":false},"featured_media":145058,"comment_status":"open","ping_status":"open","template":"","meta":[],"product_brand":[2433],"product_cat":[1516,1212,1213],"product_tag":[1366],"class_list":{"0":"post-112652","1":"product","2":"type-product","3":"status-publish","4":"has-post-thumbnail","6":"product_brand-themeforest","7":"product_cat-entreprise","8":"product_cat-themes","9":"product_cat-wordpress-themes","10":"product_tag-themeforest","11":"member-discount","12":"discount-restricted","14":"first","15":"instock","16":"sale","17":"downloadable","18":"virtual","19":"sold-individually","20":"purchasable","21":"product-type-simple"},"_links":{"self":[{"href":"https:\/\/gpl-love.com\/fr\/wp-json\/wp\/v2\/product\/112652","targetHints":{"allow":["GET"]}}],"collection":[{"href":"https:\/\/gpl-love.com\/fr\/wp-json\/wp\/v2\/product"}],"about":[{"href":"https:\/\/gpl-love.com\/fr\/wp-json\/wp\/v2\/types\/product"}],"replies":[{"embeddable":true,"href":"https:\/\/gpl-love.com\/fr\/wp-json\/wp\/v2\/comments?post=112652"}],"wp:featuredmedia":[{"embeddable":true,"href":"https:\/\/gpl-love.com\/fr\/wp-json\/wp\/v2\/media\/145058"}],"wp:attachment":[{"href":"https:\/\/gpl-love.com\/fr\/wp-json\/wp\/v2\/media?parent=112652"}],"wp:term":[{"taxonomy":"product_brand","embeddable":true,"href":"https:\/\/gpl-love.com\/fr\/wp-json\/wp\/v2\/product_brand?post=112652"},{"taxonomy":"product_cat","embeddable":true,"href":"https:\/\/gpl-love.com\/fr\/wp-json\/wp\/v2\/product_cat?post=112652"},{"taxonomy":"product_tag","embeddable":true,"href":"https:\/\/gpl-love.com\/fr\/wp-json\/wp\/v2\/product_tag?post=112652"}],"curies":[{"name":"wp","href":"https:\/\/api.w.org\/{rel}","templated":true}]}}